{"id":1082,"date":"2023-05-05T17:27:08","date_gmt":"2023-05-05T17:27:08","guid":{"rendered":"https:\/\/showcase.westerlike.net\/LogiStore\/?page_id=1082"},"modified":"2023-11-17T14:14:25","modified_gmt":"2023-11-17T14:14:25","slug":"about-us","status":"publish","type":"page","link":"https:\/\/showcase.westerlike.net\/LogiStore\/en\/about-us\/","title":{"rendered":"About us"},"content":{"rendered":"","protected":false},"excerpt":{"rendered":"","protected":false},"author":1,"featured_media":0,"parent":0,"menu_order":0,"comment_status":"closed","ping_status":"closed","template":"","meta":[],"acf":[],"yoast_head":"<!-- This site is optimized with the Yoast SEO plugin v20.7 - https:\/\/yoast.com\/wordpress\/plugins\/seo\/ -->\n<title>About us - Logi-Store Kft. t\u00e1rol\u00e1stechnika, \u00e1llv\u00e1nyredszer, Mecalux partner<\/title>\n<meta name=\"robots\" content=\"noindex, follow, max-snippet:-1, max-image-preview:large, max-video-preview:-1\" \/>\n<meta property=\"og:locale\" content=\"en_US\" \/>\n<meta property=\"og:type\" content=\"article\" \/>\n<meta property=\"og:title\" content=\"About us - Logi-Store Kft. t\u00e1rol\u00e1stechnika, \u00e1llv\u00e1nyredszer, Mecalux partner\" \/>\n<meta property=\"og:url\" content=\"https:\/\/showcase.westerlike.net\/LogiStore\/en\/about-us\/\" \/>\n<meta property=\"og:site_name\" content=\"Logi-Store Kft. t\u00e1rol\u00e1stechnika, \u00e1llv\u00e1nyredszer, Mecalux partner\" \/>\n<meta property=\"article:modified_time\" content=\"2023-11-17T14:14:25+00:00\" \/>\n<meta name=\"twitter:card\" content=\"summary_large_image\" \/>\n<script type=\"application\/ld+json\" class=\"yoast-schema-graph\">{\"@context\":\"https:\/\/schema.org\",\"@graph\":[{\"@type\":\"WebPage\",\"@id\":\"https:\/\/showcase.westerlike.net\/LogiStore\/en\/about-us\/\",\"url\":\"https:\/\/showcase.westerlike.net\/LogiStore\/en\/about-us\/\",\"name\":\"About us - Logi-Store Kft. t\u00e1rol\u00e1stechnika, \u00e1llv\u00e1nyredszer, Mecalux partner\",\"isPartOf\":{\"@id\":\"https:\/\/showcase.westerlike.net\/LogiStore\/#website\"},\"datePublished\":\"2023-05-05T17:27:08+00:00\",\"dateModified\":\"2023-11-17T14:14:25+00:00\",\"breadcrumb\":{\"@id\":\"https:\/\/showcase.westerlike.net\/LogiStore\/en\/about-us\/#breadcrumb\"},\"inLanguage\":\"en-US\",\"potentialAction\":[{\"@type\":\"ReadAction\",\"target\":[\"https:\/\/showcase.westerlike.net\/LogiStore\/en\/about-us\/\"]}]},{\"@type\":\"BreadcrumbList\",\"@id\":\"https:\/\/showcase.westerlike.net\/LogiStore\/en\/about-us\/#breadcrumb\",\"itemListElement\":[{\"@type\":\"ListItem\",\"position\":1,\"name\":\"F\u0151oldal\",\"item\":\"https:\/\/showcase.westerlike.net\/LogiStore\/en\/fooldal\/\"},{\"@type\":\"ListItem\",\"position\":2,\"name\":\"About us\"}]},{\"@type\":\"WebSite\",\"@id\":\"https:\/\/showcase.westerlike.net\/LogiStore\/#website\",\"url\":\"https:\/\/showcase.westerlike.net\/LogiStore\/\",\"name\":\"Logi-Store Kft. t\u00e1rol\u00e1stechnika, \u00e1llv\u00e1nyredszer, Mecalux partner\",\"description\":\"\",\"potentialAction\":[{\"@type\":\"SearchAction\",\"target\":{\"@type\":\"EntryPoint\",\"urlTemplate\":\"https:\/\/showcase.westerlike.net\/LogiStore\/?s={search_term_string}\"},\"query-input\":\"required name=search_term_string\"}],\"inLanguage\":\"en-US\"}]}<\/script>\n<!-- \/ Yoast SEO plugin. -->","yoast_head_json":{"title":"About us - Logi-Store Kft. t\u00e1rol\u00e1stechnika, \u00e1llv\u00e1nyredszer, Mecalux partner","robots":{"index":"noindex","follow":"follow","max-snippet":"max-snippet:-1","max-image-preview":"max-image-preview:large","max-video-preview":"max-video-preview:-1"},"og_locale":"en_US","og_type":"article","og_title":"About us - Logi-Store Kft. t\u00e1rol\u00e1stechnika, \u00e1llv\u00e1nyredszer, Mecalux partner","og_url":"https:\/\/showcase.westerlike.net\/LogiStore\/en\/about-us\/","og_site_name":"Logi-Store Kft. t\u00e1rol\u00e1stechnika, \u00e1llv\u00e1nyredszer, Mecalux partner","article_modified_time":"2023-11-17T14:14:25+00:00","twitter_card":"summary_large_image","schema":{"@context":"https:\/\/schema.org","@graph":[{"@type":"WebPage","@id":"https:\/\/showcase.westerlike.net\/LogiStore\/en\/about-us\/","url":"https:\/\/showcase.westerlike.net\/LogiStore\/en\/about-us\/","name":"About us - Logi-Store Kft. t\u00e1rol\u00e1stechnika, \u00e1llv\u00e1nyredszer, Mecalux partner","isPartOf":{"@id":"https:\/\/showcase.westerlike.net\/LogiStore\/#website"},"datePublished":"2023-05-05T17:27:08+00:00","dateModified":"2023-11-17T14:14:25+00:00","breadcrumb":{"@id":"https:\/\/showcase.westerlike.net\/LogiStore\/en\/about-us\/#breadcrumb"},"inLanguage":"en-US","potentialAction":[{"@type":"ReadAction","target":["https:\/\/showcase.westerlike.net\/LogiStore\/en\/about-us\/"]}]},{"@type":"BreadcrumbList","@id":"https:\/\/showcase.westerlike.net\/LogiStore\/en\/about-us\/#breadcrumb","itemListElement":[{"@type":"ListItem","position":1,"name":"F\u0151oldal","item":"https:\/\/showcase.westerlike.net\/LogiStore\/en\/fooldal\/"},{"@type":"ListItem","position":2,"name":"About us"}]},{"@type":"WebSite","@id":"https:\/\/showcase.westerlike.net\/LogiStore\/#website","url":"https:\/\/showcase.westerlike.net\/LogiStore\/","name":"Logi-Store Kft. t\u00e1rol\u00e1stechnika, \u00e1llv\u00e1nyredszer, Mecalux partner","description":"","potentialAction":[{"@type":"SearchAction","target":{"@type":"EntryPoint","urlTemplate":"https:\/\/showcase.westerlike.net\/LogiStore\/?s={search_term_string}"},"query-input":"required name=search_term_string"}],"inLanguage":"en-US"}]}},"_links":{"self":[{"href":"https:\/\/showcase.westerlike.net\/LogiStore\/en\/wp-json\/wp\/v2\/pages\/1082"}],"collection":[{"href":"https:\/\/showcase.westerlike.net\/LogiStore\/en\/wp-json\/wp\/v2\/pages"}],"about":[{"href":"https:\/\/showcase.westerlike.net\/LogiStore\/en\/wp-json\/wp\/v2\/types\/page"}],"author":[{"embeddable":true,"href":"https:\/\/showcase.westerlike.net\/LogiStore\/en\/wp-json\/wp\/v2\/users\/1"}],"replies":[{"embeddable":true,"href":"https:\/\/showcase.westerlike.net\/LogiStore\/en\/wp-json\/wp\/v2\/comments?post=1082"}],"version-history":[{"count":7,"href":"https:\/\/showcase.westerlike.net\/LogiStore\/en\/wp-json\/wp\/v2\/pages\/1082\/revisions"}],"predecessor-version":[{"id":4065,"href":"https:\/\/showcase.westerlike.net\/LogiStore\/en\/wp-json\/wp\/v2\/pages\/1082\/revisions\/4065"}],"wp:attachment":[{"href":"https:\/\/showcase.westerlike.net\/LogiStore\/en\/wp-json\/wp\/v2\/media?parent=1082"}],"curies":[{"name":"wp","href":"https:\/\/api.w.org\/{rel}","templated":true}]}}