{"id":3594,"date":"2023-08-22T09:59:04","date_gmt":"2023-08-22T09:59:04","guid":{"rendered":"https:\/\/showcase.westerlike.net\/LogiStore\/plastic-and-metal-boxes-and-containers\/szallitoladak\/"},"modified":"2023-12-01T13:54:16","modified_gmt":"2023-12-01T13:54:16","slug":"transport-boxes","status":"publish","type":"page","link":"https:\/\/showcase.westerlike.net\/LogiStore\/en\/plastic-and-metal-boxes-and-containers\/transport-boxes\/","title":{"rendered":"Transport boxes"},"content":{"rendered":"","protected":false},"excerpt":{"rendered":"","protected":false},"author":1,"featured_media":1844,"parent":3361,"menu_order":0,"comment_status":"closed","ping_status":"closed","template":"","meta":[],"acf":[],"yoast_head":"<!-- This site is optimized with the Yoast SEO plugin v20.7 - https:\/\/yoast.com\/wordpress\/plugins\/seo\/ -->\n<title>Transport boxes - Logi-Store Kft. t\u00e1rol\u00e1stechnika, \u00e1llv\u00e1nyredszer, Mecalux partner<\/title>\n<meta name=\"robots\" content=\"noindex, follow, max-snippet:-1, max-image-preview:large, max-video-preview:-1\" \/>\n<meta property=\"og:locale\" content=\"en_US\" \/>\n<meta property=\"og:type\" content=\"article\" \/>\n<meta property=\"og:title\" content=\"Transport boxes - Logi-Store Kft. t\u00e1rol\u00e1stechnika, \u00e1llv\u00e1nyredszer, Mecalux partner\" \/>\n<meta property=\"og:url\" content=\"https:\/\/showcase.westerlike.net\/LogiStore\/en\/plastic-and-metal-boxes-and-containers\/transport-boxes\/\" \/>\n<meta property=\"og:site_name\" content=\"Logi-Store Kft. t\u00e1rol\u00e1stechnika, \u00e1llv\u00e1nyredszer, Mecalux partner\" \/>\n<meta property=\"article:modified_time\" content=\"2023-12-01T13:54:16+00:00\" \/>\n<meta property=\"og:image\" content=\"https:\/\/showcase.westerlike.net\/LogiStore\/wp-content\/uploads\/2023\/08\/Nevtelen-terv-6-1-1.png\" \/>\n\t<meta property=\"og:image:width\" content=\"1000\" \/>\n\t<meta property=\"og:image:height\" content=\"600\" \/>\n\t<meta property=\"og:image:type\" content=\"image\/png\" \/>\n<meta name=\"twitter:card\" content=\"summary_large_image\" \/>\n<script type=\"application\/ld+json\" class=\"yoast-schema-graph\">{\"@context\":\"https:\/\/schema.org\",\"@graph\":[{\"@type\":\"WebPage\",\"@id\":\"https:\/\/showcase.westerlike.net\/LogiStore\/en\/plastic-and-metal-boxes-and-containers\/transport-boxes\/\",\"url\":\"https:\/\/showcase.westerlike.net\/LogiStore\/en\/plastic-and-metal-boxes-and-containers\/transport-boxes\/\",\"name\":\"Transport boxes - Logi-Store Kft. t\u00e1rol\u00e1stechnika, \u00e1llv\u00e1nyredszer, Mecalux partner\",\"isPartOf\":{\"@id\":\"https:\/\/showcase.westerlike.net\/LogiStore\/#website\"},\"datePublished\":\"2023-08-22T09:59:04+00:00\",\"dateModified\":\"2023-12-01T13:54:16+00:00\",\"breadcrumb\":{\"@id\":\"https:\/\/showcase.westerlike.net\/LogiStore\/en\/plastic-and-metal-boxes-and-containers\/transport-boxes\/#breadcrumb\"},\"inLanguage\":\"en-US\",\"potentialAction\":[{\"@type\":\"ReadAction\",\"target\":[\"https:\/\/showcase.westerlike.net\/LogiStore\/en\/plastic-and-metal-boxes-and-containers\/transport-boxes\/\"]}]},{\"@type\":\"BreadcrumbList\",\"@id\":\"https:\/\/showcase.westerlike.net\/LogiStore\/en\/plastic-and-metal-boxes-and-containers\/transport-boxes\/#breadcrumb\",\"itemListElement\":[{\"@type\":\"ListItem\",\"position\":1,\"name\":\"F\u0151oldal\",\"item\":\"https:\/\/showcase.westerlike.net\/LogiStore\/en\/fooldal\/\"},{\"@type\":\"ListItem\",\"position\":2,\"name\":\"Plastic and metal boxes and containers\",\"item\":\"https:\/\/showcase.westerlike.net\/LogiStore\/en\/plastic-and-metal-boxes-and-containers\/\"},{\"@type\":\"ListItem\",\"position\":3,\"name\":\"Transport boxes\"}]},{\"@type\":\"WebSite\",\"@id\":\"https:\/\/showcase.westerlike.net\/LogiStore\/#website\",\"url\":\"https:\/\/showcase.westerlike.net\/LogiStore\/\",\"name\":\"Logi-Store Kft. t\u00e1rol\u00e1stechnika, \u00e1llv\u00e1nyredszer, Mecalux partner\",\"description\":\"\",\"potentialAction\":[{\"@type\":\"SearchAction\",\"target\":{\"@type\":\"EntryPoint\",\"urlTemplate\":\"https:\/\/showcase.westerlike.net\/LogiStore\/?s={search_term_string}\"},\"query-input\":\"required name=search_term_string\"}],\"inLanguage\":\"en-US\"}]}<\/script>\n<!-- \/ Yoast SEO plugin. -->","yoast_head_json":{"title":"Transport boxes - Logi-Store Kft. t\u00e1rol\u00e1stechnika, \u00e1llv\u00e1nyredszer, Mecalux partner","robots":{"index":"noindex","follow":"follow","max-snippet":"max-snippet:-1","max-image-preview":"max-image-preview:large","max-video-preview":"max-video-preview:-1"},"og_locale":"en_US","og_type":"article","og_title":"Transport boxes - Logi-Store Kft. t\u00e1rol\u00e1stechnika, \u00e1llv\u00e1nyredszer, Mecalux partner","og_url":"https:\/\/showcase.westerlike.net\/LogiStore\/en\/plastic-and-metal-boxes-and-containers\/transport-boxes\/","og_site_name":"Logi-Store Kft. t\u00e1rol\u00e1stechnika, \u00e1llv\u00e1nyredszer, Mecalux partner","article_modified_time":"2023-12-01T13:54:16+00:00","og_image":[{"width":1000,"height":600,"url":"https:\/\/showcase.westerlike.net\/LogiStore\/wp-content\/uploads\/2023\/08\/Nevtelen-terv-6-1-1.png","type":"image\/png"}],"twitter_card":"summary_large_image","schema":{"@context":"https:\/\/schema.org","@graph":[{"@type":"WebPage","@id":"https:\/\/showcase.westerlike.net\/LogiStore\/en\/plastic-and-metal-boxes-and-containers\/transport-boxes\/","url":"https:\/\/showcase.westerlike.net\/LogiStore\/en\/plastic-and-metal-boxes-and-containers\/transport-boxes\/","name":"Transport boxes - Logi-Store Kft. t\u00e1rol\u00e1stechnika, \u00e1llv\u00e1nyredszer, Mecalux partner","isPartOf":{"@id":"https:\/\/showcase.westerlike.net\/LogiStore\/#website"},"datePublished":"2023-08-22T09:59:04+00:00","dateModified":"2023-12-01T13:54:16+00:00","breadcrumb":{"@id":"https:\/\/showcase.westerlike.net\/LogiStore\/en\/plastic-and-metal-boxes-and-containers\/transport-boxes\/#breadcrumb"},"inLanguage":"en-US","potentialAction":[{"@type":"ReadAction","target":["https:\/\/showcase.westerlike.net\/LogiStore\/en\/plastic-and-metal-boxes-and-containers\/transport-boxes\/"]}]},{"@type":"BreadcrumbList","@id":"https:\/\/showcase.westerlike.net\/LogiStore\/en\/plastic-and-metal-boxes-and-containers\/transport-boxes\/#breadcrumb","itemListElement":[{"@type":"ListItem","position":1,"name":"F\u0151oldal","item":"https:\/\/showcase.westerlike.net\/LogiStore\/en\/fooldal\/"},{"@type":"ListItem","position":2,"name":"Plastic and metal boxes and containers","item":"https:\/\/showcase.westerlike.net\/LogiStore\/en\/plastic-and-metal-boxes-and-containers\/"},{"@type":"ListItem","position":3,"name":"Transport boxes"}]},{"@type":"WebSite","@id":"https:\/\/showcase.westerlike.net\/LogiStore\/#website","url":"https:\/\/showcase.westerlike.net\/LogiStore\/","name":"Logi-Store Kft. t\u00e1rol\u00e1stechnika, \u00e1llv\u00e1nyredszer, Mecalux partner","description":"","potentialAction":[{"@type":"SearchAction","target":{"@type":"EntryPoint","urlTemplate":"https:\/\/showcase.westerlike.net\/LogiStore\/?s={search_term_string}"},"query-input":"required name=search_term_string"}],"inLanguage":"en-US"}]}},"_links":{"self":[{"href":"https:\/\/showcase.westerlike.net\/LogiStore\/en\/wp-json\/wp\/v2\/pages\/3594"}],"collection":[{"href":"https:\/\/showcase.westerlike.net\/LogiStore\/en\/wp-json\/wp\/v2\/pages"}],"about":[{"href":"https:\/\/showcase.westerlike.net\/LogiStore\/en\/wp-json\/wp\/v2\/types\/page"}],"author":[{"embeddable":true,"href":"https:\/\/showcase.westerlike.net\/LogiStore\/en\/wp-json\/wp\/v2\/users\/1"}],"replies":[{"embeddable":true,"href":"https:\/\/showcase.westerlike.net\/LogiStore\/en\/wp-json\/wp\/v2\/comments?post=3594"}],"version-history":[{"count":7,"href":"https:\/\/showcase.westerlike.net\/LogiStore\/en\/wp-json\/wp\/v2\/pages\/3594\/revisions"}],"predecessor-version":[{"id":4166,"href":"https:\/\/showcase.westerlike.net\/LogiStore\/en\/wp-json\/wp\/v2\/pages\/3594\/revisions\/4166"}],"up":[{"embeddable":true,"href":"https:\/\/showcase.westerlike.net\/LogiStore\/en\/wp-json\/wp\/v2\/pages\/3361"}],"wp:featuredmedia":[{"embeddable":true,"href":"https:\/\/showcase.westerlike.net\/LogiStore\/en\/wp-json\/wp\/v2\/media\/1844"}],"wp:attachment":[{"href":"https:\/\/showcase.westerlike.net\/LogiStore\/en\/wp-json\/wp\/v2\/media?parent=3594"}],"curies":[{"name":"wp","href":"https:\/\/api.w.org\/{rel}","templated":true}]}}