{"id":3825,"date":"2023-08-31T09:24:53","date_gmt":"2023-08-31T09:24:53","guid":{"rendered":"https:\/\/showcase.westerlike.net\/LogiStore\/racking-systems\/pallet-racking\/mobilalvazas-raklapos-allvanyzat\/"},"modified":"2023-11-17T08:44:06","modified_gmt":"2023-11-17T08:44:06","slug":"mobile-pallet-racking","status":"publish","type":"page","link":"https:\/\/showcase.westerlike.net\/LogiStore\/en\/racking-systems\/pallet-racking\/mobile-pallet-racking\/","title":{"rendered":"Mobile Pallet Racking"},"content":{"rendered":"","protected":false},"excerpt":{"rendered":"","protected":false},"author":1,"featured_media":2596,"parent":2109,"menu_order":0,"comment_status":"closed","ping_status":"closed","template":"","meta":[],"acf":[],"yoast_head":"<!-- This site is optimized with the Yoast SEO plugin v20.7 - https:\/\/yoast.com\/wordpress\/plugins\/seo\/ -->\n<title>Mobile Pallet Racking - Logi-Store Kft. t\u00e1rol\u00e1stechnika, \u00e1llv\u00e1nyredszer, Mecalux partner<\/title>\n<meta name=\"robots\" content=\"noindex, follow, max-snippet:-1, max-image-preview:large, max-video-preview:-1\" \/>\n<meta property=\"og:locale\" content=\"en_US\" \/>\n<meta property=\"og:type\" content=\"article\" \/>\n<meta property=\"og:title\" content=\"Mobile Pallet Racking - Logi-Store Kft. t\u00e1rol\u00e1stechnika, \u00e1llv\u00e1nyredszer, Mecalux partner\" \/>\n<meta property=\"og:url\" content=\"https:\/\/showcase.westerlike.net\/LogiStore\/en\/racking-systems\/pallet-racking\/mobile-pallet-racking\/\" \/>\n<meta property=\"og:site_name\" content=\"Logi-Store Kft. t\u00e1rol\u00e1stechnika, \u00e1llv\u00e1nyredszer, Mecalux partner\" \/>\n<meta property=\"article:modified_time\" content=\"2023-11-17T08:44:06+00:00\" \/>\n<meta property=\"og:image\" content=\"https:\/\/showcase.westerlike.net\/LogiStore\/wp-content\/uploads\/2023\/08\/Termek-kiemelt-kep-1-7.png\" \/>\n\t<meta property=\"og:image:width\" content=\"800\" \/>\n\t<meta property=\"og:image:height\" content=\"700\" \/>\n\t<meta property=\"og:image:type\" content=\"image\/png\" \/>\n<meta name=\"twitter:card\" content=\"summary_large_image\" \/>\n<script type=\"application\/ld+json\" class=\"yoast-schema-graph\">{\"@context\":\"https:\/\/schema.org\",\"@graph\":[{\"@type\":\"WebPage\",\"@id\":\"https:\/\/showcase.westerlike.net\/LogiStore\/en\/racking-systems\/pallet-racking\/mobile-pallet-racking\/\",\"url\":\"https:\/\/showcase.westerlike.net\/LogiStore\/en\/racking-systems\/pallet-racking\/mobile-pallet-racking\/\",\"name\":\"Mobile Pallet Racking - Logi-Store Kft. t\u00e1rol\u00e1stechnika, \u00e1llv\u00e1nyredszer, Mecalux partner\",\"isPartOf\":{\"@id\":\"https:\/\/showcase.westerlike.net\/LogiStore\/#website\"},\"datePublished\":\"2023-08-31T09:24:53+00:00\",\"dateModified\":\"2023-11-17T08:44:06+00:00\",\"breadcrumb\":{\"@id\":\"https:\/\/showcase.westerlike.net\/LogiStore\/en\/racking-systems\/pallet-racking\/mobile-pallet-racking\/#breadcrumb\"},\"inLanguage\":\"en-US\",\"potentialAction\":[{\"@type\":\"ReadAction\",\"target\":[\"https:\/\/showcase.westerlike.net\/LogiStore\/en\/racking-systems\/pallet-racking\/mobile-pallet-racking\/\"]}]},{\"@type\":\"BreadcrumbList\",\"@id\":\"https:\/\/showcase.westerlike.net\/LogiStore\/en\/racking-systems\/pallet-racking\/mobile-pallet-racking\/#breadcrumb\",\"itemListElement\":[{\"@type\":\"ListItem\",\"position\":1,\"name\":\"F\u0151oldal\",\"item\":\"https:\/\/showcase.westerlike.net\/LogiStore\/en\/fooldal\/\"},{\"@type\":\"ListItem\",\"position\":2,\"name\":\"Racking systems\",\"item\":\"https:\/\/showcase.westerlike.net\/LogiStore\/en\/racking-systems\/\"},{\"@type\":\"ListItem\",\"position\":3,\"name\":\"Pallet racking\",\"item\":\"https:\/\/showcase.westerlike.net\/LogiStore\/en\/racking-systems\/pallet-racking\/\"},{\"@type\":\"ListItem\",\"position\":4,\"name\":\"Mobile Pallet Racking\"}]},{\"@type\":\"WebSite\",\"@id\":\"https:\/\/showcase.westerlike.net\/LogiStore\/#website\",\"url\":\"https:\/\/showcase.westerlike.net\/LogiStore\/\",\"name\":\"Logi-Store Kft. t\u00e1rol\u00e1stechnika, \u00e1llv\u00e1nyredszer, Mecalux partner\",\"description\":\"\",\"potentialAction\":[{\"@type\":\"SearchAction\",\"target\":{\"@type\":\"EntryPoint\",\"urlTemplate\":\"https:\/\/showcase.westerlike.net\/LogiStore\/?s={search_term_string}\"},\"query-input\":\"required name=search_term_string\"}],\"inLanguage\":\"en-US\"}]}<\/script>\n<!-- \/ Yoast SEO plugin. -->","yoast_head_json":{"title":"Mobile Pallet Racking - Logi-Store Kft. t\u00e1rol\u00e1stechnika, \u00e1llv\u00e1nyredszer, Mecalux partner","robots":{"index":"noindex","follow":"follow","max-snippet":"max-snippet:-1","max-image-preview":"max-image-preview:large","max-video-preview":"max-video-preview:-1"},"og_locale":"en_US","og_type":"article","og_title":"Mobile Pallet Racking - Logi-Store Kft. t\u00e1rol\u00e1stechnika, \u00e1llv\u00e1nyredszer, Mecalux partner","og_url":"https:\/\/showcase.westerlike.net\/LogiStore\/en\/racking-systems\/pallet-racking\/mobile-pallet-racking\/","og_site_name":"Logi-Store Kft. t\u00e1rol\u00e1stechnika, \u00e1llv\u00e1nyredszer, Mecalux partner","article_modified_time":"2023-11-17T08:44:06+00:00","og_image":[{"width":800,"height":700,"url":"https:\/\/showcase.westerlike.net\/LogiStore\/wp-content\/uploads\/2023\/08\/Termek-kiemelt-kep-1-7.png","type":"image\/png"}],"twitter_card":"summary_large_image","schema":{"@context":"https:\/\/schema.org","@graph":[{"@type":"WebPage","@id":"https:\/\/showcase.westerlike.net\/LogiStore\/en\/racking-systems\/pallet-racking\/mobile-pallet-racking\/","url":"https:\/\/showcase.westerlike.net\/LogiStore\/en\/racking-systems\/pallet-racking\/mobile-pallet-racking\/","name":"Mobile Pallet Racking - Logi-Store Kft. t\u00e1rol\u00e1stechnika, \u00e1llv\u00e1nyredszer, Mecalux partner","isPartOf":{"@id":"https:\/\/showcase.westerlike.net\/LogiStore\/#website"},"datePublished":"2023-08-31T09:24:53+00:00","dateModified":"2023-11-17T08:44:06+00:00","breadcrumb":{"@id":"https:\/\/showcase.westerlike.net\/LogiStore\/en\/racking-systems\/pallet-racking\/mobile-pallet-racking\/#breadcrumb"},"inLanguage":"en-US","potentialAction":[{"@type":"ReadAction","target":["https:\/\/showcase.westerlike.net\/LogiStore\/en\/racking-systems\/pallet-racking\/mobile-pallet-racking\/"]}]},{"@type":"BreadcrumbList","@id":"https:\/\/showcase.westerlike.net\/LogiStore\/en\/racking-systems\/pallet-racking\/mobile-pallet-racking\/#breadcrumb","itemListElement":[{"@type":"ListItem","position":1,"name":"F\u0151oldal","item":"https:\/\/showcase.westerlike.net\/LogiStore\/en\/fooldal\/"},{"@type":"ListItem","position":2,"name":"Racking systems","item":"https:\/\/showcase.westerlike.net\/LogiStore\/en\/racking-systems\/"},{"@type":"ListItem","position":3,"name":"Pallet racking","item":"https:\/\/showcase.westerlike.net\/LogiStore\/en\/racking-systems\/pallet-racking\/"},{"@type":"ListItem","position":4,"name":"Mobile Pallet Racking"}]},{"@type":"WebSite","@id":"https:\/\/showcase.westerlike.net\/LogiStore\/#website","url":"https:\/\/showcase.westerlike.net\/LogiStore\/","name":"Logi-Store Kft. t\u00e1rol\u00e1stechnika, \u00e1llv\u00e1nyredszer, Mecalux partner","description":"","potentialAction":[{"@type":"SearchAction","target":{"@type":"EntryPoint","urlTemplate":"https:\/\/showcase.westerlike.net\/LogiStore\/?s={search_term_string}"},"query-input":"required name=search_term_string"}],"inLanguage":"en-US"}]}},"_links":{"self":[{"href":"https:\/\/showcase.westerlike.net\/LogiStore\/en\/wp-json\/wp\/v2\/pages\/3825"}],"collection":[{"href":"https:\/\/showcase.westerlike.net\/LogiStore\/en\/wp-json\/wp\/v2\/pages"}],"about":[{"href":"https:\/\/showcase.westerlike.net\/LogiStore\/en\/wp-json\/wp\/v2\/types\/page"}],"author":[{"embeddable":true,"href":"https:\/\/showcase.westerlike.net\/LogiStore\/en\/wp-json\/wp\/v2\/users\/1"}],"replies":[{"embeddable":true,"href":"https:\/\/showcase.westerlike.net\/LogiStore\/en\/wp-json\/wp\/v2\/comments?post=3825"}],"version-history":[{"count":4,"href":"https:\/\/showcase.westerlike.net\/LogiStore\/en\/wp-json\/wp\/v2\/pages\/3825\/revisions"}],"predecessor-version":[{"id":4021,"href":"https:\/\/showcase.westerlike.net\/LogiStore\/en\/wp-json\/wp\/v2\/pages\/3825\/revisions\/4021"}],"up":[{"embeddable":true,"href":"https:\/\/showcase.westerlike.net\/LogiStore\/en\/wp-json\/wp\/v2\/pages\/2109"}],"wp:featuredmedia":[{"embeddable":true,"href":"https:\/\/showcase.westerlike.net\/LogiStore\/en\/wp-json\/wp\/v2\/media\/2596"}],"wp:attachment":[{"href":"https:\/\/showcase.westerlike.net\/LogiStore\/en\/wp-json\/wp\/v2\/media?parent=3825"}],"curies":[{"name":"wp","href":"https:\/\/api.w.org\/{rel}","templated":true}]}}