{"id":142,"date":"2023-05-05T17:27:08","date_gmt":"2023-05-05T17:27:08","guid":{"rendered":"https:\/\/showcase.westerlike.net\/LogiStore\/?page_id=142"},"modified":"2023-11-16T19:28:38","modified_gmt":"2023-11-16T19:28:38","slug":"rolunk","status":"publish","type":"page","link":"https:\/\/showcase.westerlike.net\/LogiStore\/rolunk\/","title":{"rendered":"R\u00f3lunk"},"content":{"rendered":"","protected":false},"excerpt":{"rendered":"","protected":false},"author":1,"featured_media":0,"parent":0,"menu_order":0,"comment_status":"closed","ping_status":"closed","template":"","meta":[],"acf":[],"yoast_head":"<!-- This site is optimized with the Yoast SEO plugin v20.7 - https:\/\/yoast.com\/wordpress\/plugins\/seo\/ -->\n<title>R\u00f3lunk - Logi-Store Kft. t\u00e1rol\u00e1stechnika, \u00e1llv\u00e1nyredszer, Mecalux partner<\/title>\n<meta name=\"robots\" content=\"noindex, follow, max-snippet:-1, max-image-preview:large, max-video-preview:-1\" \/>\n<meta property=\"og:locale\" content=\"hu_HU\" \/>\n<meta property=\"og:type\" content=\"article\" \/>\n<meta property=\"og:title\" content=\"R\u00f3lunk - Logi-Store Kft. t\u00e1rol\u00e1stechnika, \u00e1llv\u00e1nyredszer, Mecalux partner\" \/>\n<meta property=\"og:url\" content=\"https:\/\/showcase.westerlike.net\/LogiStore\/rolunk\/\" \/>\n<meta property=\"og:site_name\" content=\"Logi-Store Kft. t\u00e1rol\u00e1stechnika, \u00e1llv\u00e1nyredszer, Mecalux partner\" \/>\n<meta property=\"article:modified_time\" content=\"2023-11-16T19:28:38+00:00\" \/>\n<meta name=\"twitter:card\" content=\"summary_large_image\" \/>\n<script type=\"application\/ld+json\" class=\"yoast-schema-graph\">{\"@context\":\"https:\/\/schema.org\",\"@graph\":[{\"@type\":\"WebPage\",\"@id\":\"https:\/\/showcase.westerlike.net\/LogiStore\/rolunk\/\",\"url\":\"https:\/\/showcase.westerlike.net\/LogiStore\/rolunk\/\",\"name\":\"R\u00f3lunk - Logi-Store Kft. t\u00e1rol\u00e1stechnika, \u00e1llv\u00e1nyredszer, Mecalux partner\",\"isPartOf\":{\"@id\":\"https:\/\/showcase.westerlike.net\/LogiStore\/#website\"},\"datePublished\":\"2023-05-05T17:27:08+00:00\",\"dateModified\":\"2023-11-16T19:28:38+00:00\",\"breadcrumb\":{\"@id\":\"https:\/\/showcase.westerlike.net\/LogiStore\/rolunk\/#breadcrumb\"},\"inLanguage\":\"hu\",\"potentialAction\":[{\"@type\":\"ReadAction\",\"target\":[\"https:\/\/showcase.westerlike.net\/LogiStore\/rolunk\/\"]}]},{\"@type\":\"BreadcrumbList\",\"@id\":\"https:\/\/showcase.westerlike.net\/LogiStore\/rolunk\/#breadcrumb\",\"itemListElement\":[{\"@type\":\"ListItem\",\"position\":1,\"name\":\"F\u0151oldal\",\"item\":\"https:\/\/showcase.westerlike.net\/LogiStore\/\"},{\"@type\":\"ListItem\",\"position\":2,\"name\":\"R\u00f3lunk\"}]},{\"@type\":\"WebSite\",\"@id\":\"https:\/\/showcase.westerlike.net\/LogiStore\/#website\",\"url\":\"https:\/\/showcase.westerlike.net\/LogiStore\/\",\"name\":\"Logi-Store Kft. t\u00e1rol\u00e1stechnika, \u00e1llv\u00e1nyredszer, Mecalux partner\",\"description\":\"\",\"potentialAction\":[{\"@type\":\"SearchAction\",\"target\":{\"@type\":\"EntryPoint\",\"urlTemplate\":\"https:\/\/showcase.westerlike.net\/LogiStore\/?s={search_term_string}\"},\"query-input\":\"required name=search_term_string\"}],\"inLanguage\":\"hu\"}]}<\/script>\n<!-- \/ Yoast SEO plugin. -->","yoast_head_json":{"title":"R\u00f3lunk - Logi-Store Kft. t\u00e1rol\u00e1stechnika, \u00e1llv\u00e1nyredszer, Mecalux partner","robots":{"index":"noindex","follow":"follow","max-snippet":"max-snippet:-1","max-image-preview":"max-image-preview:large","max-video-preview":"max-video-preview:-1"},"og_locale":"hu_HU","og_type":"article","og_title":"R\u00f3lunk - Logi-Store Kft. t\u00e1rol\u00e1stechnika, \u00e1llv\u00e1nyredszer, Mecalux partner","og_url":"https:\/\/showcase.westerlike.net\/LogiStore\/rolunk\/","og_site_name":"Logi-Store Kft. t\u00e1rol\u00e1stechnika, \u00e1llv\u00e1nyredszer, Mecalux partner","article_modified_time":"2023-11-16T19:28:38+00:00","twitter_card":"summary_large_image","schema":{"@context":"https:\/\/schema.org","@graph":[{"@type":"WebPage","@id":"https:\/\/showcase.westerlike.net\/LogiStore\/rolunk\/","url":"https:\/\/showcase.westerlike.net\/LogiStore\/rolunk\/","name":"R\u00f3lunk - Logi-Store Kft. t\u00e1rol\u00e1stechnika, \u00e1llv\u00e1nyredszer, Mecalux partner","isPartOf":{"@id":"https:\/\/showcase.westerlike.net\/LogiStore\/#website"},"datePublished":"2023-05-05T17:27:08+00:00","dateModified":"2023-11-16T19:28:38+00:00","breadcrumb":{"@id":"https:\/\/showcase.westerlike.net\/LogiStore\/rolunk\/#breadcrumb"},"inLanguage":"hu","potentialAction":[{"@type":"ReadAction","target":["https:\/\/showcase.westerlike.net\/LogiStore\/rolunk\/"]}]},{"@type":"BreadcrumbList","@id":"https:\/\/showcase.westerlike.net\/LogiStore\/rolunk\/#breadcrumb","itemListElement":[{"@type":"ListItem","position":1,"name":"F\u0151oldal","item":"https:\/\/showcase.westerlike.net\/LogiStore\/"},{"@type":"ListItem","position":2,"name":"R\u00f3lunk"}]},{"@type":"WebSite","@id":"https:\/\/showcase.westerlike.net\/LogiStore\/#website","url":"https:\/\/showcase.westerlike.net\/LogiStore\/","name":"Logi-Store Kft. t\u00e1rol\u00e1stechnika, \u00e1llv\u00e1nyredszer, Mecalux partner","description":"","potentialAction":[{"@type":"SearchAction","target":{"@type":"EntryPoint","urlTemplate":"https:\/\/showcase.westerlike.net\/LogiStore\/?s={search_term_string}"},"query-input":"required name=search_term_string"}],"inLanguage":"hu"}]}},"_links":{"self":[{"href":"https:\/\/showcase.westerlike.net\/LogiStore\/wp-json\/wp\/v2\/pages\/142"}],"collection":[{"href":"https:\/\/showcase.westerlike.net\/LogiStore\/wp-json\/wp\/v2\/pages"}],"about":[{"href":"https:\/\/showcase.westerlike.net\/LogiStore\/wp-json\/wp\/v2\/types\/page"}],"author":[{"embeddable":true,"href":"https:\/\/showcase.westerlike.net\/LogiStore\/wp-json\/wp\/v2\/users\/1"}],"replies":[{"embeddable":true,"href":"https:\/\/showcase.westerlike.net\/LogiStore\/wp-json\/wp\/v2\/comments?post=142"}],"version-history":[{"count":24,"href":"https:\/\/showcase.westerlike.net\/LogiStore\/wp-json\/wp\/v2\/pages\/142\/revisions"}],"predecessor-version":[{"id":3960,"href":"https:\/\/showcase.westerlike.net\/LogiStore\/wp-json\/wp\/v2\/pages\/142\/revisions\/3960"}],"wp:attachment":[{"href":"https:\/\/showcase.westerlike.net\/LogiStore\/wp-json\/wp\/v2\/media?parent=142"}],"curies":[{"name":"wp","href":"https:\/\/api.w.org\/{rel}","templated":true}]}}