{"id":144,"date":"2023-05-05T17:33:38","date_gmt":"2023-05-05T17:33:38","guid":{"rendered":"https:\/\/showcase.westerlike.net\/LogiStore\/?page_id=144"},"modified":"2023-05-14T18:49:48","modified_gmt":"2023-05-14T18:49:48","slug":"hirek","status":"publish","type":"page","link":"https:\/\/showcase.westerlike.net\/LogiStore\/hirek\/","title":{"rendered":"H\u00edrek"},"content":{"rendered":"","protected":false},"excerpt":{"rendered":"","protected":false},"author":1,"featured_media":0,"parent":0,"menu_order":0,"comment_status":"closed","ping_status":"closed","template":"page-templates\/page-news.php","meta":[],"acf":[],"yoast_head":"<!-- This site is optimized with the Yoast SEO plugin v20.7 - https:\/\/yoast.com\/wordpress\/plugins\/seo\/ -->\n<title>H\u00edrek - Logi-Store Kft. t\u00e1rol\u00e1stechnika, \u00e1llv\u00e1nyredszer, Mecalux partner<\/title>\n<meta name=\"robots\" content=\"noindex, follow, max-snippet:-1, max-image-preview:large, max-video-preview:-1\" \/>\n<meta property=\"og:locale\" content=\"hu_HU\" \/>\n<meta property=\"og:type\" content=\"article\" \/>\n<meta property=\"og:title\" content=\"H\u00edrek - Logi-Store Kft. t\u00e1rol\u00e1stechnika, \u00e1llv\u00e1nyredszer, Mecalux partner\" \/>\n<meta property=\"og:url\" content=\"https:\/\/showcase.westerlike.net\/LogiStore\/hirek\/\" \/>\n<meta property=\"og:site_name\" content=\"Logi-Store Kft. t\u00e1rol\u00e1stechnika, \u00e1llv\u00e1nyredszer, Mecalux partner\" \/>\n<meta property=\"article:modified_time\" content=\"2023-05-14T18:49:48+00:00\" \/>\n<meta name=\"twitter:card\" content=\"summary_large_image\" \/>\n<script type=\"application\/ld+json\" class=\"yoast-schema-graph\">{\"@context\":\"https:\/\/schema.org\",\"@graph\":[{\"@type\":\"WebPage\",\"@id\":\"https:\/\/showcase.westerlike.net\/LogiStore\/hirek\/\",\"url\":\"https:\/\/showcase.westerlike.net\/LogiStore\/hirek\/\",\"name\":\"H\u00edrek - Logi-Store Kft. t\u00e1rol\u00e1stechnika, \u00e1llv\u00e1nyredszer, Mecalux partner\",\"isPartOf\":{\"@id\":\"https:\/\/showcase.westerlike.net\/LogiStore\/#website\"},\"datePublished\":\"2023-05-05T17:33:38+00:00\",\"dateModified\":\"2023-05-14T18:49:48+00:00\",\"breadcrumb\":{\"@id\":\"https:\/\/showcase.westerlike.net\/LogiStore\/hirek\/#breadcrumb\"},\"inLanguage\":\"hu\",\"potentialAction\":[{\"@type\":\"ReadAction\",\"target\":[\"https:\/\/showcase.westerlike.net\/LogiStore\/hirek\/\"]}]},{\"@type\":\"BreadcrumbList\",\"@id\":\"https:\/\/showcase.westerlike.net\/LogiStore\/hirek\/#breadcrumb\",\"itemListElement\":[{\"@type\":\"ListItem\",\"position\":1,\"name\":\"F\u0151oldal\",\"item\":\"https:\/\/showcase.westerlike.net\/LogiStore\/\"},{\"@type\":\"ListItem\",\"position\":2,\"name\":\"H\u00edrek\"}]},{\"@type\":\"WebSite\",\"@id\":\"https:\/\/showcase.westerlike.net\/LogiStore\/#website\",\"url\":\"https:\/\/showcase.westerlike.net\/LogiStore\/\",\"name\":\"Logi-Store Kft. t\u00e1rol\u00e1stechnika, \u00e1llv\u00e1nyredszer, Mecalux partner\",\"description\":\"\",\"potentialAction\":[{\"@type\":\"SearchAction\",\"target\":{\"@type\":\"EntryPoint\",\"urlTemplate\":\"https:\/\/showcase.westerlike.net\/LogiStore\/?s={search_term_string}\"},\"query-input\":\"required name=search_term_string\"}],\"inLanguage\":\"hu\"}]}<\/script>\n<!-- \/ Yoast SEO plugin. -->","yoast_head_json":{"title":"H\u00edrek - Logi-Store Kft. t\u00e1rol\u00e1stechnika, \u00e1llv\u00e1nyredszer, Mecalux partner","robots":{"index":"noindex","follow":"follow","max-snippet":"max-snippet:-1","max-image-preview":"max-image-preview:large","max-video-preview":"max-video-preview:-1"},"og_locale":"hu_HU","og_type":"article","og_title":"H\u00edrek - Logi-Store Kft. t\u00e1rol\u00e1stechnika, \u00e1llv\u00e1nyredszer, Mecalux partner","og_url":"https:\/\/showcase.westerlike.net\/LogiStore\/hirek\/","og_site_name":"Logi-Store Kft. t\u00e1rol\u00e1stechnika, \u00e1llv\u00e1nyredszer, Mecalux partner","article_modified_time":"2023-05-14T18:49:48+00:00","twitter_card":"summary_large_image","schema":{"@context":"https:\/\/schema.org","@graph":[{"@type":"WebPage","@id":"https:\/\/showcase.westerlike.net\/LogiStore\/hirek\/","url":"https:\/\/showcase.westerlike.net\/LogiStore\/hirek\/","name":"H\u00edrek - Logi-Store Kft. t\u00e1rol\u00e1stechnika, \u00e1llv\u00e1nyredszer, Mecalux partner","isPartOf":{"@id":"https:\/\/showcase.westerlike.net\/LogiStore\/#website"},"datePublished":"2023-05-05T17:33:38+00:00","dateModified":"2023-05-14T18:49:48+00:00","breadcrumb":{"@id":"https:\/\/showcase.westerlike.net\/LogiStore\/hirek\/#breadcrumb"},"inLanguage":"hu","potentialAction":[{"@type":"ReadAction","target":["https:\/\/showcase.westerlike.net\/LogiStore\/hirek\/"]}]},{"@type":"BreadcrumbList","@id":"https:\/\/showcase.westerlike.net\/LogiStore\/hirek\/#breadcrumb","itemListElement":[{"@type":"ListItem","position":1,"name":"F\u0151oldal","item":"https:\/\/showcase.westerlike.net\/LogiStore\/"},{"@type":"ListItem","position":2,"name":"H\u00edrek"}]},{"@type":"WebSite","@id":"https:\/\/showcase.westerlike.net\/LogiStore\/#website","url":"https:\/\/showcase.westerlike.net\/LogiStore\/","name":"Logi-Store Kft. t\u00e1rol\u00e1stechnika, \u00e1llv\u00e1nyredszer, Mecalux partner","description":"","potentialAction":[{"@type":"SearchAction","target":{"@type":"EntryPoint","urlTemplate":"https:\/\/showcase.westerlike.net\/LogiStore\/?s={search_term_string}"},"query-input":"required name=search_term_string"}],"inLanguage":"hu"}]}},"_links":{"self":[{"href":"https:\/\/showcase.westerlike.net\/LogiStore\/wp-json\/wp\/v2\/pages\/144"}],"collection":[{"href":"https:\/\/showcase.westerlike.net\/LogiStore\/wp-json\/wp\/v2\/pages"}],"about":[{"href":"https:\/\/showcase.westerlike.net\/LogiStore\/wp-json\/wp\/v2\/types\/page"}],"author":[{"embeddable":true,"href":"https:\/\/showcase.westerlike.net\/LogiStore\/wp-json\/wp\/v2\/users\/1"}],"replies":[{"embeddable":true,"href":"https:\/\/showcase.westerlike.net\/LogiStore\/wp-json\/wp\/v2\/comments?post=144"}],"version-history":[{"count":1,"href":"https:\/\/showcase.westerlike.net\/LogiStore\/wp-json\/wp\/v2\/pages\/144\/revisions"}],"predecessor-version":[{"id":145,"href":"https:\/\/showcase.westerlike.net\/LogiStore\/wp-json\/wp\/v2\/pages\/144\/revisions\/145"}],"wp:attachment":[{"href":"https:\/\/showcase.westerlike.net\/LogiStore\/wp-json\/wp\/v2\/media?parent=144"}],"curies":[{"name":"wp","href":"https:\/\/api.w.org\/{rel}","templated":true}]}}