{"id":170,"date":"2023-05-05T17:51:39","date_gmt":"2023-05-05T17:51:39","guid":{"rendered":"https:\/\/showcase.westerlike.net\/LogiStore\/?page_id=170"},"modified":"2023-12-01T13:55:17","modified_gmt":"2023-12-01T13:55:17","slug":"szallitokocsik","status":"publish","type":"page","link":"https:\/\/showcase.westerlike.net\/LogiStore\/muhely-es-uzemberendezesek\/szallitokocsik\/","title":{"rendered":"Sz\u00e1ll\u00edt\u00f3kocsik"},"content":{"rendered":"","protected":false},"excerpt":{"rendered":"","protected":false},"author":1,"featured_media":3124,"parent":158,"menu_order":0,"comment_status":"closed","ping_status":"closed","template":"","meta":[],"acf":[],"yoast_head":"<!-- This site is optimized with the Yoast SEO plugin v20.7 - https:\/\/yoast.com\/wordpress\/plugins\/seo\/ -->\n<title>Sz\u00e1ll\u00edt\u00f3kocsik - Logi-Store Kft. t\u00e1rol\u00e1stechnika, \u00e1llv\u00e1nyredszer, Mecalux partner<\/title>\n<meta name=\"robots\" content=\"noindex, follow, max-snippet:-1, max-image-preview:large, max-video-preview:-1\" \/>\n<meta property=\"og:locale\" content=\"hu_HU\" \/>\n<meta property=\"og:type\" content=\"article\" \/>\n<meta property=\"og:title\" content=\"Sz\u00e1ll\u00edt\u00f3kocsik - Logi-Store Kft. t\u00e1rol\u00e1stechnika, \u00e1llv\u00e1nyredszer, Mecalux partner\" \/>\n<meta property=\"og:url\" content=\"https:\/\/showcase.westerlike.net\/LogiStore\/muhely-es-uzemberendezesek\/szallitokocsik\/\" \/>\n<meta property=\"og:site_name\" content=\"Logi-Store Kft. t\u00e1rol\u00e1stechnika, \u00e1llv\u00e1nyredszer, Mecalux partner\" \/>\n<meta property=\"article:modified_time\" content=\"2023-12-01T13:55:17+00:00\" \/>\n<meta property=\"og:image\" content=\"https:\/\/showcase.westerlike.net\/LogiStore\/wp-content\/uploads\/2023\/09\/szallitokocsi-header.png\" \/>\n\t<meta property=\"og:image:width\" content=\"1000\" \/>\n\t<meta property=\"og:image:height\" content=\"600\" \/>\n\t<meta property=\"og:image:type\" content=\"image\/png\" \/>\n<meta name=\"twitter:card\" content=\"summary_large_image\" \/>\n<script type=\"application\/ld+json\" class=\"yoast-schema-graph\">{\"@context\":\"https:\/\/schema.org\",\"@graph\":[{\"@type\":\"WebPage\",\"@id\":\"https:\/\/showcase.westerlike.net\/LogiStore\/muhely-es-uzemberendezesek\/szallitokocsik\/\",\"url\":\"https:\/\/showcase.westerlike.net\/LogiStore\/muhely-es-uzemberendezesek\/szallitokocsik\/\",\"name\":\"Sz\u00e1ll\u00edt\u00f3kocsik - Logi-Store Kft. t\u00e1rol\u00e1stechnika, \u00e1llv\u00e1nyredszer, Mecalux partner\",\"isPartOf\":{\"@id\":\"https:\/\/showcase.westerlike.net\/LogiStore\/#website\"},\"datePublished\":\"2023-05-05T17:51:39+00:00\",\"dateModified\":\"2023-12-01T13:55:17+00:00\",\"breadcrumb\":{\"@id\":\"https:\/\/showcase.westerlike.net\/LogiStore\/muhely-es-uzemberendezesek\/szallitokocsik\/#breadcrumb\"},\"inLanguage\":\"hu\",\"potentialAction\":[{\"@type\":\"ReadAction\",\"target\":[\"https:\/\/showcase.westerlike.net\/LogiStore\/muhely-es-uzemberendezesek\/szallitokocsik\/\"]}]},{\"@type\":\"BreadcrumbList\",\"@id\":\"https:\/\/showcase.westerlike.net\/LogiStore\/muhely-es-uzemberendezesek\/szallitokocsik\/#breadcrumb\",\"itemListElement\":[{\"@type\":\"ListItem\",\"position\":1,\"name\":\"F\u0151oldal\",\"item\":\"https:\/\/showcase.westerlike.net\/LogiStore\/\"},{\"@type\":\"ListItem\",\"position\":2,\"name\":\"M\u0171hely- \u00e9s \u00fczemberendez\u00e9sek\",\"item\":\"https:\/\/showcase.westerlike.net\/LogiStore\/muhely-es-uzemberendezesek\/\"},{\"@type\":\"ListItem\",\"position\":3,\"name\":\"Sz\u00e1ll\u00edt\u00f3kocsik\"}]},{\"@type\":\"WebSite\",\"@id\":\"https:\/\/showcase.westerlike.net\/LogiStore\/#website\",\"url\":\"https:\/\/showcase.westerlike.net\/LogiStore\/\",\"name\":\"Logi-Store Kft. t\u00e1rol\u00e1stechnika, \u00e1llv\u00e1nyredszer, Mecalux partner\",\"description\":\"\",\"potentialAction\":[{\"@type\":\"SearchAction\",\"target\":{\"@type\":\"EntryPoint\",\"urlTemplate\":\"https:\/\/showcase.westerlike.net\/LogiStore\/?s={search_term_string}\"},\"query-input\":\"required name=search_term_string\"}],\"inLanguage\":\"hu\"}]}<\/script>\n<!-- \/ Yoast SEO plugin. -->","yoast_head_json":{"title":"Sz\u00e1ll\u00edt\u00f3kocsik - Logi-Store Kft. t\u00e1rol\u00e1stechnika, \u00e1llv\u00e1nyredszer, Mecalux partner","robots":{"index":"noindex","follow":"follow","max-snippet":"max-snippet:-1","max-image-preview":"max-image-preview:large","max-video-preview":"max-video-preview:-1"},"og_locale":"hu_HU","og_type":"article","og_title":"Sz\u00e1ll\u00edt\u00f3kocsik - Logi-Store Kft. t\u00e1rol\u00e1stechnika, \u00e1llv\u00e1nyredszer, Mecalux partner","og_url":"https:\/\/showcase.westerlike.net\/LogiStore\/muhely-es-uzemberendezesek\/szallitokocsik\/","og_site_name":"Logi-Store Kft. t\u00e1rol\u00e1stechnika, \u00e1llv\u00e1nyredszer, Mecalux partner","article_modified_time":"2023-12-01T13:55:17+00:00","og_image":[{"width":1000,"height":600,"url":"https:\/\/showcase.westerlike.net\/LogiStore\/wp-content\/uploads\/2023\/09\/szallitokocsi-header.png","type":"image\/png"}],"twitter_card":"summary_large_image","schema":{"@context":"https:\/\/schema.org","@graph":[{"@type":"WebPage","@id":"https:\/\/showcase.westerlike.net\/LogiStore\/muhely-es-uzemberendezesek\/szallitokocsik\/","url":"https:\/\/showcase.westerlike.net\/LogiStore\/muhely-es-uzemberendezesek\/szallitokocsik\/","name":"Sz\u00e1ll\u00edt\u00f3kocsik - Logi-Store Kft. t\u00e1rol\u00e1stechnika, \u00e1llv\u00e1nyredszer, Mecalux partner","isPartOf":{"@id":"https:\/\/showcase.westerlike.net\/LogiStore\/#website"},"datePublished":"2023-05-05T17:51:39+00:00","dateModified":"2023-12-01T13:55:17+00:00","breadcrumb":{"@id":"https:\/\/showcase.westerlike.net\/LogiStore\/muhely-es-uzemberendezesek\/szallitokocsik\/#breadcrumb"},"inLanguage":"hu","potentialAction":[{"@type":"ReadAction","target":["https:\/\/showcase.westerlike.net\/LogiStore\/muhely-es-uzemberendezesek\/szallitokocsik\/"]}]},{"@type":"BreadcrumbList","@id":"https:\/\/showcase.westerlike.net\/LogiStore\/muhely-es-uzemberendezesek\/szallitokocsik\/#breadcrumb","itemListElement":[{"@type":"ListItem","position":1,"name":"F\u0151oldal","item":"https:\/\/showcase.westerlike.net\/LogiStore\/"},{"@type":"ListItem","position":2,"name":"M\u0171hely- \u00e9s \u00fczemberendez\u00e9sek","item":"https:\/\/showcase.westerlike.net\/LogiStore\/muhely-es-uzemberendezesek\/"},{"@type":"ListItem","position":3,"name":"Sz\u00e1ll\u00edt\u00f3kocsik"}]},{"@type":"WebSite","@id":"https:\/\/showcase.westerlike.net\/LogiStore\/#website","url":"https:\/\/showcase.westerlike.net\/LogiStore\/","name":"Logi-Store Kft. t\u00e1rol\u00e1stechnika, \u00e1llv\u00e1nyredszer, Mecalux partner","description":"","potentialAction":[{"@type":"SearchAction","target":{"@type":"EntryPoint","urlTemplate":"https:\/\/showcase.westerlike.net\/LogiStore\/?s={search_term_string}"},"query-input":"required name=search_term_string"}],"inLanguage":"hu"}]}},"_links":{"self":[{"href":"https:\/\/showcase.westerlike.net\/LogiStore\/wp-json\/wp\/v2\/pages\/170"}],"collection":[{"href":"https:\/\/showcase.westerlike.net\/LogiStore\/wp-json\/wp\/v2\/pages"}],"about":[{"href":"https:\/\/showcase.westerlike.net\/LogiStore\/wp-json\/wp\/v2\/types\/page"}],"author":[{"embeddable":true,"href":"https:\/\/showcase.westerlike.net\/LogiStore\/wp-json\/wp\/v2\/users\/1"}],"replies":[{"embeddable":true,"href":"https:\/\/showcase.westerlike.net\/LogiStore\/wp-json\/wp\/v2\/comments?post=170"}],"version-history":[{"count":14,"href":"https:\/\/showcase.westerlike.net\/LogiStore\/wp-json\/wp\/v2\/pages\/170\/revisions"}],"predecessor-version":[{"id":4167,"href":"https:\/\/showcase.westerlike.net\/LogiStore\/wp-json\/wp\/v2\/pages\/170\/revisions\/4167"}],"up":[{"embeddable":true,"href":"https:\/\/showcase.westerlike.net\/LogiStore\/wp-json\/wp\/v2\/pages\/158"}],"wp:featuredmedia":[{"embeddable":true,"href":"https:\/\/showcase.westerlike.net\/LogiStore\/wp-json\/wp\/v2\/media\/3124"}],"wp:attachment":[{"href":"https:\/\/showcase.westerlike.net\/LogiStore\/wp-json\/wp\/v2\/media?parent=170"}],"curies":[{"name":"wp","href":"https:\/\/api.w.org\/{rel}","templated":true}]}}