{"id":174,"date":"2023-05-05T17:52:06","date_gmt":"2023-05-05T17:52:06","guid":{"rendered":"https:\/\/showcase.westerlike.net\/LogiStore\/?page_id=174"},"modified":"2023-11-16T15:32:50","modified_gmt":"2023-11-16T15:32:50","slug":"padlozati-es-oldalso-burkolat","status":"publish","type":"page","link":"https:\/\/showcase.westerlike.net\/LogiStore\/gepjarmu-berendezesek\/padlozati-es-oldalso-burkolat\/","title":{"rendered":"Padl\u00f3zati- \u00e9s oldals\u00f3 burkolat"},"content":{"rendered":"","protected":false},"excerpt":{"rendered":"","protected":false},"author":1,"featured_media":2086,"parent":172,"menu_order":0,"comment_status":"closed","ping_status":"closed","template":"","meta":[],"acf":[],"yoast_head":"<!-- This site is optimized with the Yoast SEO plugin v20.7 - https:\/\/yoast.com\/wordpress\/plugins\/seo\/ -->\n<title>Padl\u00f3zati- \u00e9s oldals\u00f3 burkolat - Logi-Store Kft. t\u00e1rol\u00e1stechnika, \u00e1llv\u00e1nyredszer, Mecalux partner<\/title>\n<meta name=\"robots\" content=\"noindex, follow, max-snippet:-1, max-image-preview:large, max-video-preview:-1\" \/>\n<meta property=\"og:locale\" content=\"hu_HU\" \/>\n<meta property=\"og:type\" content=\"article\" \/>\n<meta property=\"og:title\" content=\"Padl\u00f3zati- \u00e9s oldals\u00f3 burkolat - Logi-Store Kft. t\u00e1rol\u00e1stechnika, \u00e1llv\u00e1nyredszer, Mecalux partner\" \/>\n<meta property=\"og:url\" content=\"https:\/\/showcase.westerlike.net\/LogiStore\/gepjarmu-berendezesek\/padlozati-es-oldalso-burkolat\/\" \/>\n<meta property=\"og:site_name\" content=\"Logi-Store Kft. t\u00e1rol\u00e1stechnika, \u00e1llv\u00e1nyredszer, Mecalux partner\" \/>\n<meta property=\"article:modified_time\" content=\"2023-11-16T15:32:50+00:00\" \/>\n<meta property=\"og:image\" content=\"https:\/\/showcase.westerlike.net\/LogiStore\/wp-content\/uploads\/2023\/08\/altermek-kiemelt-kep-5.png\" \/>\n\t<meta property=\"og:image:width\" content=\"1000\" \/>\n\t<meta property=\"og:image:height\" content=\"600\" \/>\n\t<meta property=\"og:image:type\" content=\"image\/png\" \/>\n<meta name=\"twitter:card\" content=\"summary_large_image\" \/>\n<script type=\"application\/ld+json\" class=\"yoast-schema-graph\">{\"@context\":\"https:\/\/schema.org\",\"@graph\":[{\"@type\":\"WebPage\",\"@id\":\"https:\/\/showcase.westerlike.net\/LogiStore\/gepjarmu-berendezesek\/padlozati-es-oldalso-burkolat\/\",\"url\":\"https:\/\/showcase.westerlike.net\/LogiStore\/gepjarmu-berendezesek\/padlozati-es-oldalso-burkolat\/\",\"name\":\"Padl\u00f3zati- \u00e9s oldals\u00f3 burkolat - Logi-Store Kft. t\u00e1rol\u00e1stechnika, \u00e1llv\u00e1nyredszer, Mecalux partner\",\"isPartOf\":{\"@id\":\"https:\/\/showcase.westerlike.net\/LogiStore\/#website\"},\"datePublished\":\"2023-05-05T17:52:06+00:00\",\"dateModified\":\"2023-11-16T15:32:50+00:00\",\"breadcrumb\":{\"@id\":\"https:\/\/showcase.westerlike.net\/LogiStore\/gepjarmu-berendezesek\/padlozati-es-oldalso-burkolat\/#breadcrumb\"},\"inLanguage\":\"hu\",\"potentialAction\":[{\"@type\":\"ReadAction\",\"target\":[\"https:\/\/showcase.westerlike.net\/LogiStore\/gepjarmu-berendezesek\/padlozati-es-oldalso-burkolat\/\"]}]},{\"@type\":\"BreadcrumbList\",\"@id\":\"https:\/\/showcase.westerlike.net\/LogiStore\/gepjarmu-berendezesek\/padlozati-es-oldalso-burkolat\/#breadcrumb\",\"itemListElement\":[{\"@type\":\"ListItem\",\"position\":1,\"name\":\"F\u0151oldal\",\"item\":\"https:\/\/showcase.westerlike.net\/LogiStore\/\"},{\"@type\":\"ListItem\",\"position\":2,\"name\":\"G\u00e9pj\u00e1rm\u0171 berendez\u00e9sek\",\"item\":\"https:\/\/showcase.westerlike.net\/LogiStore\/gepjarmu-berendezesek\/\"},{\"@type\":\"ListItem\",\"position\":3,\"name\":\"Padl\u00f3zati- \u00e9s oldals\u00f3 burkolat\"}]},{\"@type\":\"WebSite\",\"@id\":\"https:\/\/showcase.westerlike.net\/LogiStore\/#website\",\"url\":\"https:\/\/showcase.westerlike.net\/LogiStore\/\",\"name\":\"Logi-Store Kft. t\u00e1rol\u00e1stechnika, \u00e1llv\u00e1nyredszer, Mecalux partner\",\"description\":\"\",\"potentialAction\":[{\"@type\":\"SearchAction\",\"target\":{\"@type\":\"EntryPoint\",\"urlTemplate\":\"https:\/\/showcase.westerlike.net\/LogiStore\/?s={search_term_string}\"},\"query-input\":\"required name=search_term_string\"}],\"inLanguage\":\"hu\"}]}<\/script>\n<!-- \/ Yoast SEO plugin. -->","yoast_head_json":{"title":"Padl\u00f3zati- \u00e9s oldals\u00f3 burkolat - Logi-Store Kft. t\u00e1rol\u00e1stechnika, \u00e1llv\u00e1nyredszer, Mecalux partner","robots":{"index":"noindex","follow":"follow","max-snippet":"max-snippet:-1","max-image-preview":"max-image-preview:large","max-video-preview":"max-video-preview:-1"},"og_locale":"hu_HU","og_type":"article","og_title":"Padl\u00f3zati- \u00e9s oldals\u00f3 burkolat - Logi-Store Kft. t\u00e1rol\u00e1stechnika, \u00e1llv\u00e1nyredszer, Mecalux partner","og_url":"https:\/\/showcase.westerlike.net\/LogiStore\/gepjarmu-berendezesek\/padlozati-es-oldalso-burkolat\/","og_site_name":"Logi-Store Kft. t\u00e1rol\u00e1stechnika, \u00e1llv\u00e1nyredszer, Mecalux partner","article_modified_time":"2023-11-16T15:32:50+00:00","og_image":[{"width":1000,"height":600,"url":"https:\/\/showcase.westerlike.net\/LogiStore\/wp-content\/uploads\/2023\/08\/altermek-kiemelt-kep-5.png","type":"image\/png"}],"twitter_card":"summary_large_image","schema":{"@context":"https:\/\/schema.org","@graph":[{"@type":"WebPage","@id":"https:\/\/showcase.westerlike.net\/LogiStore\/gepjarmu-berendezesek\/padlozati-es-oldalso-burkolat\/","url":"https:\/\/showcase.westerlike.net\/LogiStore\/gepjarmu-berendezesek\/padlozati-es-oldalso-burkolat\/","name":"Padl\u00f3zati- \u00e9s oldals\u00f3 burkolat - Logi-Store Kft. t\u00e1rol\u00e1stechnika, \u00e1llv\u00e1nyredszer, Mecalux partner","isPartOf":{"@id":"https:\/\/showcase.westerlike.net\/LogiStore\/#website"},"datePublished":"2023-05-05T17:52:06+00:00","dateModified":"2023-11-16T15:32:50+00:00","breadcrumb":{"@id":"https:\/\/showcase.westerlike.net\/LogiStore\/gepjarmu-berendezesek\/padlozati-es-oldalso-burkolat\/#breadcrumb"},"inLanguage":"hu","potentialAction":[{"@type":"ReadAction","target":["https:\/\/showcase.westerlike.net\/LogiStore\/gepjarmu-berendezesek\/padlozati-es-oldalso-burkolat\/"]}]},{"@type":"BreadcrumbList","@id":"https:\/\/showcase.westerlike.net\/LogiStore\/gepjarmu-berendezesek\/padlozati-es-oldalso-burkolat\/#breadcrumb","itemListElement":[{"@type":"ListItem","position":1,"name":"F\u0151oldal","item":"https:\/\/showcase.westerlike.net\/LogiStore\/"},{"@type":"ListItem","position":2,"name":"G\u00e9pj\u00e1rm\u0171 berendez\u00e9sek","item":"https:\/\/showcase.westerlike.net\/LogiStore\/gepjarmu-berendezesek\/"},{"@type":"ListItem","position":3,"name":"Padl\u00f3zati- \u00e9s oldals\u00f3 burkolat"}]},{"@type":"WebSite","@id":"https:\/\/showcase.westerlike.net\/LogiStore\/#website","url":"https:\/\/showcase.westerlike.net\/LogiStore\/","name":"Logi-Store Kft. t\u00e1rol\u00e1stechnika, \u00e1llv\u00e1nyredszer, Mecalux partner","description":"","potentialAction":[{"@type":"SearchAction","target":{"@type":"EntryPoint","urlTemplate":"https:\/\/showcase.westerlike.net\/LogiStore\/?s={search_term_string}"},"query-input":"required name=search_term_string"}],"inLanguage":"hu"}]}},"_links":{"self":[{"href":"https:\/\/showcase.westerlike.net\/LogiStore\/wp-json\/wp\/v2\/pages\/174"}],"collection":[{"href":"https:\/\/showcase.westerlike.net\/LogiStore\/wp-json\/wp\/v2\/pages"}],"about":[{"href":"https:\/\/showcase.westerlike.net\/LogiStore\/wp-json\/wp\/v2\/types\/page"}],"author":[{"embeddable":true,"href":"https:\/\/showcase.westerlike.net\/LogiStore\/wp-json\/wp\/v2\/users\/1"}],"replies":[{"embeddable":true,"href":"https:\/\/showcase.westerlike.net\/LogiStore\/wp-json\/wp\/v2\/comments?post=174"}],"version-history":[{"count":16,"href":"https:\/\/showcase.westerlike.net\/LogiStore\/wp-json\/wp\/v2\/pages\/174\/revisions"}],"predecessor-version":[{"id":3932,"href":"https:\/\/showcase.westerlike.net\/LogiStore\/wp-json\/wp\/v2\/pages\/174\/revisions\/3932"}],"up":[{"embeddable":true,"href":"https:\/\/showcase.westerlike.net\/LogiStore\/wp-json\/wp\/v2\/pages\/172"}],"wp:featuredmedia":[{"embeddable":true,"href":"https:\/\/showcase.westerlike.net\/LogiStore\/wp-json\/wp\/v2\/media\/2086"}],"wp:attachment":[{"href":"https:\/\/showcase.westerlike.net\/LogiStore\/wp-json\/wp\/v2\/media?parent=174"}],"curies":[{"name":"wp","href":"https:\/\/api.w.org\/{rel}","templated":true}]}}