{"id":1946,"date":"2023-08-22T14:30:19","date_gmt":"2023-08-22T14:30:19","guid":{"rendered":"https:\/\/showcase.westerlike.net\/LogiStore\/?page_id=1946"},"modified":"2023-12-05T15:23:55","modified_gmt":"2023-12-05T15:23:55","slug":"csuszasgatlok","status":"publish","type":"page","link":"https:\/\/showcase.westerlike.net\/LogiStore\/muanyag-es-femladak-kontenerek\/csuszasgatlok\/","title":{"rendered":"Cs\u00fasz\u00e1sg\u00e1tl\u00f3k"},"content":{"rendered":"","protected":false},"excerpt":{"rendered":"","protected":false},"author":1,"featured_media":1949,"parent":184,"menu_order":0,"comment_status":"closed","ping_status":"closed","template":"","meta":[],"acf":[],"yoast_head":"<!-- This site is optimized with the Yoast SEO plugin v20.7 - https:\/\/yoast.com\/wordpress\/plugins\/seo\/ -->\n<title>Cs\u00fasz\u00e1sg\u00e1tl\u00f3k - Logi-Store Kft. t\u00e1rol\u00e1stechnika, \u00e1llv\u00e1nyredszer, Mecalux partner<\/title>\n<meta name=\"robots\" content=\"noindex, follow, max-snippet:-1, max-image-preview:large, max-video-preview:-1\" \/>\n<meta property=\"og:locale\" content=\"hu_HU\" \/>\n<meta property=\"og:type\" content=\"article\" \/>\n<meta property=\"og:title\" content=\"Cs\u00fasz\u00e1sg\u00e1tl\u00f3k - Logi-Store Kft. t\u00e1rol\u00e1stechnika, \u00e1llv\u00e1nyredszer, Mecalux partner\" \/>\n<meta property=\"og:url\" content=\"https:\/\/showcase.westerlike.net\/LogiStore\/muanyag-es-femladak-kontenerek\/csuszasgatlok\/\" \/>\n<meta property=\"og:site_name\" content=\"Logi-Store Kft. t\u00e1rol\u00e1stechnika, \u00e1llv\u00e1nyredszer, Mecalux partner\" \/>\n<meta property=\"article:modified_time\" content=\"2023-12-05T15:23:55+00:00\" \/>\n<meta property=\"og:image\" content=\"https:\/\/showcase.westerlike.net\/LogiStore\/wp-content\/uploads\/2023\/08\/altermek-kiemelt-kep-1-2.png\" \/>\n\t<meta property=\"og:image:width\" content=\"1000\" \/>\n\t<meta property=\"og:image:height\" content=\"600\" \/>\n\t<meta property=\"og:image:type\" content=\"image\/png\" \/>\n<meta name=\"twitter:card\" content=\"summary_large_image\" \/>\n<script type=\"application\/ld+json\" class=\"yoast-schema-graph\">{\"@context\":\"https:\/\/schema.org\",\"@graph\":[{\"@type\":\"WebPage\",\"@id\":\"https:\/\/showcase.westerlike.net\/LogiStore\/muanyag-es-femladak-kontenerek\/csuszasgatlok\/\",\"url\":\"https:\/\/showcase.westerlike.net\/LogiStore\/muanyag-es-femladak-kontenerek\/csuszasgatlok\/\",\"name\":\"Cs\u00fasz\u00e1sg\u00e1tl\u00f3k - Logi-Store Kft. t\u00e1rol\u00e1stechnika, \u00e1llv\u00e1nyredszer, Mecalux partner\",\"isPartOf\":{\"@id\":\"https:\/\/showcase.westerlike.net\/LogiStore\/#website\"},\"datePublished\":\"2023-08-22T14:30:19+00:00\",\"dateModified\":\"2023-12-05T15:23:55+00:00\",\"breadcrumb\":{\"@id\":\"https:\/\/showcase.westerlike.net\/LogiStore\/muanyag-es-femladak-kontenerek\/csuszasgatlok\/#breadcrumb\"},\"inLanguage\":\"hu\",\"potentialAction\":[{\"@type\":\"ReadAction\",\"target\":[\"https:\/\/showcase.westerlike.net\/LogiStore\/muanyag-es-femladak-kontenerek\/csuszasgatlok\/\"]}]},{\"@type\":\"BreadcrumbList\",\"@id\":\"https:\/\/showcase.westerlike.net\/LogiStore\/muanyag-es-femladak-kontenerek\/csuszasgatlok\/#breadcrumb\",\"itemListElement\":[{\"@type\":\"ListItem\",\"position\":1,\"name\":\"F\u0151oldal\",\"item\":\"https:\/\/showcase.westerlike.net\/LogiStore\/\"},{\"@type\":\"ListItem\",\"position\":2,\"name\":\"M\u0171anyag- \u00e9s f\u00e9ml\u00e1d\u00e1k, kont\u00e9nerek\",\"item\":\"https:\/\/showcase.westerlike.net\/LogiStore\/muanyag-es-femladak-kontenerek\/\"},{\"@type\":\"ListItem\",\"position\":3,\"name\":\"Cs\u00fasz\u00e1sg\u00e1tl\u00f3k\"}]},{\"@type\":\"WebSite\",\"@id\":\"https:\/\/showcase.westerlike.net\/LogiStore\/#website\",\"url\":\"https:\/\/showcase.westerlike.net\/LogiStore\/\",\"name\":\"Logi-Store Kft. t\u00e1rol\u00e1stechnika, \u00e1llv\u00e1nyredszer, Mecalux partner\",\"description\":\"\",\"potentialAction\":[{\"@type\":\"SearchAction\",\"target\":{\"@type\":\"EntryPoint\",\"urlTemplate\":\"https:\/\/showcase.westerlike.net\/LogiStore\/?s={search_term_string}\"},\"query-input\":\"required name=search_term_string\"}],\"inLanguage\":\"hu\"}]}<\/script>\n<!-- \/ Yoast SEO plugin. -->","yoast_head_json":{"title":"Cs\u00fasz\u00e1sg\u00e1tl\u00f3k - Logi-Store Kft. t\u00e1rol\u00e1stechnika, \u00e1llv\u00e1nyredszer, Mecalux partner","robots":{"index":"noindex","follow":"follow","max-snippet":"max-snippet:-1","max-image-preview":"max-image-preview:large","max-video-preview":"max-video-preview:-1"},"og_locale":"hu_HU","og_type":"article","og_title":"Cs\u00fasz\u00e1sg\u00e1tl\u00f3k - Logi-Store Kft. t\u00e1rol\u00e1stechnika, \u00e1llv\u00e1nyredszer, Mecalux partner","og_url":"https:\/\/showcase.westerlike.net\/LogiStore\/muanyag-es-femladak-kontenerek\/csuszasgatlok\/","og_site_name":"Logi-Store Kft. t\u00e1rol\u00e1stechnika, \u00e1llv\u00e1nyredszer, Mecalux partner","article_modified_time":"2023-12-05T15:23:55+00:00","og_image":[{"width":1000,"height":600,"url":"https:\/\/showcase.westerlike.net\/LogiStore\/wp-content\/uploads\/2023\/08\/altermek-kiemelt-kep-1-2.png","type":"image\/png"}],"twitter_card":"summary_large_image","schema":{"@context":"https:\/\/schema.org","@graph":[{"@type":"WebPage","@id":"https:\/\/showcase.westerlike.net\/LogiStore\/muanyag-es-femladak-kontenerek\/csuszasgatlok\/","url":"https:\/\/showcase.westerlike.net\/LogiStore\/muanyag-es-femladak-kontenerek\/csuszasgatlok\/","name":"Cs\u00fasz\u00e1sg\u00e1tl\u00f3k - Logi-Store Kft. t\u00e1rol\u00e1stechnika, \u00e1llv\u00e1nyredszer, Mecalux partner","isPartOf":{"@id":"https:\/\/showcase.westerlike.net\/LogiStore\/#website"},"datePublished":"2023-08-22T14:30:19+00:00","dateModified":"2023-12-05T15:23:55+00:00","breadcrumb":{"@id":"https:\/\/showcase.westerlike.net\/LogiStore\/muanyag-es-femladak-kontenerek\/csuszasgatlok\/#breadcrumb"},"inLanguage":"hu","potentialAction":[{"@type":"ReadAction","target":["https:\/\/showcase.westerlike.net\/LogiStore\/muanyag-es-femladak-kontenerek\/csuszasgatlok\/"]}]},{"@type":"BreadcrumbList","@id":"https:\/\/showcase.westerlike.net\/LogiStore\/muanyag-es-femladak-kontenerek\/csuszasgatlok\/#breadcrumb","itemListElement":[{"@type":"ListItem","position":1,"name":"F\u0151oldal","item":"https:\/\/showcase.westerlike.net\/LogiStore\/"},{"@type":"ListItem","position":2,"name":"M\u0171anyag- \u00e9s f\u00e9ml\u00e1d\u00e1k, kont\u00e9nerek","item":"https:\/\/showcase.westerlike.net\/LogiStore\/muanyag-es-femladak-kontenerek\/"},{"@type":"ListItem","position":3,"name":"Cs\u00fasz\u00e1sg\u00e1tl\u00f3k"}]},{"@type":"WebSite","@id":"https:\/\/showcase.westerlike.net\/LogiStore\/#website","url":"https:\/\/showcase.westerlike.net\/LogiStore\/","name":"Logi-Store Kft. t\u00e1rol\u00e1stechnika, \u00e1llv\u00e1nyredszer, Mecalux partner","description":"","potentialAction":[{"@type":"SearchAction","target":{"@type":"EntryPoint","urlTemplate":"https:\/\/showcase.westerlike.net\/LogiStore\/?s={search_term_string}"},"query-input":"required name=search_term_string"}],"inLanguage":"hu"}]}},"_links":{"self":[{"href":"https:\/\/showcase.westerlike.net\/LogiStore\/wp-json\/wp\/v2\/pages\/1946"}],"collection":[{"href":"https:\/\/showcase.westerlike.net\/LogiStore\/wp-json\/wp\/v2\/pages"}],"about":[{"href":"https:\/\/showcase.westerlike.net\/LogiStore\/wp-json\/wp\/v2\/types\/page"}],"author":[{"embeddable":true,"href":"https:\/\/showcase.westerlike.net\/LogiStore\/wp-json\/wp\/v2\/users\/1"}],"replies":[{"embeddable":true,"href":"https:\/\/showcase.westerlike.net\/LogiStore\/wp-json\/wp\/v2\/comments?post=1946"}],"version-history":[{"count":14,"href":"https:\/\/showcase.westerlike.net\/LogiStore\/wp-json\/wp\/v2\/pages\/1946\/revisions"}],"predecessor-version":[{"id":4200,"href":"https:\/\/showcase.westerlike.net\/LogiStore\/wp-json\/wp\/v2\/pages\/1946\/revisions\/4200"}],"up":[{"embeddable":true,"href":"https:\/\/showcase.westerlike.net\/LogiStore\/wp-json\/wp\/v2\/pages\/184"}],"wp:featuredmedia":[{"embeddable":true,"href":"https:\/\/showcase.westerlike.net\/LogiStore\/wp-json\/wp\/v2\/media\/1949"}],"wp:attachment":[{"href":"https:\/\/showcase.westerlike.net\/LogiStore\/wp-json\/wp\/v2\/media?parent=1946"}],"curies":[{"name":"wp","href":"https:\/\/api.w.org\/{rel}","templated":true}]}}