{"id":22,"date":"2022-02-08T14:27:37","date_gmt":"2022-02-08T14:27:37","guid":{"rendered":"https:\/\/xstore.8theme.com\/elementor\/demos\/water-delivery\/?page_id=22"},"modified":"2025-06-03T11:51:40","modified_gmt":"2025-06-03T11:51:40","slug":"kapcsolat-2","status":"publish","type":"page","link":"https:\/\/showcase.westerlike.net\/Timba\/kapcsolat-2\/","title":{"rendered":"Kapcsolat"},"content":{"rendered":"\t\t<div data-elementor-type=\"wp-page\" data-elementor-id=\"22\" class=\"elementor elementor-22\">\n\t\t\t\t\t\t<section class=\"elementor-section elementor-top-section elementor-element elementor-element-bf5ff12 elementor-section-boxed elementor-section-height-default elementor-section-height-default\" data-id=\"bf5ff12\" data-element_type=\"section\">\n\t\t\t\t\t\t<div class=\"elementor-container elementor-column-gap-no\">\n\t\t\t\t\t<div class=\"elementor-column elementor-col-33 elementor-top-column elementor-element elementor-element-9e83ee4\" data-id=\"9e83ee4\" data-element_type=\"column\">\n\t\t\t<div class=\"elementor-widget-wrap elementor-element-populated\">\n\t\t\t\t\t\t<div class=\"elementor-element elementor-element-074ca1c elementor-align-left elementor-widget elementor-widget-etheme_icon_box\" data-id=\"074ca1c\" data-element_type=\"widget\" data-widget_type=\"etheme_icon_box.default\">\n\t\t\t\t<div class=\"elementor-widget-container\">\n\t\t\t\t\t\t\t\t<div class=\"etheme-icon-box etheme-icon-box-icon-position-left\">\r\n        \r\n                            \r\n                <div class=\"etheme-icon-box-icon etheme-icon-box-icon-type-icon\">\r\n        \r\n                <i aria-hidden=\"true\" class=\"et-icon et-home\"><\/i>        \r\n                <\/div>\r\n            \r\n                <div class=\"etheme-icon-box-content\">\r\n\t\t\r\n                                        \r\n                                            <h3 class=\"etheme-icon-box-title\">\r\n                            <span>Timba \u2013 G\u00e1rdony<\/span>\r\n                        <\/h3>\r\n                    \t\t\r\n                    \r\n                            \r\n                <\/div>\r\n\t\t\t<\/div>\r\n\t\t\t\t\t\t<\/div>\n\t\t\t\t<\/div>\n\t\t\t\t<div class=\"elementor-element elementor-element-a386fa0 elementor-widget elementor-widget-text-editor\" data-id=\"a386fa0\" data-element_type=\"widget\" data-widget_type=\"text-editor.default\">\n\t\t\t\t<div class=\"elementor-widget-container\">\n\t\t\t\t\t\t\t\t\tH-2483 G\u00e1rdony, Szabads\u00e1g \u00fat 1.\t\t\t\t\t\t\t\t<\/div>\n\t\t\t\t<\/div>\n\t\t\t\t<div class=\"elementor-element elementor-element-7206b99 elementor-widget elementor-widget-text-editor\" data-id=\"7206b99\" data-element_type=\"widget\" data-widget_type=\"text-editor.default\">\n\t\t\t\t<div class=\"elementor-widget-container\">\n\t\t\t\t\t\t\t\t\t<b>Telefon:<\/b> (+36) 22 570 080 \t\t\t\t\t\t\t\t<\/div>\n\t\t\t\t<\/div>\n\t\t\t\t<div class=\"elementor-element elementor-element-d85f57b elementor-widget elementor-widget-text-editor\" data-id=\"d85f57b\" data-element_type=\"widget\" data-widget_type=\"text-editor.default\">\n\t\t\t\t<div class=\"elementor-widget-container\">\n\t\t\t\t\t\t\t\t\t<b>Mobil:<\/b> (+36) 20 359 7516\t\t\t\t\t\t\t\t<\/div>\n\t\t\t\t<\/div>\n\t\t\t\t<div class=\"elementor-element elementor-element-09cb586 elementor-widget elementor-widget-text-editor\" data-id=\"09cb586\" data-element_type=\"widget\" data-widget_type=\"text-editor.default\">\n\t\t\t\t<div class=\"elementor-widget-container\">\n\t\t\t\t\t\t\t\t\t<b>Email:<\/b> nfo [kukac] timba [pont] hu\t\t\t\t\t\t\t\t<\/div>\n\t\t\t\t<\/div>\n\t\t\t\t\t<\/div>\n\t\t<\/div>\n\t\t\t\t<div class=\"elementor-column elementor-col-33 elementor-top-column elementor-element elementor-element-d018b3e\" data-id=\"d018b3e\" data-element_type=\"column\">\n\t\t\t<div class=\"elementor-widget-wrap elementor-element-populated\">\n\t\t\t\t\t\t<div class=\"elementor-element elementor-element-73ae340 elementor-align-left elementor-widget elementor-widget-etheme_icon_box\" data-id=\"73ae340\" data-element_type=\"widget\" data-widget_type=\"etheme_icon_box.default\">\n\t\t\t\t<div class=\"elementor-widget-container\">\n\t\t\t\t\t\t\t\t<div class=\"etheme-icon-box etheme-icon-box-icon-position-left\">\r\n        \r\n                            \r\n                <div class=\"etheme-icon-box-icon etheme-icon-box-icon-type-icon\">\r\n        \r\n                <i aria-hidden=\"true\" class=\"et-icon et-home\"><\/i>        \r\n                <\/div>\r\n            \r\n                <div class=\"etheme-icon-box-content\">\r\n\t\t\r\n                                        \r\n                                            <h3 class=\"etheme-icon-box-title\">\r\n                            <span>Nyitvatart\u00e1s<\/span>\r\n                        <\/h3>\r\n                    \t\t\r\n                    \r\n                            \r\n                <\/div>\r\n\t\t\t<\/div>\r\n\t\t\t\t\t\t<\/div>\n\t\t\t\t<\/div>\n\t\t\t\t<div class=\"elementor-element elementor-element-6b1f180 elementor-widget elementor-widget-etheme_icon_list\" data-id=\"6b1f180\" data-element_type=\"widget\" data-widget_type=\"etheme_icon_list.default\">\n\t\t\t\t<div class=\"elementor-widget-container\">\n\t\t\t\t\t            <div class=\"etheme-icon-list\">\r\n                                        <div class=\"etheme-icon-list-item elementor-repeater-item-79a0761\">\r\n                                                                \r\n                                    <span class=\"etheme-icon-list-item-icon\">\r\n                                        <span class=\"etheme-icon-list-item-icon-inner\">\r\n                                        H\u00e9tf\u0151:                                        <\/span>\r\n                                    <\/span>\r\n                                    \r\n                                                            \r\n                            <span class=\"etheme-icon-list-item-text\">\r\n                                Sz\u00fcnnap                            <\/span>\r\n                                                    <\/div>\r\n                                            <div class=\"etheme-icon-list-item elementor-repeater-item-3c3372c\">\r\n                                                                \r\n                                    <span class=\"etheme-icon-list-item-icon\">\r\n                                        <span class=\"etheme-icon-list-item-icon-inner\">\r\n                                         Kedd:                                        <\/span>\r\n                                    <\/span>\r\n                                    \r\n                                                            \r\n                            <span class=\"etheme-icon-list-item-text\">\r\n                                9-17                            <\/span>\r\n                                                    <\/div>\r\n                                            <div class=\"etheme-icon-list-item elementor-repeater-item-1704707\">\r\n                                                                \r\n                                    <span class=\"etheme-icon-list-item-icon\">\r\n                                        <span class=\"etheme-icon-list-item-icon-inner\">\r\n                                         Szerda:                                        <\/span>\r\n                                    <\/span>\r\n                                    \r\n                                                            \r\n                            <span class=\"etheme-icon-list-item-text\">\r\n                                9-17                            <\/span>\r\n                                                    <\/div>\r\n                                            <div class=\"etheme-icon-list-item elementor-repeater-item-170c3e7\">\r\n                                                                \r\n                                    <span class=\"etheme-icon-list-item-icon\">\r\n                                        <span class=\"etheme-icon-list-item-icon-inner\">\r\n                                         Cs\u00fct\u00f6rt\u00f6k:                                        <\/span>\r\n                                    <\/span>\r\n                                    \r\n                                                            \r\n                            <span class=\"etheme-icon-list-item-text\">\r\n                                9-17                            <\/span>\r\n                                                    <\/div>\r\n                                            <div class=\"etheme-icon-list-item elementor-repeater-item-1ec2e23\">\r\n                                                                \r\n                                    <span class=\"etheme-icon-list-item-icon\">\r\n                                        <span class=\"etheme-icon-list-item-icon-inner\">\r\n                                         P\u00e9ntek:                                         <\/span>\r\n                                    <\/span>\r\n                                    \r\n                                                            \r\n                            <span class=\"etheme-icon-list-item-text\">\r\n                                9-16                            <\/span>\r\n                                                    <\/div>\r\n                                            <div class=\"etheme-icon-list-item elementor-repeater-item-6a4aa8c\">\r\n                                                                \r\n                                    <span class=\"etheme-icon-list-item-icon\">\r\n                                        <span class=\"etheme-icon-list-item-icon-inner\">\r\n                                        Szombat:                                         <\/span>\r\n                                    <\/span>\r\n                                    \r\n                                                            \r\n                            <span class=\"etheme-icon-list-item-text\">\r\n                                10-13                            <\/span>\r\n                                                    <\/div>\r\n                                <\/div>\r\n        \r\n        \t\t\t\t<\/div>\n\t\t\t\t<\/div>\n\t\t\t\t<div class=\"elementor-element elementor-element-022ef9f elementor-widget elementor-widget-etheme_icon_list\" data-id=\"022ef9f\" data-element_type=\"widget\" data-widget_type=\"etheme_icon_list.default\">\n\t\t\t\t<div class=\"elementor-widget-container\">\n\t\t\t\t\t            <div class=\"etheme-icon-list\">\r\n                                        <div class=\"etheme-icon-list-item elementor-repeater-item-79a0761\">\r\n                                                                \r\n                                    <span class=\"etheme-icon-list-item-icon\">\r\n                                        <span class=\"etheme-icon-list-item-icon-inner\">\r\n                                         Vas\u00e1rnap:                                        <\/span>\r\n                                    <\/span>\r\n                                    \r\n                                                            \r\n                            <span class=\"etheme-icon-list-item-text\">\r\n                                Z\u00e1rva                            <\/span>\r\n                                                    <\/div>\r\n                                <\/div>\r\n        \r\n        \t\t\t\t<\/div>\n\t\t\t\t<\/div>\n\t\t\t\t\t<\/div>\n\t\t<\/div>\n\t\t\t\t<div class=\"elementor-column elementor-col-33 elementor-top-column elementor-element elementor-element-3d36b6e\" data-id=\"3d36b6e\" data-element_type=\"column\" data-settings=\"{&quot;background_background&quot;:&quot;classic&quot;}\">\n\t\t\t<div class=\"elementor-widget-wrap elementor-element-populated\">\n\t\t\t\t\t\t<div class=\"elementor-element elementor-element-330fb0c elementor-widget elementor-widget-heading\" data-id=\"330fb0c\" data-element_type=\"widget\" data-widget_type=\"heading.default\">\n\t\t\t\t<div class=\"elementor-widget-container\">\n\t\t\t\t\t<h2 class=\"elementor-heading-title elementor-size-default\">\u00dczenet k\u00fcld\u00e9s<\/h2>\t\t\t\t<\/div>\n\t\t\t\t<\/div>\n\t\t\t\t<div class=\"elementor-element elementor-element-fab63b4 etheme-contact-form-7-button-custom elementor-widget elementor-widget-et-contact-form-7\" data-id=\"fab63b4\" data-element_type=\"widget\" data-widget_type=\"et-contact-form-7.default\">\n\t\t\t\t<div class=\"elementor-widget-container\">\n\t\t\t\t\t                <div class=\"pp-contact-form etheme-contact-form-7 placeholder-show\">\r\n                                        \n<div class=\"wpcf7 no-js\" id=\"wpcf7-f411-o1\" lang=\"en-US\" dir=\"ltr\" data-wpcf7-id=\"411\">\n<div class=\"screen-reader-response\"><p role=\"status\" aria-live=\"polite\" aria-atomic=\"true\"><\/p> <ul><\/ul><\/div>\n<form action=\"\/Timba\/wp-json\/wp\/v2\/pages\/22#wpcf7-f411-o1\" method=\"post\" class=\"wpcf7-form init\" aria-label=\"Contact form\" novalidate=\"novalidate\" data-status=\"init\">\n<div style=\"display: none;\">\n<input type=\"hidden\" name=\"_wpcf7\" value=\"411\" \/>\n<input type=\"hidden\" name=\"_wpcf7_version\" value=\"6.0.6\" \/>\n<input type=\"hidden\" name=\"_wpcf7_locale\" value=\"en_US\" \/>\n<input type=\"hidden\" name=\"_wpcf7_unit_tag\" value=\"wpcf7-f411-o1\" \/>\n<input type=\"hidden\" name=\"_wpcf7_container_post\" value=\"0\" \/>\n<input type=\"hidden\" name=\"_wpcf7_posted_data_hash\" value=\"\" \/>\n<\/div>\n<p><label> Az \u00d6n neve:<br \/>\n<span class=\"wpcf7-form-control-wrap\" data-name=\"your-name\"><input size=\"40\" maxlength=\"400\" class=\"wpcf7-form-control wpcf7-text wpcf7-validates-as-required\" aria-required=\"true\" aria-invalid=\"false\" placeholder=\"Teljes n\u00e9v\" value=\"\" type=\"text\" name=\"your-name\" \/><\/span> <\/label>\n<\/p>\n<p><label> E-mail c\u00edm:<br \/>\n<span class=\"wpcf7-form-control-wrap\" data-name=\"your-email\"><input size=\"40\" maxlength=\"400\" class=\"wpcf7-form-control wpcf7-email wpcf7-validates-as-required wpcf7-text wpcf7-validates-as-email\" aria-required=\"true\" aria-invalid=\"false\" placeholder=\"E-mail c\u00edm\" value=\"\" type=\"email\" name=\"your-email\" \/><\/span> <\/label>\n<\/p>\n<p><label> Telefonsz\u00e1m:<br \/>\n<span class=\"wpcf7-form-control-wrap\" data-name=\"tel-923\"><input size=\"40\" maxlength=\"400\" class=\"wpcf7-form-control wpcf7-tel wpcf7-text wpcf7-validates-as-tel\" aria-invalid=\"false\" placeholder=\"Telefonsz\u00e1m\" value=\"\" type=\"tel\" name=\"tel-923\" \/><\/span> <\/label>\n<\/p>\n<p><label> T\u00e1rgy:<br \/>\n<span class=\"wpcf7-form-control-wrap\" data-name=\"text-684\"><input size=\"40\" maxlength=\"400\" class=\"wpcf7-form-control wpcf7-text\" aria-invalid=\"false\" placeholder=\"T\u00e1rgy\" value=\"\" type=\"text\" name=\"text-684\" \/><\/span><\/label>\n<\/p>\n<p><label> \u00dczenet:<br \/>\n<span class=\"wpcf7-form-control-wrap\" data-name=\"your-message\"><textarea cols=\"4\" rows=\"4\" maxlength=\"2000\" class=\"wpcf7-form-control wpcf7-textarea\" aria-invalid=\"false\" placeholder=\"\u00dczenet\" name=\"your-message\"><\/textarea><\/span> <\/label>\n<\/p>\n<p><input class=\"wpcf7-form-control wpcf7-submit has-spinner\" type=\"submit\" value=\"K\u00fcld\u00e9s\" \/>\n<\/p><div class=\"wpcf7-response-output\" aria-hidden=\"true\"><\/div>\n<\/form>\n<\/div>\n                <\/div>\r\n                \t\t\t\t<\/div>\n\t\t\t\t<\/div>\n\t\t\t\t\t<\/div>\n\t\t<\/div>\n\t\t\t\t\t<\/div>\n\t\t<\/section>\n\t\t\t\t<section class=\"elementor-section elementor-top-section elementor-element elementor-element-25fc3265 elementor-section-stretched elementor-section-full_width elementor-section-height-default elementor-section-height-default\" data-id=\"25fc3265\" data-element_type=\"section\" data-settings=\"{&quot;stretch_section&quot;:&quot;section-stretched&quot;}\">\n\t\t\t\t\t\t<div class=\"elementor-container elementor-column-gap-no\">\n\t\t\t\t\t<div class=\"elementor-column elementor-col-100 elementor-top-column elementor-element elementor-element-579512b7\" data-id=\"579512b7\" data-element_type=\"column\">\n\t\t\t<div class=\"elementor-widget-wrap elementor-element-populated\">\n\t\t\t\t\t\t<div class=\"elementor-element elementor-element-166051f2 elementor-widget elementor-widget-google_maps\" data-id=\"166051f2\" data-element_type=\"widget\" data-widget_type=\"google_maps.default\">\n\t\t\t\t<div class=\"elementor-widget-container\">\n\t\t\t\t\t\t\t<div class=\"elementor-custom-embed\">\n\t\t\t<iframe loading=\"lazy\"\n\t\t\t\t\tsrc=\"https:\/\/maps.google.com\/maps?q=G%C3%A1rdony%20szabads%C3%A9g%20%C3%BAt%201&#038;t=m&#038;z=12&#038;output=embed&#038;iwloc=near\"\n\t\t\t\t\ttitle=\"G\u00e1rdony szabads\u00e9g \u00fat 1\"\n\t\t\t\t\taria-label=\"G\u00e1rdony szabads\u00e9g \u00fat 1\"\n\t\t\t><\/iframe>\n\t\t<\/div>\n\t\t\t\t\t\t<\/div>\n\t\t\t\t<\/div>\n\t\t\t\t\t<\/div>\n\t\t<\/div>\n\t\t\t\t\t<\/div>\n\t\t<\/section>\n\t\t\t\t<\/div>\n\t\t","protected":false},"excerpt":{"rendered":"<p>Timba \u2013 G\u00e1rdony H-2483 G\u00e1rdony, Szabads\u00e1g \u00fat 1.Telefon: (+36) 22 570 080 Mobil: (+36) 20 359 7516Email: nfo [kukac] timba [pont] hu Nyitvatart\u00e1s H\u00e9tf\u0151: Sz\u00fcnnap&#8230;<\/p>\n","protected":false},"author":35,"featured_media":0,"parent":0,"menu_order":0,"comment_status":"closed","ping_status":"closed","template":"","meta":{"footnotes":""},"class_list":["post-22","page","type-page","status-publish","hentry"],"_links":{"self":[{"href":"https:\/\/showcase.westerlike.net\/Timba\/wp-json\/wp\/v2\/pages\/22","targetHints":{"allow":["GET"]}}],"collection":[{"href":"https:\/\/showcase.westerlike.net\/Timba\/wp-json\/wp\/v2\/pages"}],"about":[{"href":"https:\/\/showcase.westerlike.net\/Timba\/wp-json\/wp\/v2\/types\/page"}],"author":[{"embeddable":true,"href":"https:\/\/showcase.westerlike.net\/Timba\/wp-json\/wp\/v2\/users\/35"}],"replies":[{"embeddable":true,"href":"https:\/\/showcase.westerlike.net\/Timba\/wp-json\/wp\/v2\/comments?post=22"}],"version-history":[{"count":10,"href":"https:\/\/showcase.westerlike.net\/Timba\/wp-json\/wp\/v2\/pages\/22\/revisions"}],"predecessor-version":[{"id":9576,"href":"https:\/\/showcase.westerlike.net\/Timba\/wp-json\/wp\/v2\/pages\/22\/revisions\/9576"}],"wp:attachment":[{"href":"https:\/\/showcase.westerlike.net\/Timba\/wp-json\/wp\/v2\/media?parent=22"}],"curies":[{"name":"wp","href":"https:\/\/api.w.org\/{rel}","templated":true}]}}