{"id":3083,"date":"2016-04-25T09:59:33","date_gmt":"2016-04-25T09:59:33","guid":{"rendered":"https:\/\/showcase.westerlike.net\/Timba\/?page_id=3083"},"modified":"2022-09-24T10:12:42","modified_gmt":"2022-09-24T10:12:42","slug":"vaszonkep-keszites","status":"publish","type":"page","link":"https:\/\/showcase.westerlike.net\/Timba\/szolgaltatasok\/vaszonkep-keszites\/","title":{"rendered":"V\u00e1szonk\u00e9p k\u00e9sz\u00edt\u00e9s"},"content":{"rendered":"<ul>\n<li>Egyedi m\u00e9ret\u0171 \u00e9s kivitel\u0171 v\u00e1szonk\u00e9p\u00a0(b\u00e1rmely m\u00e9di\u00e1r\u00f3l) AK\u00c1R <strong>AZONNAL IS!<\/strong><\/li>\n<li>Nyomtat\u00e1s fot\u00f3v\u00e1szonra<\/li>\n<li>Vakr\u00e1m\u00e1ra fesz\u00edt\u00e9s<\/li>\n<li>T\u00f6bbdarabos \u00f6ssze\u00e1ll\u00edt\u00e1sok<\/li>\n<\/ul>\n<p>Elk\u00e9sz\u00edtj\u00fck saj\u00e1t fot\u00f3ja alapj\u00e1n egyedi m\u00e9ret\u0171 \u00e9s kivitel\u0171 v\u00e1szonk\u00e9p\u00e9t. \u00a0Speci\u00e1lis fot\u00f3v\u00e1szonra (canvas) \u00a0nyomtatva, \u00a0cs\u00facsmin\u0151s\u00e9g\u0171 8 sz\u00ednes m\u0171v\u00e9szi nyomtat\u00e1sra is alkalmas nyomtat\u00f3val, \u00a02-4 cm profilmagass\u00e1g\u00fa hossztoldott borovi feny\u0151b\u0151l k\u00e9sz\u00fclt vakr\u00e1m\u00e1ra fesz\u00edtve. Helysz\u00ednen gy\u00e1rtjuk, \u00a0szinte azonnal \u00e1tvehet\u0151.<\/p>\n<h4 class=\"ar-cim\"><a><\/a>\u00c1raink<\/h4>\n<div class=\"table-responsive\">\n<table class=\"table table-hover\" border=\"0\" cellspacing=\"0\" cellpadding=\"0\" align=\"center\">\n<tbody>\n<tr class=\"ar-kiemelt\">\n<td style=\"padding-left: 10px;\">Alapanyag<\/td>\n<td style=\"text-align: center;\">360 g canvas fot\u00f3v\u00e1szon,\u00a0 vakr\u00e1m\u00e1ra fesz\u00edtve<\/td>\n<\/tr>\n<tr>\n<td id=\"vonal2\" style=\"padding-left: 10px;\">21 x 30 cm (3:2 k\u00e9par\u00e1ny)<\/td>\n<td style=\"text-align: center;\"><b>4.990<\/b>\u00a0Ft<\/td>\n<\/tr>\n<tr class=\"ar-szurke\">\n<td id=\"vonal2\" style=\"padding-left: 10px;\">30 x 45 cm (3:2 k\u00e9par\u00e1ny)<\/td>\n<td style=\"text-align: center;\"><b>6.990<\/b>\u00a0Ft<\/td>\n<\/tr>\n<tr>\n<td id=\"vonal2\" style=\"padding-left: 10px;\">35 x 62 cm (16:9 k\u00e9par\u00e1ny)<\/td>\n<td style=\"text-align: center;\"><b>8.490<\/b>\u00a0Ft<\/td>\n<\/tr>\n<tr class=\"ar-szurke\">\n<td id=\"vonal2\" style=\"padding-left: 10px;\">40 x 40 cm (1:1 k\u00e9par\u00e1ny)<\/td>\n<td style=\"text-align: center;\"><b>7.490<\/b>\u00a0Ft<\/td>\n<\/tr>\n<tr>\n<td id=\"vonal2\" style=\"padding-left: 10px;\">40 x 60 cm (3:2 k\u00e9par\u00e1ny)<\/td>\n<td style=\"text-align: center;\"><b>8.990<\/b>\u00a0Ft<\/td>\n<\/tr>\n<tr class=\"ar-szurke\">\n<td id=\"vonal2\" style=\"padding-left: 10px;\">45 x 80 cm (16:9 k\u00e9par\u00e1ny)<\/td>\n<td style=\"text-align: center;\"><b>9.490<\/b>\u00a0Ft<\/td>\n<\/tr>\n<tr>\n<td id=\"vonal2\" style=\"padding-left: 10px;\">60 x 60 cm (1:1 k\u00e9par\u00e1ny)<\/td>\n<td style=\"text-align: center;\"><b>9.490<\/b> Ft<\/td>\n<\/tr>\n<tr class=\"ar-szurke\">\n<td id=\"vonal2\" style=\"padding-left: 10px;\">60 x 90 cm (3:2 k\u00e9par\u00e1ny)<\/td>\n<td style=\"text-align: center;\"><strong>10.990<\/strong> Ft<\/td>\n<\/tr>\n<tr>\n<td id=\"vonal2\" style=\"padding-left: 10px;\">80 x 120 cm (3:2 k\u00e9par\u00e1ny)<\/td>\n<td style=\"text-align: center;\"><b>15.990<\/b> Ft<\/td>\n<\/tr>\n<\/tbody>\n<\/table>\n<\/div>\n<h6 style=\"text-align: center;\">\u00c1raink v\u00e9gfelhaszn\u00e1l\u00f3i \u00e1rak, mag\u00e1nszem\u00e9lyek r\u00e9sz\u00e9re nem tartalmaznak \u00c1FA-t,<br \/>\nc\u00e9ges megrendel\u00e9s eset\u00e9n +27% \u00c1FA-t meg kell fizetni!<\/h6>\n","protected":false},"excerpt":{"rendered":"<p>Egyedi m\u00e9ret\u0171 \u00e9s kivitel\u0171 v\u00e1szonk\u00e9p\u00a0(b\u00e1rmely m\u00e9di\u00e1r\u00f3l) AK\u00c1R AZONNAL IS! Nyomtat\u00e1s fot\u00f3v\u00e1szonra Vakr\u00e1m\u00e1ra fesz\u00edt\u00e9s T\u00f6bbdarabos \u00f6ssze\u00e1ll\u00edt\u00e1sok Elk\u00e9sz\u00edtj\u00fck saj\u00e1t fot\u00f3ja alapj\u00e1n egyedi m\u00e9ret\u0171 \u00e9s kivitel\u0171 v\u00e1szonk\u00e9p\u00e9t. \u00a0Speci\u00e1lis&#8230;<\/p>\n","protected":false},"author":1,"featured_media":3084,"parent":61,"menu_order":0,"comment_status":"closed","ping_status":"closed","template":"page_fullwidth.php","meta":{"footnotes":""},"class_list":["post-3083","page","type-page","status-publish","has-post-thumbnail","hentry"],"_links":{"self":[{"href":"https:\/\/showcase.westerlike.net\/Timba\/wp-json\/wp\/v2\/pages\/3083","targetHints":{"allow":["GET"]}}],"collection":[{"href":"https:\/\/showcase.westerlike.net\/Timba\/wp-json\/wp\/v2\/pages"}],"about":[{"href":"https:\/\/showcase.westerlike.net\/Timba\/wp-json\/wp\/v2\/types\/page"}],"author":[{"embeddable":true,"href":"https:\/\/showcase.westerlike.net\/Timba\/wp-json\/wp\/v2\/users\/1"}],"replies":[{"embeddable":true,"href":"https:\/\/showcase.westerlike.net\/Timba\/wp-json\/wp\/v2\/comments?post=3083"}],"version-history":[{"count":0,"href":"https:\/\/showcase.westerlike.net\/Timba\/wp-json\/wp\/v2\/pages\/3083\/revisions"}],"up":[{"embeddable":true,"href":"https:\/\/showcase.westerlike.net\/Timba\/wp-json\/wp\/v2\/pages\/61"}],"wp:featuredmedia":[{"embeddable":true,"href":"https:\/\/showcase.westerlike.net\/Timba\/wp-json\/wp\/v2\/media\/3084"}],"wp:attachment":[{"href":"https:\/\/showcase.westerlike.net\/Timba\/wp-json\/wp\/v2\/media?parent=3083"}],"curies":[{"name":"wp","href":"https:\/\/api.w.org\/{rel}","templated":true}]}}