{"id":3087,"date":"2016-04-25T11:48:44","date_gmt":"2016-04-25T11:48:44","guid":{"rendered":"https:\/\/showcase.westerlike.net\/Timba\/?page_id=3087"},"modified":"2022-09-24T10:38:35","modified_gmt":"2022-09-24T10:38:35","slug":"molino-keszites","status":"publish","type":"page","link":"https:\/\/showcase.westerlike.net\/Timba\/szolgaltatasok\/molino-keszites\/","title":{"rendered":"Molin\u00f3, ponyva k\u00e9sz\u00edt\u00e9s"},"content":{"rendered":"<ul>\n<li>Egyedi m\u00e9ret\u0171 \u00e9s kivitel\u0171 molin\u00f3k<\/li>\n<li>\u00c9p\u00edt\u00e9si h\u00e1l\u00f3k (mesh)<\/li>\n<li>K\u00fclt\u00e9ri \u00e9s belt\u00e9ri kivitelben<\/li>\n<li>Szeg\u00e9s, ringliz\u00e9s<\/li>\n<\/ul>\n<p>Molin\u00f3k, ponyv\u00e1k gy\u00e1rt\u00e1sa egyedi ig\u00e9nyek alapj\u00e1n tart\u00f3s k\u00fclt\u00e9ri haszn\u00e1latra, vagy ak\u00e1r csak egy rendezv\u00e9nyre, ki\u00e1ll\u00edt\u00e1sra. Tegye egyediv\u00e9 \u00fczlet\u00e9t, standj\u00e1t! N\u00e1lunk az \u00e1rak alapb\u00f3l tartalmazz\u00e1k a\u00a0m\u00e9retre v\u00e1g\u00e1st, sz\u00e9lek visszahajt\u00e1s\u00e1t, szeg\u00e9s\u00e9t, valamint a ringliz\u00e9st (r\u00f6gz\u00edt\u00e9si karik\u00e1k elhelyez\u00e9se)!<\/p>\n<h4 class=\"ar-cim\"><a><\/a>\u00c1raink<\/h4>\n<div class=\"table-responsive\">\n<table class=\"table table-hover\" border=\"0\" cellspacing=\"0\" cellpadding=\"0\" align=\"center\">\n<tbody>\n<tr class=\"ar-kiemelt\">\n<td style=\"padding-left: 10px;\">T\u00edpusok:<\/td>\n<td style=\"text-align: center;\">1-10 m2<\/td>\n<td style=\"text-align: center;\">11-16 m2<\/td>\n<td style=\"text-align: center;\">17-22 m2<\/td>\n<td style=\"text-align: center;\">23 m2 felett<\/td>\n<\/tr>\n<tr>\n<td style=\"padding-left: 10px;\">510 g \u00f6nt\u00f6tt ponyva<\/td>\n<td style=\"text-align: center;\"><strong>9.000<\/strong> Ft<\/td>\n<td style=\"text-align: center;\"><strong>8.000<\/strong> Ft<\/td>\n<td style=\"text-align: center;\"><strong>7.000<\/strong> Ft<\/td>\n<td style=\"text-align: center;\"><strong>5.000<\/strong> Ft<\/td>\n<\/tr>\n<tr class=\"ar-szurke\">\n<td style=\"padding-left: 10px;\">\u00c9p\u00edt\u00e9si h\u00e1l\u00f3 (mesh)<\/td>\n<td style=\"text-align: center;\"><strong>10.000<\/strong> Ft<\/td>\n<td style=\"text-align: center;\"><strong>9.000<\/strong> Ft<\/td>\n<td style=\"text-align: center;\"><strong>8.000<\/strong> Ft<\/td>\n<td style=\"text-align: center;\"><strong>6.000<\/strong> Ft<\/td>\n<\/tr>\n<tr>\n<td style=\"padding-left: 10px;\">320 g textil banner<\/td>\n<td style=\"text-align: center;\"><strong>11.000<\/strong> Ft<\/td>\n<td style=\"text-align: center;\"><strong>10.000<\/strong> Ft<\/td>\n<td style=\"text-align: center;\"><strong>9.000<\/strong> Ft<\/td>\n<td style=\"text-align: center;\"><strong>7.000<\/strong> Ft<\/td>\n<\/tr>\n<\/tbody>\n<\/table>\n<\/div>\n<h6 style=\"text-align: center;\">\u00c1raink v\u00e9gfelhaszn\u00e1l\u00f3i \u00e1rak, mag\u00e1nszem\u00e9lyek r\u00e9sz\u00e9re nem tartalmaznak \u00c1FA-t,<br \/>\nc\u00e9ges megrendel\u00e9s eset\u00e9n +27% \u00c1FA-t meg kell fizetni!<\/h6>\n","protected":false},"excerpt":{"rendered":"<p>Egyedi m\u00e9ret\u0171 \u00e9s kivitel\u0171 molin\u00f3k \u00c9p\u00edt\u00e9si h\u00e1l\u00f3k (mesh) K\u00fclt\u00e9ri \u00e9s belt\u00e9ri kivitelben Szeg\u00e9s, ringliz\u00e9s Molin\u00f3k, ponyv\u00e1k gy\u00e1rt\u00e1sa egyedi ig\u00e9nyek alapj\u00e1n tart\u00f3s k\u00fclt\u00e9ri haszn\u00e1latra, vagy ak\u00e1r&#8230;<\/p>\n","protected":false},"author":1,"featured_media":3094,"parent":61,"menu_order":0,"comment_status":"closed","ping_status":"closed","template":"page_fullwidth.php","meta":{"footnotes":""},"class_list":["post-3087","page","type-page","status-publish","has-post-thumbnail","hentry"],"_links":{"self":[{"href":"https:\/\/showcase.westerlike.net\/Timba\/wp-json\/wp\/v2\/pages\/3087","targetHints":{"allow":["GET"]}}],"collection":[{"href":"https:\/\/showcase.westerlike.net\/Timba\/wp-json\/wp\/v2\/pages"}],"about":[{"href":"https:\/\/showcase.westerlike.net\/Timba\/wp-json\/wp\/v2\/types\/page"}],"author":[{"embeddable":true,"href":"https:\/\/showcase.westerlike.net\/Timba\/wp-json\/wp\/v2\/users\/1"}],"replies":[{"embeddable":true,"href":"https:\/\/showcase.westerlike.net\/Timba\/wp-json\/wp\/v2\/comments?post=3087"}],"version-history":[{"count":0,"href":"https:\/\/showcase.westerlike.net\/Timba\/wp-json\/wp\/v2\/pages\/3087\/revisions"}],"up":[{"embeddable":true,"href":"https:\/\/showcase.westerlike.net\/Timba\/wp-json\/wp\/v2\/pages\/61"}],"wp:featuredmedia":[{"embeddable":true,"href":"https:\/\/showcase.westerlike.net\/Timba\/wp-json\/wp\/v2\/media\/3094"}],"wp:attachment":[{"href":"https:\/\/showcase.westerlike.net\/Timba\/wp-json\/wp\/v2\/media?parent=3087"}],"curies":[{"name":"wp","href":"https:\/\/api.w.org\/{rel}","templated":true}]}}