{"id":3100,"date":"2016-04-25T14:04:19","date_gmt":"2016-04-25T14:04:19","guid":{"rendered":"https:\/\/showcase.westerlike.net\/Timba\/?page_id=3100"},"modified":"2022-09-24T10:16:47","modified_gmt":"2022-09-24T10:16:47","slug":"naptar-keszites","status":"publish","type":"page","link":"https:\/\/showcase.westerlike.net\/Timba\/szolgaltatasok\/naptar-keszites\/","title":{"rendered":"Napt\u00e1r k\u00e9sz\u00edt\u00e9s"},"content":{"rendered":"<ul>\n<li>Egyedi f\u00e9nyk\u00e9pes falinapt\u00e1rak\n<ul>\n<li>A5 (148 x 210 mm)<\/li>\n<li>A4 (210 x 297 mm)<\/li>\n<li>A3 (297 x 420 mm)<\/li>\n<li>A2 (420 x\u00a0594 mm)<\/li>\n<\/ul>\n<\/li>\n<li>Asztali napt\u00e1rak<\/li>\n<li>K\u00e1rtyanapt\u00e1rak<\/li>\n<\/ul>\n<p>Fali, asztali \u00e9s k\u00e1rtyanapt\u00e1rak egyedi ig\u00e9nyek alapj\u00e1n, mindenf\u00e9le m\u00e9retben \u00e9s kivitelben. (Mostant\u00f3l ak\u00e1r A0 -\u00e1s \u00e9ves plak\u00e1tnapt\u00e1r kivitelben is!) Gyors, prec\u00edz, min\u0151s\u00e9gi munka, r\u00f6vid hat\u00e1rid\u0151, \u00a0kedvez\u0151 \u00e1rak.<\/p>\n<h4 class=\"ar-cim\"><a><\/a>\u00c1raink<\/h4>\n<div class=\"table-responsive\">\n<table class=\"table table-hover\" border=\"0\" cellspacing=\"0\" cellpadding=\"0\" align=\"center\">\n<tbody>\n<tr class=\"ar-kiemelt\">\n<td style=\"padding-left: 10px;\">T\u00edpusok:<\/td>\n<td style=\"text-align: center;\">1-10 db<\/td>\n<td style=\"text-align: center;\">11-25 db<\/td>\n<td style=\"text-align: center;\">26 felett<\/td>\n<\/tr>\n<tr class=\"ar-szurke\">\n<td style=\"padding-left: 10px;\">A4 falinapt\u00e1r (12+1 lapos)<\/td>\n<td style=\"text-align: center;\"><strong>3.990<\/strong> Ft<\/td>\n<td style=\"text-align: center;\"><strong>2.990<\/strong> Ft<\/td>\n<td style=\"text-align: center;\"><strong>2.490<\/strong> Ft<\/td>\n<\/tr>\n<tr>\n<td style=\"padding-left: 10px;\">A3 falinapt\u00e1r (12+1 lapos)<\/td>\n<td style=\"text-align: center;\"><strong>4.990<\/strong> Ft<\/td>\n<td style=\"text-align: center;\"><strong>3.990<\/strong> Ft<\/td>\n<td style=\"text-align: center;\"><strong>3.490<\/strong> Ft<\/td>\n<\/tr>\n<tr class=\"ar-szurke\">\n<td style=\"padding-left: 10px;\">K\u00e1rtyanapt\u00e1r<\/td>\n<td style=\"text-align: center;\"><strong>&#8211;<\/strong><\/td>\n<td style=\"text-align: center;\"><strong>&#8211;<\/strong><\/td>\n<td style=\"text-align: center;\"><strong>80 Ft-t\u00f3l<\/strong><\/td>\n<\/tr>\n<\/tbody>\n<\/table>\n<\/div>\n<h6 style=\"text-align: center;\">\u00c1raink v\u00e9gfelhaszn\u00e1l\u00f3i \u00e1rak, mag\u00e1nszem\u00e9lyek r\u00e9sz\u00e9re nem tartalmaznak \u00c1FA-t,<br \/>\nc\u00e9ges megrendel\u00e9s eset\u00e9n +27% \u00c1FA-t meg kell fizetni!<\/h6>\n","protected":false},"excerpt":{"rendered":"<p>Egyedi f\u00e9nyk\u00e9pes falinapt\u00e1rak A5 (148 x 210 mm) A4 (210 x 297 mm) A3 (297 x 420 mm) A2 (420 x\u00a0594 mm) Asztali napt\u00e1rak K\u00e1rtyanapt\u00e1rak&#8230;<\/p>\n","protected":false},"author":1,"featured_media":3101,"parent":61,"menu_order":0,"comment_status":"closed","ping_status":"closed","template":"page_fullwidth.php","meta":{"footnotes":""},"class_list":["post-3100","page","type-page","status-publish","has-post-thumbnail","hentry"],"_links":{"self":[{"href":"https:\/\/showcase.westerlike.net\/Timba\/wp-json\/wp\/v2\/pages\/3100","targetHints":{"allow":["GET"]}}],"collection":[{"href":"https:\/\/showcase.westerlike.net\/Timba\/wp-json\/wp\/v2\/pages"}],"about":[{"href":"https:\/\/showcase.westerlike.net\/Timba\/wp-json\/wp\/v2\/types\/page"}],"author":[{"embeddable":true,"href":"https:\/\/showcase.westerlike.net\/Timba\/wp-json\/wp\/v2\/users\/1"}],"replies":[{"embeddable":true,"href":"https:\/\/showcase.westerlike.net\/Timba\/wp-json\/wp\/v2\/comments?post=3100"}],"version-history":[{"count":0,"href":"https:\/\/showcase.westerlike.net\/Timba\/wp-json\/wp\/v2\/pages\/3100\/revisions"}],"up":[{"embeddable":true,"href":"https:\/\/showcase.westerlike.net\/Timba\/wp-json\/wp\/v2\/pages\/61"}],"wp:featuredmedia":[{"embeddable":true,"href":"https:\/\/showcase.westerlike.net\/Timba\/wp-json\/wp\/v2\/media\/3101"}],"wp:attachment":[{"href":"https:\/\/showcase.westerlike.net\/Timba\/wp-json\/wp\/v2\/media?parent=3100"}],"curies":[{"name":"wp","href":"https:\/\/api.w.org\/{rel}","templated":true}]}}