{"id":3122,"date":"2016-06-22T07:21:03","date_gmt":"2016-06-22T07:21:03","guid":{"rendered":"https:\/\/showcase.westerlike.net\/Timba\/?page_id=3122"},"modified":"2022-09-24T10:11:56","modified_gmt":"2022-09-24T10:11:56","slug":"fenykepes-ajandekok","status":"publish","type":"page","link":"https:\/\/showcase.westerlike.net\/Timba\/szolgaltatasok\/fenykepes-ajandekok\/","title":{"rendered":"F\u00e9nyk\u00e9pes aj\u00e1nd\u00e9kok"},"content":{"rendered":"<ul>\n<li>Fali \u00e9s asztali \u00f3ra<\/li>\n<li>Puzzle<\/li>\n<li>Eg\u00e9rpad (eg\u00e9ral\u00e1t\u00e9t)<\/li>\n<li>Poh\u00e1ral\u00e1t\u00e9t<\/li>\n<li>Kulcstart\u00f3<\/li>\n<li>H\u0171t\u0151m\u00e1gnes<\/li>\n<li>\u00dcveg v\u00e1g\u00f3deszka<\/li>\n<li>Csempe<\/li>\n<li>F\u00e9nyk\u00e9pes fali\u00f3ra<\/li>\n<li>Kisp\u00e1rna<\/li>\n<li>K\u00f6t\u00e9ny<\/li>\n<li>Textilt\u00e1ska<\/li>\n<\/ul>\n<p>K\u00e9pes \u00e9s k\u00e9ptelen aj\u00e1nd\u00e9k\u00f6tletek \u00a9 b\u00e1rmilyen alkalomra: le\u00e1nyb\u00facs\u00fa, leg\u00e9nyb\u00facs\u00fa, esk\u00fcv\u0151, keresztel\u0151, sz\u00fclet\u00e9snap, ballag\u00e1s, kar\u00e1csony, Mikul\u00e1s, stb. Lepje meg szeretteit egyedi, f\u00e9nyk\u00e9pes aj\u00e1nd\u00e9kt\u00e1rggyal! R\u00f6vid hat\u00e1rid\u0151, a legt\u00f6bb term\u00e9k a helysz\u00ednen megv\u00e1rhat\u00f3.<\/p>\n<h4 class=\"ar-cim\"><a><\/a>\u00c1raink<\/h4>\n<div class=\"table-responsive\">\n<table class=\"table table-hover\" border=\"0\" cellspacing=\"0\" cellpadding=\"0\" align=\"center\">\n<tbody>\n<tr class=\"ar-kiemelt\">\n<td id=\"vonal2\" style=\"padding-left: 10px;\"><strong>Megnevez\u00e9s<\/strong><\/td>\n<td style=\"text-align: center;\"><strong>\u00e1r<\/strong><\/td>\n<\/tr>\n<tr>\n<td id=\"vonal2\" style=\"padding-left: 10px;\">Puzzle (A4)<\/td>\n<td style=\"text-align: center;\"><strong>2.290<\/strong> Ft<\/td>\n<\/tr>\n<tr class=\"ar-szurke\">\n<td id=\"vonal2\" style=\"padding-left: 10px;\">Eg\u00e9rpad<\/td>\n<td style=\"text-align: center;\"><strong>2.290<\/strong> Ft<\/td>\n<\/tr>\n<tr>\n<td id=\"vonal2\" style=\"padding-left: 10px;\">Kulcstart\u00f3 (2db fot\u00f3val)<\/td>\n<td style=\"text-align: center;\"><strong>750<\/strong> Ft<\/td>\n<\/tr>\n<tr class=\"ar-szurke\">\n<td id=\"vonal2\" style=\"padding-left: 10px;\">H\u0171t\u0151m\u00e1gnes<\/td>\n<td style=\"text-align: center;\"><strong>750<\/strong> Ft<\/td>\n<\/tr>\n<tr>\n<td id=\"vonal2\" style=\"padding-left: 10px;\">H\u00f3g\u00f6mb (2 db fot\u00f3val)<\/td>\n<td style=\"text-align: center;\"><strong>2.490<\/strong> Ft<\/td>\n<\/tr>\n<tr class=\"ar-szurke\">\n<td id=\"vonal2\" style=\"padding-left: 10px;\">Kar\u00e1csonyfad\u00edsz (2db fot\u00f3val)<\/td>\n<td style=\"text-align: center;\"><strong>2.490<\/strong> Ft<\/td>\n<\/tr>\n<tr>\n<td id=\"vonal2\" style=\"padding-left: 10px;\">Baseball sapka<\/td>\n<td style=\"text-align: center;\"><strong>2.490<\/strong> Ft<\/td>\n<\/tr>\n<tr class=\"ar-szurke\">\n<td id=\"vonal2\" style=\"padding-left: 10px;\">Textil szatyor<\/td>\n<td style=\"text-align: center;\"><strong>1.990<\/strong> Ft<\/td>\n<\/tr>\n<tr>\n<td id=\"vonal2\" style=\"padding-left: 10px;\">Ballag\u00f3 tarisznya<\/td>\n<td style=\"text-align: center;\"><strong>1.990<\/strong> Ft<\/td>\n<\/tr>\n<tr class=\"ar-szurke\">\n<td id=\"vonal2\" style=\"padding-left: 10px;\">Textil tolltart\u00f3<\/td>\n<td style=\"text-align: center;\"><strong>1.490<\/strong> Ft<\/td>\n<\/tr>\n<tr>\n<td id=\"vonal2\" style=\"padding-left: 10px;\">Kisp\u00e1rna huzat 40 x 40 cm<\/td>\n<td style=\"text-align: center;\"><strong>2.990<\/strong> Ft<\/td>\n<\/tr>\n<tr class=\"ar-szurke\">\n<td id=\"vonal2\" style=\"padding-left: 10px;\">Kisp\u00e1rna b\u00e9l\u00e9s<\/td>\n<td style=\"text-align: center;\"><strong>1.990<\/strong> Ft<\/td>\n<\/tr>\n<tr>\n<td id=\"vonal2\" style=\"padding-left: 10px;\">Kisp\u00e1rna huzat + b\u00e9l\u00e9s 40 x 40 cm<\/td>\n<td style=\"text-align: center;\"><strong>4.490<\/strong> Ft<\/td>\n<\/tr>\n<tr class=\"ar-szurke\">\n<td id=\"vonal2\" style=\"padding-left: 10px;\">F\u00e9nyk\u00e9pes fali\u00f3ra 30 cm x 30 cm<\/td>\n<td style=\"text-align: center;\"><strong>4.490<\/strong> Ft<\/td>\n<\/tr>\n<tr>\n<td id=\"vonal2\" style=\"padding-left: 10px;\">K\u00f6t\u00e9ny<\/td>\n<td style=\"text-align: center;\"><strong>2.990<\/strong> Ft<\/td>\n<\/tr>\n<tr class=\"ar-szurke\">\n<td id=\"vonal2\" style=\"padding-left: 10px;\">Poh\u00e1ral\u00e1t\u00e9t (4db)<\/td>\n<td style=\"text-align: center;\"><strong>2.990<\/strong> Ft<\/td>\n<\/tr>\n<\/tbody>\n<\/table>\n<\/div>\n<h6 style=\"text-align: center;\">\u00c1raink v\u00e9gfelhaszn\u00e1l\u00f3i \u00e1rak, mag\u00e1nszem\u00e9lyek r\u00e9sz\u00e9re nem tartalmaznak \u00c1FA-t,<br \/>\nc\u00e9ges megrendel\u00e9s eset\u00e9n +27% \u00c1FA-t meg kell fizetni!<\/h6>\n","protected":false},"excerpt":{"rendered":"<p>Fali \u00e9s asztali \u00f3ra Puzzle Eg\u00e9rpad (eg\u00e9ral\u00e1t\u00e9t) Poh\u00e1ral\u00e1t\u00e9t Kulcstart\u00f3 H\u0171t\u0151m\u00e1gnes \u00dcveg v\u00e1g\u00f3deszka Csempe F\u00e9nyk\u00e9pes fali\u00f3ra Kisp\u00e1rna K\u00f6t\u00e9ny Textilt\u00e1ska K\u00e9pes \u00e9s k\u00e9ptelen aj\u00e1nd\u00e9k\u00f6tletek \u00a9 b\u00e1rmilyen alkalomra:&#8230;<\/p>\n","protected":false},"author":1,"featured_media":3123,"parent":61,"menu_order":0,"comment_status":"closed","ping_status":"closed","template":"page_fullwidth.php","meta":{"footnotes":""},"class_list":["post-3122","page","type-page","status-publish","has-post-thumbnail","hentry"],"_links":{"self":[{"href":"https:\/\/showcase.westerlike.net\/Timba\/wp-json\/wp\/v2\/pages\/3122","targetHints":{"allow":["GET"]}}],"collection":[{"href":"https:\/\/showcase.westerlike.net\/Timba\/wp-json\/wp\/v2\/pages"}],"about":[{"href":"https:\/\/showcase.westerlike.net\/Timba\/wp-json\/wp\/v2\/types\/page"}],"author":[{"embeddable":true,"href":"https:\/\/showcase.westerlike.net\/Timba\/wp-json\/wp\/v2\/users\/1"}],"replies":[{"embeddable":true,"href":"https:\/\/showcase.westerlike.net\/Timba\/wp-json\/wp\/v2\/comments?post=3122"}],"version-history":[{"count":0,"href":"https:\/\/showcase.westerlike.net\/Timba\/wp-json\/wp\/v2\/pages\/3122\/revisions"}],"up":[{"embeddable":true,"href":"https:\/\/showcase.westerlike.net\/Timba\/wp-json\/wp\/v2\/pages\/61"}],"wp:featuredmedia":[{"embeddable":true,"href":"https:\/\/showcase.westerlike.net\/Timba\/wp-json\/wp\/v2\/media\/3123"}],"wp:attachment":[{"href":"https:\/\/showcase.westerlike.net\/Timba\/wp-json\/wp\/v2\/media?parent=3122"}],"curies":[{"name":"wp","href":"https:\/\/api.w.org\/{rel}","templated":true}]}}