{"id":3127,"date":"2016-06-26T11:21:04","date_gmt":"2016-06-26T11:21:04","guid":{"rendered":"https:\/\/showcase.westerlike.net\/Timba\/?page_id=3127"},"modified":"2025-01-30T13:33:45","modified_gmt":"2025-01-30T13:33:45","slug":"igazolvanykep-keszites","status":"publish","type":"page","link":"https:\/\/showcase.westerlike.net\/Timba\/igazolvanykep-keszites\/","title":{"rendered":"Igazolv\u00e1nyk\u00e9p k\u00e9sz\u00edt\u00e9s"},"content":{"rendered":"<ul>\n<li>Igazolv\u00e1nyokhoz<\/li>\n<li>\u00datlev\u00e9lhez<\/li>\n<li>V\u00edzumhoz<\/li>\n<li>Jogos\u00edtv\u00e1nyhoz<\/li>\n<li>B\u00e9rlethez<\/li>\n<li>\u00d6n\u00e9letrajzhoz<\/li>\n<\/ul>\n<p>Igazolv\u00e1nyk\u00e9p \u00e9s portr\u00e9 fot\u00f3z\u00e1s, egy\u00e9ni \u00e9s szabv\u00e1ny m\u00e9retekben is. Azonnal k\u00e9sz!<\/p>\n<h4 class=\"ar-cim\"><a><\/a>\u00c1raink<\/h4>\n<div class=\"table-responsive\">\n<table class=\"table table-hover\" border=\"0\" cellspacing=\"0\" cellpadding=\"0\" align=\"center\">\n<tbody>\n<tr class=\"ar-kiemelt\">\n<td id=\"vonal2\" style=\"padding-left: 10px;\"><strong>Megnevez\u00e9s<\/strong><\/td>\n<td style=\"text-align: center;\"><strong>\u00e1r<\/strong><\/td>\n<\/tr>\n<tr>\n<td id=\"vonal2\" style=\"padding-left: 10px;\">3,5 x 4,5 cm (8 db)<\/td>\n<td style=\"text-align: center;\"><strong>2.400<\/strong> Ft<\/td>\n<\/tr>\n<tr>\n<td id=\"vonal2\" style=\"padding-left: 10px;\">3,5 x 4,5 cm (8 db) hozott f\u00e9nyk\u00e9p alapj\u00e1n<\/td>\n<td style=\"text-align: center;\"><strong>1.200<\/strong> Ft<\/td>\n<\/tr>\n<\/tbody>\n<\/table>\n<\/div>\n<h6 style=\"text-align: center;\">\u00c1raink v\u00e9gfelhaszn\u00e1l\u00f3i \u00e1rak, mag\u00e1nszem\u00e9lyek r\u00e9sz\u00e9re nem tartalmaznak \u00c1FA-t,<br \/>\nc\u00e9ges megrendel\u00e9s eset\u00e9n +27% \u00c1FA-t meg kell fizetni!<\/h6>\n","protected":false},"excerpt":{"rendered":"<p>Igazolv\u00e1nyokhoz \u00datlev\u00e9lhez V\u00edzumhoz Jogos\u00edtv\u00e1nyhoz B\u00e9rlethez \u00d6n\u00e9letrajzhoz Igazolv\u00e1nyk\u00e9p \u00e9s portr\u00e9 fot\u00f3z\u00e1s, egy\u00e9ni \u00e9s szabv\u00e1ny m\u00e9retekben is. Azonnal k\u00e9sz! \u00c1raink Megnevez\u00e9s \u00e1r 3,5 x 4,5 cm (8&#8230;<\/p>\n","protected":false},"author":1,"featured_media":3128,"parent":0,"menu_order":0,"comment_status":"closed","ping_status":"closed","template":"page_fullwidth.php","meta":{"footnotes":""},"class_list":["post-3127","page","type-page","status-publish","has-post-thumbnail","hentry"],"_links":{"self":[{"href":"https:\/\/showcase.westerlike.net\/Timba\/wp-json\/wp\/v2\/pages\/3127","targetHints":{"allow":["GET"]}}],"collection":[{"href":"https:\/\/showcase.westerlike.net\/Timba\/wp-json\/wp\/v2\/pages"}],"about":[{"href":"https:\/\/showcase.westerlike.net\/Timba\/wp-json\/wp\/v2\/types\/page"}],"author":[{"embeddable":true,"href":"https:\/\/showcase.westerlike.net\/Timba\/wp-json\/wp\/v2\/users\/1"}],"replies":[{"embeddable":true,"href":"https:\/\/showcase.westerlike.net\/Timba\/wp-json\/wp\/v2\/comments?post=3127"}],"version-history":[{"count":0,"href":"https:\/\/showcase.westerlike.net\/Timba\/wp-json\/wp\/v2\/pages\/3127\/revisions"}],"wp:featuredmedia":[{"embeddable":true,"href":"https:\/\/showcase.westerlike.net\/Timba\/wp-json\/wp\/v2\/media\/3128"}],"wp:attachment":[{"href":"https:\/\/showcase.westerlike.net\/Timba\/wp-json\/wp\/v2\/media?parent=3127"}],"curies":[{"name":"wp","href":"https:\/\/api.w.org\/{rel}","templated":true}]}}