{"id":3156,"date":"2016-08-22T12:10:24","date_gmt":"2016-08-22T12:10:24","guid":{"rendered":"https:\/\/showcase.westerlike.net\/Timba\/?page_id=3156"},"modified":"2022-09-24T10:39:41","modified_gmt":"2022-09-24T10:39:41","slug":"foliavagas","status":"publish","type":"page","link":"https:\/\/showcase.westerlike.net\/Timba\/szolgaltatasok\/foliavagas\/","title":{"rendered":"F\u00f3liav\u00e1g\u00e1s, bet\u0171kiv\u00e1g\u00e1s"},"content":{"rendered":"<ul>\n<li>Kirakatdekorhoz<\/li>\n<li>Aut\u00f3dekorhoz<\/li>\n<li>Ponyvadekorhoz<\/li>\n<\/ul>\n<p>F\u00f3liav\u00e1g\u00e1s (bet\u0171kiv\u00e1g\u00e1s) k\u00fclt\u00e9ri \u00f6ntapad\u00f3s f\u00f3li\u00e1b\u00f3l k\u00e9sz\u00fcl. \u00c1ltal\u00e1ban olyan matrica feliratok, dekor\u00e1ci\u00f3k k\u00e9sz\u00edt\u00e9s\u00e9hez aj\u00e1nljuk, melyek 2- 3 direkt sz\u00ednb\u0151l \u00e1llnak. Az \u00e1rat\u00a0n\u00e9gyzetm\u00e9terre sz\u00e1moljuk. A f\u00f3liav\u00e1g\u00e1si \u00e1rak, a f\u00f3liakiszed\u00e9st \u00e9s az applik\u00e1l\u00f3 (\u00e1tviv\u0151) f\u00f3lia \u00e1r\u00e1t is tartalmazz\u00e1k.<\/p>\n<p>\u00c1ltal\u00e1nosan haszn\u00e1lt f\u00f3li\u00e1nk az ORACAL 641 -es. A f\u00f3lia \u00e9lettartama k\u00fclt\u00e9ren, minimum 3-4 \u00e9v. Term\u00e9szetesen ig\u00e9ny szerint, extra tart\u00f3s (7-8 \u00e9ves), vagy egy\u00e9b speci\u00e1lis (homokf\u00favott, savmaratott ut\u00e1nzat, \u00e1tvil\u00e1g\u00edt\u00f3s f\u00f3li\u00e1k vil\u00e1g\u00edt\u00f3dobozokhoz, f\u00e9nyvisszaver\u0151, stb..) f\u00f3li\u00e1kb\u00f3l is k\u00e9sz\u00edt\u00fcnk f\u00f3liav\u00e1g\u00e1st.<\/p>\n<h4 class=\"ar-cim\"><a><\/a>\u00c1raink<\/h4>\n<div class=\"table-responsive\">\n<table class=\"table table-hover\" border=\"0\" cellspacing=\"0\" cellpadding=\"0\" align=\"center\">\n<tbody>\n<tr class=\"ar-kiemelt\">\n<td id=\"vonal2\" style=\"padding-left: 10px;\"><strong>Megnevez\u00e9s<\/strong><\/td>\n<td style=\"text-align: center;\"><strong>\u00e1r<\/strong><\/td>\n<\/tr>\n<tr class=\"ar-szurke\">\n<td id=\"vonal2\" style=\"padding-left: 10px;\">Oracal 641 (3 \u00e9ves f\u00f3lia)<\/td>\n<td style=\"text-align: center;\"><strong>7.000<\/strong> Ft \/ m2<\/td>\n<\/tr>\n<tr>\n<td id=\"vonal2\" style=\"padding-left: 10px;\">Oracal 638\u00a0(faldekor f\u00f3lia)<\/td>\n<td style=\"text-align: center;\"><strong>9.000<\/strong> Ft \/ m2<\/td>\n<\/tr>\n<tr class=\"ar-szurke\">\n<td id=\"vonal2\" style=\"padding-left: 10px;\">Oracal\u00a0551\u00a0(7 \u00e9ves f\u00f3lia)<\/td>\n<td style=\"text-align: center;\"><strong>12.000<\/strong> Ft \/ m2<\/td>\n<\/tr>\n<tr>\n<td id=\"vonal2\" style=\"padding-left: 10px;\">Oracal 6510 (fluoreszk\u00e1l\u00f3 f\u00f3lia)<\/td>\n<td style=\"text-align: center;\"><strong>18.000<\/strong> Ft \/ m2<\/td>\n<\/tr>\n<tr class=\"ar-szurke\">\n<td id=\"vonal2\" style=\"padding-left: 10px;\">Oracal 451 (banner f\u00f3lia)<\/td>\n<td style=\"text-align: center;\"><strong>9.000<\/strong> Ft \/ m2<\/td>\n<\/tr>\n<\/tbody>\n<\/table>\n<\/div>\n<p>&nbsp;<\/p>\n<h6 style=\"text-align: center;\">\u00c1raink v\u00e9gfelhaszn\u00e1l\u00f3i \u00e1rak, mag\u00e1nszem\u00e9lyek r\u00e9sz\u00e9re nem tartalmaznak \u00c1FA-t,<br \/>\nc\u00e9ges megrendel\u00e9s eset\u00e9n +27% \u00c1FA-t meg kell fizetni!<\/h6>\n","protected":false},"excerpt":{"rendered":"<p>Kirakatdekorhoz Aut\u00f3dekorhoz Ponyvadekorhoz F\u00f3liav\u00e1g\u00e1s (bet\u0171kiv\u00e1g\u00e1s) k\u00fclt\u00e9ri \u00f6ntapad\u00f3s f\u00f3li\u00e1b\u00f3l k\u00e9sz\u00fcl. \u00c1ltal\u00e1ban olyan matrica feliratok, dekor\u00e1ci\u00f3k k\u00e9sz\u00edt\u00e9s\u00e9hez aj\u00e1nljuk, melyek 2- 3 direkt sz\u00ednb\u0151l \u00e1llnak. Az \u00e1rat\u00a0n\u00e9gyzetm\u00e9terre sz\u00e1moljuk&#8230;.<\/p>\n","protected":false},"author":1,"featured_media":3159,"parent":61,"menu_order":0,"comment_status":"closed","ping_status":"closed","template":"page_fullwidth.php","meta":{"footnotes":""},"class_list":["post-3156","page","type-page","status-publish","has-post-thumbnail","hentry"],"_links":{"self":[{"href":"https:\/\/showcase.westerlike.net\/Timba\/wp-json\/wp\/v2\/pages\/3156","targetHints":{"allow":["GET"]}}],"collection":[{"href":"https:\/\/showcase.westerlike.net\/Timba\/wp-json\/wp\/v2\/pages"}],"about":[{"href":"https:\/\/showcase.westerlike.net\/Timba\/wp-json\/wp\/v2\/types\/page"}],"author":[{"embeddable":true,"href":"https:\/\/showcase.westerlike.net\/Timba\/wp-json\/wp\/v2\/users\/1"}],"replies":[{"embeddable":true,"href":"https:\/\/showcase.westerlike.net\/Timba\/wp-json\/wp\/v2\/comments?post=3156"}],"version-history":[{"count":0,"href":"https:\/\/showcase.westerlike.net\/Timba\/wp-json\/wp\/v2\/pages\/3156\/revisions"}],"up":[{"embeddable":true,"href":"https:\/\/showcase.westerlike.net\/Timba\/wp-json\/wp\/v2\/pages\/61"}],"wp:featuredmedia":[{"embeddable":true,"href":"https:\/\/showcase.westerlike.net\/Timba\/wp-json\/wp\/v2\/media\/3159"}],"wp:attachment":[{"href":"https:\/\/showcase.westerlike.net\/Timba\/wp-json\/wp\/v2\/media?parent=3156"}],"curies":[{"name":"wp","href":"https:\/\/api.w.org\/{rel}","templated":true}]}}