{"id":3183,"date":"2016-09-12T11:26:34","date_gmt":"2016-09-12T11:26:34","guid":{"rendered":"https:\/\/showcase.westerlike.net\/Timba\/?page_id=3183"},"modified":"2022-09-24T10:40:23","modified_gmt":"2022-09-24T10:40:23","slug":"projekt-tablak-keszitese","status":"publish","type":"page","link":"https:\/\/showcase.westerlike.net\/Timba\/szolgaltatasok\/projekt-tablak-keszitese\/","title":{"rendered":"Projekt t\u00e1bl\u00e1k k\u00e9sz\u00edt\u00e9se"},"content":{"rendered":"<ul>\n<li>Sz\u00e9chenyi 2020<\/li>\n<li>\u00daj Sz\u00e9chenyi terv<\/li>\n<li>Dar\u00e1nyi Ign\u00e1c terv<\/li>\n<li>\u00daMVP program<\/li>\n<\/ul>\n<p>Sz\u00e9chenyi 2020, \u00daj Sz\u00e9chenyi Terv \u00e9s Dar\u00e1nyi Ign\u00e1c Terv keret\u00e9ben megval\u00f3sul\u00f3 p\u00e1ly\u00e1zatok t\u00e1j\u00e9koztat\u00f3 t\u00e1bl\u00e1inak professzion\u00e1lis kivitelez\u00e9se. A, B, C \u00e9s D t\u00edpus\u00fa, t\u00e1j\u00e9koztat\u00f3, illetve eml\u00e9keztet\u0151 t\u00e1bl\u00e1k. A t\u00e1bl\u00e1k tart\u00f3s, UV-\u00e1ll\u00f3 k\u00fclt\u00e9ri solvent (old\u00f3szeres) nyomtat\u00e1ssal k\u00e9sz\u00fclnek. R\u00f6vid hat\u00e1rid\u0151vel &#8211; kedvez\u0151 \u00e1ron.<\/p>\n<h4 class=\"ar-cim\"><a><\/a>\u00c1raink<\/h4>\n<div class=\"table-responsive\">\n<table class=\"table table-hover\" border=\"0\" cellspacing=\"0\" cellpadding=\"0\" align=\"center\">\n<tbody>\n<tr class=\"ar-kiemelt\">\n<td id=\"vonal2\" style=\"padding-left: 10px;\"><strong>Megnevez\u00e9s<\/strong><\/td>\n<td style=\"text-align: center;\"><strong>\u00e1r<\/strong><\/td>\n<\/tr>\n<tr>\n<td id=\"vonal2\" style=\"padding-left: 10px;\">Dar\u00e1nyi t\u00e1bla &#8211; A t\u00edpus\u00fa kis projekt t\u00e1bla &#8211; m\u00e9ret: A1 (594 mm x 841 mm)<\/td>\n<td style=\"text-align: center;\"><strong>7.990<\/strong> Ft<\/td>\n<\/tr>\n<tr class=\"ar-szurke\">\n<td id=\"vonal2\" style=\"padding-left: 10px;\">Dar\u00e1nyi t\u00e1bla &#8211; B t\u00edpus\u00fa kis projekt t\u00e1bla &#8211; m\u00e9ret: A3 (420 mm x 297 mm)<\/td>\n<td style=\"text-align: center;\"><strong>4.500<\/strong> Ft<\/td>\n<\/tr>\n<tr>\n<td id=\"vonal2\" style=\"padding-left: 10px;\">Sz\u00e9chenyi 2020 &#8211; C t\u00edpus\u00fa projekt t\u00e1bla &#8211; m\u00e9ret: A2 (594 mm x 420 mm)<\/td>\n<td style=\"text-align: center;\"><strong>5.990<\/strong> Ft<\/td>\n<\/tr>\n<tr class=\"ar-szurke\">\n<td id=\"vonal2\" style=\"padding-left: 10px;\">Sz\u00e9chenyi 2020 &#8211; D t\u00edpus\u00fa projekt t\u00e1bla- m\u00e9ret: A3 (420\u00a0mm x 297 mm)<\/td>\n<td style=\"text-align: center;\"><strong>4.500<\/strong> Ft<\/td>\n<\/tr>\n<\/tbody>\n<\/table>\n<\/div>\n<p>Egy\u00e9b t\u00edpus\u00fa t\u00e1bl\u00e1k \u00e1rair\u00f3l \u00e9rdekl\u0151dj\u00f6n \u00fczlet\u00fcnkben!<\/p>\n<p>&nbsp;<\/p>\n<h6 style=\"text-align: center;\">\u00c1raink v\u00e9gfelhaszn\u00e1l\u00f3i \u00e1rak, mag\u00e1nszem\u00e9lyek r\u00e9sz\u00e9re nem tartalmaznak \u00c1FA-t,<br \/>\nc\u00e9ges megrendel\u00e9s eset\u00e9n +27% \u00c1FA-t meg kell fizetni!<\/h6>\n","protected":false},"excerpt":{"rendered":"<p>Sz\u00e9chenyi 2020 \u00daj Sz\u00e9chenyi terv Dar\u00e1nyi Ign\u00e1c terv \u00daMVP program Sz\u00e9chenyi 2020, \u00daj Sz\u00e9chenyi Terv \u00e9s Dar\u00e1nyi Ign\u00e1c Terv keret\u00e9ben megval\u00f3sul\u00f3 p\u00e1ly\u00e1zatok t\u00e1j\u00e9koztat\u00f3 t\u00e1bl\u00e1inak professzion\u00e1lis&#8230;<\/p>\n","protected":false},"author":1,"featured_media":3187,"parent":61,"menu_order":0,"comment_status":"closed","ping_status":"closed","template":"page_fullwidth.php","meta":{"footnotes":""},"class_list":["post-3183","page","type-page","status-publish","has-post-thumbnail","hentry"],"_links":{"self":[{"href":"https:\/\/showcase.westerlike.net\/Timba\/wp-json\/wp\/v2\/pages\/3183","targetHints":{"allow":["GET"]}}],"collection":[{"href":"https:\/\/showcase.westerlike.net\/Timba\/wp-json\/wp\/v2\/pages"}],"about":[{"href":"https:\/\/showcase.westerlike.net\/Timba\/wp-json\/wp\/v2\/types\/page"}],"author":[{"embeddable":true,"href":"https:\/\/showcase.westerlike.net\/Timba\/wp-json\/wp\/v2\/users\/1"}],"replies":[{"embeddable":true,"href":"https:\/\/showcase.westerlike.net\/Timba\/wp-json\/wp\/v2\/comments?post=3183"}],"version-history":[{"count":0,"href":"https:\/\/showcase.westerlike.net\/Timba\/wp-json\/wp\/v2\/pages\/3183\/revisions"}],"up":[{"embeddable":true,"href":"https:\/\/showcase.westerlike.net\/Timba\/wp-json\/wp\/v2\/pages\/61"}],"wp:featuredmedia":[{"embeddable":true,"href":"https:\/\/showcase.westerlike.net\/Timba\/wp-json\/wp\/v2\/media\/3187"}],"wp:attachment":[{"href":"https:\/\/showcase.westerlike.net\/Timba\/wp-json\/wp\/v2\/media?parent=3183"}],"curies":[{"name":"wp","href":"https:\/\/api.w.org\/{rel}","templated":true}]}}