{"id":3220,"date":"2021-10-08T12:17:02","date_gmt":"2021-10-08T12:17:02","guid":{"rendered":"https:\/\/showcase.westerlike.net\/Timba\/?page_id=3220"},"modified":"2022-09-24T10:32:45","modified_gmt":"2022-09-24T10:32:45","slug":"tervrajz-terkep-nyomtatas","status":"publish","type":"page","link":"https:\/\/showcase.westerlike.net\/Timba\/szolgaltatasok\/tervrajz-terkep-nyomtatas\/","title":{"rendered":"Tervrajz, t\u00e9rk\u00e9p nyomtat\u00e1s"},"content":{"rendered":"<ul>\n<li>Szabv\u00e1ny pap\u00edrm\u00e9retekre A0+ m\u00e9retig<\/li>\n<li>Fekete \u00e9s sz\u00ednes kivitelben<\/li>\n<li>90 g \/ m2 m\u0171szaki pap\u00edrra nyomtatva<\/li>\n<\/ul>\n<p>Tervrajzok, t\u00e9rk\u00e9pek, vagy rendezv\u00e9nyre, ki\u00e1ll\u00edt\u00e1sra plak\u00e1t, \u00fcltet\u00e9si rend, stb. nyomtat\u00e1sa. Tegye egyediv\u00e9 \u00fczlet\u00e9t, standj\u00e1t!<\/p>\n<h4 class=\"ar-cim\"><a><\/a>\u00c1raink<\/h4>\n<div class=\"table-responsive\">\n<table class=\"table table-hover\" border=\"0\" cellspacing=\"0\" cellpadding=\"0\" align=\"center\">\n<tbody>\n<tr class=\"ar-kiemelt\">\n<td style=\"padding-left: 10px;\">Pap\u00edr sz\u00e9less\u00e9g:<\/td>\n<td style=\"text-align: center;\">A3<br \/>\n297 mm<\/td>\n<td style=\"text-align: center;\">A2<br \/>\n420 mm<\/td>\n<td style=\"text-align: center;\">A1<br \/>\n594 mm<\/td>\n<td style=\"text-align: center;\">A0<br \/>\n841 mm<\/td>\n<td style=\"text-align: center;\">A0+<br \/>\n914 mm<\/td>\n<td style=\"text-align: center;\">1067 mm<\/td>\n<\/tr>\n<tr>\n<td style=\"padding-left: 10px;\">Fekete &#8211; feh\u00e9r<\/td>\n<td style=\"text-align: center;\"><strong>80<\/strong> Ft<\/td>\n<td style=\"text-align: center;\"><strong>800<\/strong> Ft<\/td>\n<td style=\"text-align: center;\"><strong>1200<\/strong> Ft<\/td>\n<td style=\"text-align: center;\"><strong>1500<\/strong> Ft<\/td>\n<td style=\"text-align: center;\"><strong>1900<\/strong> Ft<\/td>\n<td style=\"text-align: center;\"><strong>2300<\/strong> Ft<\/td>\n<\/tr>\n<tr class=\"ar-szurke\">\n<td style=\"padding-left: 10px;\">Sz\u00ednes<\/td>\n<td style=\"text-align: center;\"><strong>450<\/strong>\u00a0Ft<\/td>\n<td style=\"text-align: center;\"><strong>1600<\/strong>\u00a0Ft<\/td>\n<td style=\"text-align: center;\"><strong>2400<\/strong>\u00a0Ft<\/td>\n<td style=\"text-align: center;\"><strong>3000<\/strong>\u00a0Ft<\/td>\n<td style=\"text-align: center;\"><strong>3800<\/strong>\u00a0Ft<\/td>\n<td style=\"text-align: center;\"><strong>4600<\/strong>\u00a0Ft<\/td>\n<\/tr>\n<\/tbody>\n<\/table>\n<\/div>\n<h6 style=\"text-align: center;\">\u00c1raink v\u00e9gfelhaszn\u00e1l\u00f3i \u00e1rak, mag\u00e1nszem\u00e9lyek r\u00e9sz\u00e9re nem tartalmaznak \u00c1FA-t,<br \/>\nc\u00e9ges megrendel\u00e9s eset\u00e9n +27% \u00c1FA-t meg kell fizetni!<\/h6>\n","protected":false},"excerpt":{"rendered":"<p>Szabv\u00e1ny pap\u00edrm\u00e9retekre A0+ m\u00e9retig Fekete \u00e9s sz\u00ednes kivitelben 90 g \/ m2 m\u0171szaki pap\u00edrra nyomtatva Tervrajzok, t\u00e9rk\u00e9pek, vagy rendezv\u00e9nyre, ki\u00e1ll\u00edt\u00e1sra plak\u00e1t, \u00fcltet\u00e9si rend, stb. nyomtat\u00e1sa&#8230;.<\/p>\n","protected":false},"author":1,"featured_media":3221,"parent":61,"menu_order":0,"comment_status":"closed","ping_status":"closed","template":"page_fullwidth.php","meta":{"footnotes":""},"class_list":["post-3220","page","type-page","status-publish","has-post-thumbnail","hentry"],"_links":{"self":[{"href":"https:\/\/showcase.westerlike.net\/Timba\/wp-json\/wp\/v2\/pages\/3220","targetHints":{"allow":["GET"]}}],"collection":[{"href":"https:\/\/showcase.westerlike.net\/Timba\/wp-json\/wp\/v2\/pages"}],"about":[{"href":"https:\/\/showcase.westerlike.net\/Timba\/wp-json\/wp\/v2\/types\/page"}],"author":[{"embeddable":true,"href":"https:\/\/showcase.westerlike.net\/Timba\/wp-json\/wp\/v2\/users\/1"}],"replies":[{"embeddable":true,"href":"https:\/\/showcase.westerlike.net\/Timba\/wp-json\/wp\/v2\/comments?post=3220"}],"version-history":[{"count":0,"href":"https:\/\/showcase.westerlike.net\/Timba\/wp-json\/wp\/v2\/pages\/3220\/revisions"}],"up":[{"embeddable":true,"href":"https:\/\/showcase.westerlike.net\/Timba\/wp-json\/wp\/v2\/pages\/61"}],"wp:featuredmedia":[{"embeddable":true,"href":"https:\/\/showcase.westerlike.net\/Timba\/wp-json\/wp\/v2\/media\/3221"}],"wp:attachment":[{"href":"https:\/\/showcase.westerlike.net\/Timba\/wp-json\/wp\/v2\/media?parent=3220"}],"curies":[{"name":"wp","href":"https:\/\/api.w.org\/{rel}","templated":true}]}}