{"id":3233,"date":"2017-10-13T13:01:30","date_gmt":"2017-10-13T13:01:30","guid":{"rendered":"https:\/\/showcase.westerlike.net\/Timba\/?page_id=3233"},"modified":"2020-04-24T11:24:11","modified_gmt":"2020-04-24T11:24:11","slug":"nyomdai-fogalmak","status":"publish","type":"page","link":"https:\/\/showcase.westerlike.net\/Timba\/nyomdai-fogalmak\/","title":{"rendered":"Nyomdai fogalmak"},"content":{"rendered":"<table width=\"100%\">\n<thead>\n<tr>\n<th>Fogalmak<\/th>\n<th>Meghat\u00e1roz\u00e1sok<\/th>\n<\/tr>\n<\/thead>\n<tbody>\n<tr>\n<td>alnyomat<\/td>\n<td>sz\u00f6veg al\u00e1 nyomott homog\u00e9n fel\u00fclet vagy \u00e1bra, fot\u00f3, grafika<\/td>\n<\/tr>\n<tr>\n<td>autot\u00edpia<\/td>\n<td>Meisenbach tal\u00e1lm\u00e1nya, mely abb\u00f3l \u00e1ll, hogy a f\u00e9nyk\u00e9p alapsz\u00edn\u00e9t vonalakra \u00e9s pontokra bontja sz\u00e9t, \u00fagy hogy az alkalmas a sokszoros\u00edt\u00e1sra<\/td>\n<\/tr>\n<tr>\n<td>beh\u00fazott mell\u00e9klet<\/td>\n<td>a kiadv\u00e1nyba be nem k\u00f6t\u00f6tt mell\u00e9klet. Ilyenek p\u00e9ld\u00e1ul a sz\u00ednes magazinokba betett lapok<\/td>\n<\/tr>\n<tr>\n<td>bemetsz\u00e9s, ritzel\u00e9s, riccel\u00e9s<\/td>\n<td>Karton, lemez hajl\u00edt\u00e1s\u00e1t el\u0151seg\u00edt\u0151 bev\u00e1g\u00e1s, amely az anyag keresztmetszet\u00e9nek csak kb. a fel\u00e9ig hatol. Ugyanazt a c\u00e9lt szolg\u00e1lja, mint a -hajl\u00edt\u00f3\u00e9lez\u00e9s, de vastagabb anyagokhoz ez ink\u00e1bb megfelel. Tov\u00e1bb\u00e1, a kiv\u00e1g\u00e1snak az \u00f6ntapad\u00f3 anyagokn\u00e1l haszn\u00e1latos m\u00f3dja, amikor a kiv\u00e1g\u00f3\u00e9lek csup\u00e1n a pap\u00edrt vagy f\u00f3li\u00e1t v\u00e1gj\u00e1k \u00e1t a szilikonos hordoz\u00f3ig, de a hordoz\u00f3 egyben marad.<\/td>\n<\/tr>\n<tr>\n<td>bet\u0171t\u00edpus<\/td>\n<td>azonos tipogr\u00e1fiai elv alapj\u00e1n k\u00e9sz\u00edtett bet\u0171sor (Arial, TimesNew, Garamond stb.)<\/td>\n<\/tr>\n<tr>\n<td>biegel\u00e9s, bigel\u00e9s, hornyol\u00e1s<\/td>\n<td>Nyomdai b\u00edgel\u00e9s alatt legink\u00e1bb a meghajl\u00edtand\u00f3 kartonok egyenes vonal\u00fa benyom\u00e1s\u00e1t, hornyol\u00e1s\u00e1t \u00e9rtik, az \u00edv pontos \u00e9s sz\u00e9p meghajl\u00edt\u00e1s\u00e1t megk\u00f6nny\u00edtend\u0151 a t\u00f6r\u00e9sre hajlamos merev, vastag kartonf\u00e9les\u00e9gek vaknyom\u00e1ssal nyomtat\u00e1sa a hajt\u00e1s vonal\u00e1ban. Feladata a t\u00f6r\u00e9smentes hajt\u00e1si vonal kialak\u00edt\u00e1sa.<\/td>\n<\/tr>\n<tr>\n<td>bor\u00edt\u00e1s<\/td>\n<td>A k\u00f6nyvt\u00e1bla k\u00fcls\u0151 fel\u00fclet\u00e9nek anyaga. Lehet b\u0151r (m\u0171b\u0151r), v\u00e1szon (selyem), pap\u00edr, esetleg f\u00f3li\u00e1zott pap\u00edr vagy PVC.<\/td>\n<\/tr>\n<tr>\n<td>bros\u00fara<\/td>\n<td>K\u00f6nyvn\u00e9l kisebb terjedelm\u0171, \u00e1ltal\u00e1ban irkaf\u0171z\u00f6tt kiadv\u00e1ny; m\u00e1s n\u00e9ven: f\u00fczet<\/td>\n<\/tr>\n<tr>\n<td>CDR<\/td>\n<td>Corel Draw vektorgrafikus adatform\u00e1tum<\/td>\n<\/tr>\n<tr>\n<td>c\u00edmnegyed<\/td>\n<td>A k\u00f6nyv els\u0151 (\u00e1ltal\u00e1ban) 4 oldala, amelyben az 1. oldal a szennyc\u00edmoldal, a m\u00e1sodik az \u00fcres oldal, a harmadik a f\u0151c\u00edmoldal, a 4. pedig a kolofon vagy impresszumoldal.<\/td>\n<\/tr>\n<tr>\n<td>Copyright<\/td>\n<td>a szerz\u0151i jog v\u00e9delm\u00e9re utal\u00f3, nemzetk\u00f6zileg haszn\u00e1lt kifejez\u00e9s, jele: \u00a9<\/td>\n<\/tr>\n<tr>\n<td>digit\u00e1lis nyomtat\u00e1s<\/td>\n<td>A digit\u00e1lis \u00e1llom\u00e1nyb\u00f3l lek\u00e9pezett jelekb\u0151l \u2013 egy l\u00e9zer seg\u00edts\u00e9g\u00e9vel \u2013 a nyom\u00f3hengeren elektromos t\u00f6lt\u00e9st hoznak l\u00e9tre, melyre feltapad a fest\u00e9kpor. A biztosabb fest\u00e9k\u00e1tvitel \u00e9rdek\u00e9ben a nyomathordoz\u00f3t ellenkez\u0151 t\u00f6lt\u00e9ssel t\u00f6ltik fel. A fest\u00e9kr\u00e9teg r\u00f6gz\u00edt\u00e9se h\u0151 \u00e9s nyom\u00e1s hat\u00e1s\u00e1ra t\u00f6rt\u00e9nik.<\/td>\n<\/tr>\n<tr>\n<td>digit\u00e1lis nyomd\u00e1ban haszn\u00e1latos pap\u00edrm\u00e9retek<\/td>\n<td><strong>A4: <\/strong>210\u00d7297 mm<br \/>\n<strong>SRA4: <\/strong>225\u00d7320 mm<strong><br \/>\nA3<\/strong>: 297\u00d7420 mm<br \/>\n<strong>SRA3<\/strong>: 320\u00d7450 mm<\/td>\n<\/tr>\n<tr>\n<td>digit\u00e1lis proof<\/td>\n<td>Adathordoz\u00f3r\u00f3l digit\u00e1lis elj\u00e1r\u00e1ssal k\u00e9sz\u00edtett pr\u00f3banyomat, sz\u00ednes nyomtat\u00e1s sz\u00ednhelyess\u00e9g\u00e9nek ellen\u0151rz\u00e9s\u00e9re.<\/td>\n<\/tr>\n<tr>\n<td>direkt sz\u00edn<\/td>\n<td>Sz\u00ednminta vagy Pantone k\u00f3d alapj\u00e1n meghat\u00e1rozhat\u00f3 sz\u00edn. Nyomtat\u00e1sa a CMYK sz\u00ednekb\u0151l nem nyomtathat\u00f3 sz\u00ednek eset\u00e9n javasolt (pl. arany, ez\u00fcst )<\/td>\n<\/tr>\n<tr>\n<td>\u00a0DPI \u2013 Dot Per Inch<\/td>\n<td>A pontok sz\u00e1ma inchenk\u00e9nt. A rendszer letapogat\u00e1si, levil\u00e1g\u00edt\u00e1si elemeinek 25,4 mm-re es\u0151 sz\u00e1ma.<\/td>\n<\/tr>\n<tr>\n<td>dr\u00f3tf\u0171z\u00e9s<\/td>\n<td>\u00cdvek \u00f6sszekapcsol\u00e1sa f\u0171z\u0151kapcsok \u00e1t\u00fct\u00e9s\u00e9vel. V\u00e1ltozatai: irkaf\u0171z\u00e9s, t\u00f6mbf\u0171z\u00e9s<\/td>\n<\/tr>\n<tr>\n<td>el\u0151z\u00e9klap<\/td>\n<td>kem\u00e9nyt\u00e1bl\u00e1s bor\u00edt\u00f3j\u00fa k\u00f6nyvekn\u00e9l az \u00edvek \u00e9s a t\u00e1bla k\u00f6z\u00e9 ragasztott lap<\/td>\n<\/tr>\n<tr>\n<td>Envelope (v\u00e9d\u0151bor\u00edt\u00f3):<\/td>\n<td>A k\u00f6t\u00e9st\u00e1bl\u00e1t v\u00e9d\u0151, de azzal fizikailag nem \u00f6sszetartoz\u00f3, rendszerint nyomtatott lap. Grafikai megjelen\u00e9se kiemelten fontos a k\u00f6nyv eszt\u00e9tikai \u00f6sszk\u00e9pe szempontj\u00e1b\u00f3l.<\/td>\n<\/tr>\n<tr>\n<td>\u00a0EPS<\/td>\n<td>PostScript vektorgrafikus adatform\u00e1tum<\/td>\n<\/tr>\n<tr>\n<td>fed\u00e9l<\/td>\n<td>Puhafedel\u0171 (m\u00e1s n\u00e9ven karton\u00e1lt) k\u00f6nyvek \u2013 180-350 g\/m2 k\u00f6z\u00f6tti kartonb\u00f3l k\u00e9sz\u00fcl\u0151, t\u00f6bbnyire nyomott \u00e9s fel\u00fcletkezelt (f\u00f3li\u00e1zott) bor\u00edt\u00f3ja<\/td>\n<\/tr>\n<tr>\n<td>f\u00f3li\u00e1z\u00e1s, lakkoz\u00e1s<\/td>\n<td>megg\u00e1tolja a fest\u00e9k leh\u00faz\u00f3d\u00e1s\u00e1t, er\u0151sebb\u00e9 teszi a pap\u00edrt. Anyaga szerint m\u0171anyag, optikailag f\u00e9nyes vagy matt v\u00e1ltozatban l\u00e9tezik<\/td>\n<\/tr>\n<tr>\n<td>haszn\u00e1lt sz\u00ednek jel\u00f6l\u00e9se<\/td>\n<td>form\u00e1tuma: els\u0151 oldalon haszn\u00e1lt sz\u00ednek sz\u00e1ma + h\u00e1toldalon haszn\u00e1lt sz\u00ednek sz\u00e1ma pl.: 1+0 az els\u0151 oldal egy sz\u00ednnel nyomtatott, a h\u00e1toldal nyomatlan 1+1 az els\u0151 \u00e9s a h\u00e1toldal egyar\u00e1nt egy sz\u00ednnel nyomtatott 4+0 az els\u0151 oldal n\u00e9gy sz\u00ednnel nyomtatott azaz teljesen sz\u00ednes, a h\u00e1toldal nyomatlan 4+4 az els\u0151 \u00e9s a h\u00e1toldal egyar\u00e1nt n\u00e9gy sz\u00ednnel nyomtatott, azaz mindk\u00e9t oldal teljesen sz\u00ednes<\/td>\n<\/tr>\n<tr>\n<td>impresszum<\/td>\n<td>a k\u00f6nyv el\u0151\u00e1ll\u00edt\u00e1s\u00e1r\u00f3l t\u00e1j\u00e9koztat\u00f3 t\u00f6rv\u00e9nyben el\u0151\u00edrt adatsor, \u00e1ltal\u00e1ban a kolofonban kap helyet<\/td>\n<\/tr>\n<tr>\n<td>imprimat\u00fara<\/td>\n<td>Nyom\u00e1s enged\u00e9lyez\u00e9se, j\u00f3v\u00e1hagy\u00e1sa; V\u00e9gs\u0151 levonat a kinyomtatott anyagr\u00f3l. az utols\u00f3 t\u00f6rdelt szerz\u0151i korrekt\u00fara, amelyen a kiad\u00f3 (megrendel\u0151) enged\u00e9lyt ad a nyomtat\u00e1sra. Az imprimat\u00fara jav\u00edt\u00e1sa ut\u00e1n m\u00e1r csak a nyomda \u00e9s a kiad\u00f3 hivatalos megb\u00edzottjainak jelenl\u00e9t\u00e9ben szabad v\u00e1ltoztatni.<\/td>\n<\/tr>\n<tr>\n<td>irkaf\u0171z\u00e9s<\/td>\n<td>A kiadv\u00e1ny gerinc\u00e9n elhelyezett k\u00e9t vagy t\u00f6bb kapocs, amely a kiadv\u00e1ny \u00f6sszefog\u00e1s\u00e1t szolg\u00e1lja. Minim\u00e1lisan 8 oldalas, legfeljebb a pap\u00edr vastags\u00e1g\u00e1t\u00f3l f\u00fcgg\u0151en 80-112 oldalas munk\u00e1kn\u00e1l alkalmazhat\u00f3<\/td>\n<\/tr>\n<tr>\n<td>ISBN sz\u00e1m<\/td>\n<td>K\u00f6nyvek nemzetk\u00f6zi (UNESCO) 10 sz\u00e1mjegy\u0171 azonos\u00edt\u00f3 sz\u00e1ma. A nemzeti ISBN irod\u00e1t\u00f3l (Orsz\u00e1gos Sz\u00e9chenyi K\u00f6nyvt\u00e1rt\u00f3l) kell k\u00e9rni. A k\u00f6nyvnek \u00e1ltal\u00e1ban az impresszum oldal\u00e1n szok\u00e1s elhelyezni<\/td>\n<\/tr>\n<tr>\n<td>ISSN sz\u00e1m<\/td>\n<td>Id\u0151szaki kiadv\u00e1nyok \u00e9s sorozatok nemzetk\u00f6zi (UNESCO) 8 sz\u00e1mjegy\u0171 azonos\u00edt\u00f3 sz\u00e1ma. Az ISBN sz\u00e1mhoz hasonl\u00f3an, az Orsz\u00e1gos Sz\u00e9chenyi K\u00f6nyvt\u00e1rt\u00f3l kell ig\u00e9nyelni.<\/td>\n<\/tr>\n<tr>\n<td>kas\u00edroz\u00e1s<\/td>\n<td>Pap\u00edrnyomat, kinagy\u00edtott fot\u00f3, plak\u00e1t, stb. sz\u00fcrkelemezre, m\u0171anyagra, f\u00e1ra, stb. val\u00f3 felragaszt\u00e1sa<\/td>\n<\/tr>\n<tr>\n<td>kem\u00e9nyt\u00e1bl\u00e1s k\u00f6nyv<\/td>\n<td>Olyan kiadv\u00e1ny, amelynek a fedele 1,5 \u2013 3,5 mm vastag k\u00f6t\u00e9szeti lemez eg\u00e9szpap\u00edr, eg\u00e9szv\u00e1szon, f\u00e9lv\u00e1szon, m\u0171b\u0151r vagy b\u0151rbor\u00edt\u00e1ssal.<\/td>\n<\/tr>\n<tr>\n<td>kifut\u00f3 k\u00e9p<\/td>\n<td>egy vagy t\u00f6bb oldal\u00e1n szeg\u00e9ly (marg\u00f3) n\u00e9lk\u00fcl megjelentetett k\u00e9p. A kifut\u00f3 k\u00e9pet tartalmaz\u00f3 nyomtatv\u00e1nyok tervez\u00e9sekor figyelembe kell venni, hogy a k\u00e9p szeg\u00e9lymentesnek sz\u00e1nt sz\u00e9lein v\u00e9gs\u0151 k\u00f6r\u00fclv\u00e1g\u00e1skor n\u00e9h\u00e1ny (2-5) mm-t lev\u00e1gnak<\/td>\n<\/tr>\n<tr>\n<td>kil\u00f6v\u00e9s<\/td>\n<td>A kiadv\u00e1ny oldalainak elhelyez\u00e9se az \u00edven. A v\u00e9gleges form\u00e1tumra val\u00f3 hajtogat\u00e1sn\u00e1l, az oldalak megfelel\u0151 sorrendben k\u00f6vetik egym\u00e1st.<\/td>\n<\/tr>\n<tr>\n<td>kolofon<\/td>\n<td>a k\u00f6nyv el\u0151\u00e1ll\u00edt\u00e1s\u00e1nak adatait tartalmaz\u00f3 z\u00e1rad\u00e9k, a kolofonoldalon vagy a copyrightoldalon t\u00fcntetik fel<\/td>\n<\/tr>\n<tr>\n<td>kolofonoldal<\/td>\n<td>a k\u00f6nyv utols\u00f3 oldala, amelyen a kolofon szerepel<\/td>\n<\/tr>\n<tr>\n<td>korrekt\u00fara<\/td>\n<td>1. A szed\u00e9sr\u0151l jav\u00edt\u00e1s c\u00e9lj\u00e1b\u00f3l k\u00e9sz\u00edtett, majd szabv\u00e1nyos jelekkel kijav\u00edtott levonat.2. A szed\u00e9si hib\u00e1k kijav\u00edt\u00e1sa.<\/td>\n<\/tr>\n<tr>\n<td>leporell\u00f3hajt\u00e1s<\/td>\n<td>Olyan p\u00e1rhuzamos hajt\u00e1sok, amelyek p\u00e1ros\u00e1val ker\u00fclnek egy lap azonos oldal\u00e1ra.<\/td>\n<\/tr>\n<tr>\n<td>m\u0171nyom\u00f3 pap\u00edr<\/td>\n<td>Min\u0151s\u00e9gig\u00e9nyes term\u00e9kek el\u0151\u00e1ll\u00edt\u00e1s\u00e1ra alkalmas, teljesen z\u00e1rt, er\u0151sen sim\u00edtott fel\u00fclet\u0171, mindk\u00e9t oldalon m\u00e1zolt pap\u00edr.<\/td>\n<\/tr>\n<tr>\n<td>n\u00e9gysz\u00ednnyom\u00e1s (CMYK)<\/td>\n<td>A sz\u00ednes k\u00e9peket a n\u00e9gy alapsz\u00edn seg\u00edts\u00e9g\u00e9vel lehet felbontani, illetve kinyomtatni. ezek:\u00a0ci\u00e1n (cyan, C), b\u00edbor (magenta, M), s\u00e1rga (yellow, Y), fekete (black, K)<\/td>\n<\/tr>\n<tr>\n<td>nyomdai \u00edv<\/td>\n<td>alapegys\u00e9g a k\u00f6nyvek terjedelm\u00e9nek meg\u00e1llap\u00edt\u00e1s\u00e1ra. Egy nyomdai \u00edv = 16 oldal, amelyb\u0151l a form\u00e1tumoknak megfelel\u0151en k\u00fcl\u00f6nb\u00f6z\u0151 szorz\u00f3sz\u00e1mokkal az A\/5 \u00edv terjedelem kisz\u00e1m\u00edthat\u00f3 (a nyomdai \u00edv fogalma f\u00fcggetlen att\u00f3l, hogy pl. egy k\u00f6nyvet 32 oldalank\u00e9nt nyomtatnak).<\/td>\n<\/tr>\n<tr>\n<td>ofszetnyom\u00e1s<\/td>\n<td>Az ofszetnyom\u00e1s egy k\u00f6zvetett s\u00edknyom\u00e1s. A termel\u00e9sben geometriailag a rot\u00e1ci\u00f3s elv alapj\u00e1n, vagyis hengeres fel\u00fcletr\u0151l hengeres fel\u00fcletre t\u00f6rt\u00e9nik a nyomtat\u00e1s. A hengerre fesz\u00edtett nyom\u00f3lemezr\u0151l a fest\u00e9kes rajzi elemek egy gumikend\u0151s henger k\u00f6zvet\u00edt\u00e9s\u00e9vel jutnak el a nyomathordoz\u00f3ra. Ez egy k\u00f6zvetett nyomtat\u00e1si elj\u00e1r\u00e1s, ez\u00e9rt kapta az \u201cofszet\u201d elnevez\u00e9st.<\/td>\n<\/tr>\n<tr>\n<td>ofszetpap\u00edr<\/td>\n<td>Alapanyaga famentes, feh\u00e9r\u00edtett cellul\u00f3z. T\u00f6m\u00f6r, z\u00e1rt fel\u00fclet\u0171, \u00edr\u00f3k\u00e9pes, merev tart\u00e1s\u00fa pap\u00edr<\/td>\n<\/tr>\n<tr>\n<td>pagina<\/td>\n<td>Oldalsz\u00e1m, amit a kiadv\u00e1ny oldalain alul vagy fel\u00fcl helyeznek el.<\/td>\n<\/tr>\n<tr>\n<td>Pantone sz\u00edn<\/td>\n<td>Standard sz\u00ednrendszer, melynek k\u00f3dsz\u00e1mait a vil\u00e1gon egys\u00e9gesen \u00e9rtelmezik<\/td>\n<\/tr>\n<tr>\n<td>Passzer<\/td>\n<td>A raszterpontok illeszked\u00e9se a nyomaton<\/td>\n<\/tr>\n<tr>\n<td>PDF form\u00e1tum<\/td>\n<td>Eredetileg az Adobe Acrobat szoftver \u00e1ltal haszn\u00e1lt, de ma m\u00e1r m\u00e1s DTP programok \u00e1ltal is t\u00e1mogatott form\u00e1tum \u201cnyomdak\u00e9sz\u201d, form\u00e1zott (nem m\u00f3dos\u00edthat\u00f3) dokumentumok t\u00e1rol\u00e1s\u00e1ra. A PDF \u00e1llom\u00e1nyok egys\u00e9gesen jelen\u00edthet\u0151k meg vagy nyomtathat\u00f3k ki k\u00fcl\u00f6nb\u00f6z\u0151 sz\u00e1m\u00edt\u00f3g\u00e9pes rendszereken, ez\u00e9rt p\u00e9ld\u00e1ul az Interneten is gyakran haszn\u00e1lj\u00e1k ezt a szabv\u00e1nyt<\/td>\n<\/tr>\n<tr>\n<td>perfor\u00e1l\u00e1s<\/td>\n<td>A pap\u00edr el\u0151\u00edrt hely\u00e9n szaggatott k\u00e9ssel val\u00f3 be\u00fct\u00e9se a le, ki vagy sz\u00e9tt\u00e9phet\u0151s\u00e9g\u00e9nek el\u0151seg\u00edt\u00e9s\u00e9re.<br \/>\nAdott ir\u00e1nyban t\u00f6rt\u00e9n\u0151 sorozatos \u00e1tlyukaszt\u00e1s (hajtogat\u00e1s k\u00f6zbeni perfor\u00e1l\u00e1s, t\u00f6mb\u00f6k perfor\u00e1l\u00e1sa), sorlyukaszt\u00e1s. Sz\u00e1mla, megrendel\u00e9s- vagy sorsz\u00e1mt\u00f6mb\u00f6k haszn\u00e1lata sor\u00e1n sz\u00fcks\u00e9g van arra, hogy a pap\u00edr egy r\u00e9sze k\u00f6nnyen leszak\u00edthat\u00f3v\u00e1 v\u00e1lj\u00e9k. Ezt szolg\u00e1lja a sorlyukaszt\u00e1s<\/td>\n<\/tr>\n<tr>\n<td>ragaszt\u00f3k\u00f6t\u00e9s<\/td>\n<td>Puhafedel\u0171 k\u00f6nyvekn\u00e9l alkalmazott k\u00f6t\u00e9si elj\u00e1r\u00e1s.<br \/>\nAz egym\u00e1sra hordott \u00edveket egy\u00fcttesen behelyezik egy ragaszt\u00f3k\u00f6t\u0151 g\u00e9pbe, ahol a k\u00f6nyvtest a szor\u00edt\u00f3pof\u00e1k k\u00f6z\u00e9 ker\u00fclve egy biztos tart\u00e1st nyer, ezut\u00e1n az eg\u00e9sz egy mar\u00f3k\u00e9s f\u00f6l\u00e9 ker\u00fcl, ahol a k\u00f6nyv gerince egy meglehetosen durva fel\u00fcletet kap. Az \u00edgy nyert durva fel\u00fclet meglehet\u0151sen sok ragaszt\u00f3anyagot k\u00e9pes felvenni. A g\u00e9p megkeni a k\u00f6nyv gerinc\u00e9t ragaszt\u00f3val, majd a bor\u00edt\u00f3ba akasztja. A k\u00f6nyvk\u00f6t\u00e9s utols\u00f3 f\u00e1zisa a ragaszt\u00f3anyag kih\u0171l\u00e9se ut\u00e1n a k\u00f6nyvtest h\u00e1rom oldalon val\u00f3 k\u00f6r\u00fclv\u00e1g\u00e1sa.<\/td>\n<\/tr>\n<tr>\n<td>retus\u00e1l\u00e1s<\/td>\n<td>K\u00e9pjav\u00edt\u00e1s, k\u00e9ptiszt\u00edt\u00e1s. Alapj\u00e1ban a k\u00e9peredeti (pap\u00edrk\u00e9p, diak\u00e9p, vagy scannelt grafika) s\u00e9r\u00fcl\u00e9seinek, sz\u00ednhib\u00e1inak kijav\u00edt\u00e1sa, de a k\u00e9pekkel val\u00f3 manipul\u00e1ci\u00f3ra is alkalmazz\u00e1k, megv\u00e1ltoztatva annak val\u00f3di form\u00e1j\u00e1t<\/td>\n<\/tr>\n<tr>\n<td>ritzel\u00e9s, riccel\u00e9s<\/td>\n<td>karton, lemez hajl\u00edt\u00e1s\u00e1t el\u0151seg\u00edt\u0151 bev\u00e1g\u00e1s, amely az anyag keresztmetszet\u00e9nek csak kb. a fel\u00e9ig hatol. Ugyanazt a c\u00e9lt szolg\u00e1lja, mint a -hajl\u00edt\u00f3\u00e9lez\u00e9s, de vastagabb anyagokhoz ez ink\u00e1bb megfelel. Tov\u00e1bb\u00e1, a kiv\u00e1g\u00e1snak az \u00f6ntapad\u00f3 anyagokn\u00e1l haszn\u00e1latos m\u00f3dja, amikor a kiv\u00e1g\u00f3\u00e9lek csup\u00e1n a pap\u00edrt vagy f\u00f3li\u00e1t v\u00e1gj\u00e1k \u00e1t a szilikonos hordoz\u00f3ig, de a hordoz\u00f3 egyben marad.<\/td>\n<\/tr>\n<tr>\n<td>szabv\u00e1nyos pap\u00edrm\u00e9retek<\/td>\n<td>\u00a0A0 841\u00d71189 mm, \u00a0B0 1000\u00d71400 mm<br \/>\nA1 594\u00d7841 mm, \u00a0 B1 700\u00d71000 mm<br \/>\nA2 420\u00d7594 mm, \u00a0 B2 500\u00d7700 mm<br \/>\nA3 297\u00d7420 mm, \u00a0 B3 350\u00d7500 mm<br \/>\nA4 210\u00d7297 mm, \u00a0 B4 250\u00d7350 mm<br \/>\nA5 148\u00d7210 mm, \u00a0 B5 175\u00d7250 mm<br \/>\nA6 105\u00d7148 mm, \u00a0 B6 125\u00d7175 mm<\/td>\n<\/tr>\n<tr>\n<td>szed\u00e9st\u00fck\u00f6r<\/td>\n<td>\u00a0A kiadv\u00e1ny oldalainak a marg\u00f3k \u00e1ltal hat\u00e1rolt ter\u00fclete, ahol a szedett sz\u00f6veg, illusztr\u00e1ci\u00f3 elhelyezkedik. Az \u00e9l\u0151fej a szed\u00e9st\u00fckr\u00f6n bel\u00fcl, az oldalsz\u00e1mok azon k\u00edv\u00fcl helyezkednek el.<\/td>\n<\/tr>\n<tr>\n<td>szennyc\u00edmoldal<\/td>\n<td>\u00a0A bor\u00edt\u00f3lap \u00e9s a bels\u0151 c\u00edmlap k\u00f6z\u00f6tt elhelyezked\u0151 oldal, amely t\u00f6bbnyire csak a k\u00f6nyv c\u00edm\u00e9t tartalmazza<\/td>\n<\/tr>\n<tr>\n<td>szitanyom\u00e1s<\/td>\n<td>\u00a0Autot\u00edpiai elj\u00e1r\u00e1s. Az offszet elj\u00e1r\u00e1ssal nehezen vagy egy\u00e1ltal\u00e1n nem nyomtathat\u00f3 anyagok nyom\u00e1s\u00e1ra alkalmas pl.: text\u00edli\u00e1k, dekor f\u00f3li\u00e1k, nagyon vastag pap\u00edrlemezek<\/td>\n<\/tr>\n<tr>\n<td>tamponnyom\u00e1s<\/td>\n<td>\u00a0Nem s\u00edk fel\u00fcletek nyom\u00e1s\u00e1ra szolg\u00e1l\u00f3 elj\u00e1r\u00e1s. Pl: poh\u00e1r, toll, \u00f6ngy\u00fajt\u00f3.<\/td>\n<\/tr>\n<tr>\n<td>tipogr\u00e1fia<\/td>\n<td>\u00a0Egy kiadv\u00e1ny megtervez\u00e9s\u00e9nek tudom\u00e1nya \u00e9s m\u0171v\u00e9szete. A tipogr\u00e1fia alatt \u00e9rtj\u00fck a kiadv\u00e1ny tervez\u00e9se, szed\u00e9se sor\u00e1n alkalmazott eszk\u00f6z\u00f6k \u00f6sszess\u00e9g\u00e9t.<\/td>\n<\/tr>\n<tr>\n<td>v\u00e1gott m\u00e9ret<\/td>\n<td>\u00a0A k\u00e9sz nyomdai term\u00e9k m\u00e9rete. Kem\u00e9nyt\u00e1bl\u00e1s k\u00f6nyvn\u00e9l a k\u00f6nyvtest m\u00e9retmegjel\u00f6l\u00e9se.<\/td>\n<\/tr>\n<tr>\n<td>v\u00e1k\u00e1t oldal<\/td>\n<td>\u00a0\u00fcres oldal<\/td>\n<\/tr>\n<\/tbody>\n<\/table>\n","protected":false},"excerpt":{"rendered":"<p>Fogalmak Meghat\u00e1roz\u00e1sok alnyomat sz\u00f6veg al\u00e1 nyomott homog\u00e9n fel\u00fclet vagy \u00e1bra, fot\u00f3, grafika autot\u00edpia Meisenbach tal\u00e1lm\u00e1nya, mely abb\u00f3l \u00e1ll, hogy a f\u00e9nyk\u00e9p alapsz\u00edn\u00e9t vonalakra \u00e9s pontokra&#8230;<\/p>\n","protected":false},"author":1,"featured_media":0,"parent":0,"menu_order":0,"comment_status":"closed","ping_status":"closed","template":"page_fullwidth.php","meta":{"footnotes":""},"class_list":["post-3233","page","type-page","status-publish","hentry"],"_links":{"self":[{"href":"https:\/\/showcase.westerlike.net\/Timba\/wp-json\/wp\/v2\/pages\/3233","targetHints":{"allow":["GET"]}}],"collection":[{"href":"https:\/\/showcase.westerlike.net\/Timba\/wp-json\/wp\/v2\/pages"}],"about":[{"href":"https:\/\/showcase.westerlike.net\/Timba\/wp-json\/wp\/v2\/types\/page"}],"author":[{"embeddable":true,"href":"https:\/\/showcase.westerlike.net\/Timba\/wp-json\/wp\/v2\/users\/1"}],"replies":[{"embeddable":true,"href":"https:\/\/showcase.westerlike.net\/Timba\/wp-json\/wp\/v2\/comments?post=3233"}],"version-history":[{"count":0,"href":"https:\/\/showcase.westerlike.net\/Timba\/wp-json\/wp\/v2\/pages\/3233\/revisions"}],"wp:attachment":[{"href":"https:\/\/showcase.westerlike.net\/Timba\/wp-json\/wp\/v2\/media?parent=3233"}],"curies":[{"name":"wp","href":"https:\/\/api.w.org\/{rel}","templated":true}]}}