{"id":42,"date":"2015-12-30T21:24:09","date_gmt":"2015-12-30T21:24:09","guid":{"rendered":"http:\/\/wpstore.timba.hu\/?page_id=42"},"modified":"2022-09-24T10:30:20","modified_gmt":"2022-09-24T10:30:20","slug":"nevjegykartya-keszites","status":"publish","type":"page","link":"https:\/\/showcase.westerlike.net\/Timba\/szolgaltatasok\/nevjegykartya-keszites\/","title":{"rendered":"N\u00e9vjegyk\u00e1rtya k\u00e9sz\u00edt\u00e9s"},"content":{"rendered":"<ul>\n<li>Egyedi n\u00e9vjegyk\u00e1rty\u00e1k k\u00e9sz\u00edt\u00e9se\n<ul>\n<li>minim\u00e1lis mennyis\u00e9g: 60 illetve 72 db<\/li>\n<li>egy \/ k\u00e9t oldalas n\u00e9vjegyk\u00e1rty\u00e1k<\/li>\n<li>norm\u00e1l \u00e9s kifut\u00f3s kivitelben<\/li>\n<li>fekete \/ sz\u00ednes nyom\u00e1ssal<\/li>\n<\/ul>\n<\/li>\n<li>Ingyenes grafikai tervez\u00e9ssel<\/li>\n<li>Sarok kerek\u00edtett kivitelben is<\/li>\n<li>Egyedileg lamin\u00e1lt vagy f\u00f3li\u00e1zott kivitelben is<\/li>\n<li>N\u00e9vjegyk\u00e1rtya m\u00e1r 30 Ft-t\u00f3l!<\/li>\n<\/ul>\n<p>Egyedi n\u00e9vjegyk\u00e1rty\u00e1k k\u00e9sz\u00edt\u00e9s\u00e9t v\u00e1llaljuk c\u00e9geknek, v\u00e1llalkoz\u00e1soknak,\u00a0\u00fczleteknek\u00a0mag\u00e1nszem\u00e9lyeknek. A n\u00e9vjegyk\u00e1rty\u00e1kat nem sablonok alapj\u00e1n k\u00e9sz\u00edtj\u00fck, hanem a megrendel\u0151k ig\u00e9nyeihez igazodva.\u00a0\u00dczlet\u00fcnkben kb.\u00a020 f\u00e9le, 250-350 gr\/m<sup>2<\/sup> t\u00f6meg\u0171 pap\u00edr k\u00f6z\u00fcl v\u00e1laszthatnak. Kiv\u00e1l\u00f3 min\u0151s\u00e9g &#8211; gyors hat\u00e1rid\u0151, kisebb mennyis\u00e9g eset\u00e9n ak\u00e1r a helysz\u00ednen megv\u00e1rhat\u00f3.<\/p>\n<h4 class=\"ar-cim\"><a><\/a>\u00c1raink<\/h4>\n<h5 class=\"ar-kiemelt\" style=\"color: black;\">Norm\u00e1l* karton egy oldalas<\/h5>\n<div class=\"table-responsive\">\n<table class=\"table table-hover\" border=\"0\" cellspacing=\"0\" cellpadding=\"0\" align=\"center\">\n<tbody>\n<tr class=\"ar-kiemelt\">\n<td id=\"vonal2\" style=\"padding-left: 10px;\"><strong>Mennyis\u00e9g<\/strong><\/td>\n<td style=\"text-align: center;\"><strong>fekete<\/strong><\/td>\n<td style=\"text-align: center;\"><strong>sz\u00ednes<\/strong><\/td>\n<td style=\"text-align: center;\"><strong>fot\u00f3\/kifut\u00f3<\/strong><\/td>\n<\/tr>\n<tr>\n<td id=\"vonal2\" style=\"padding-left: 10px;\"><strong>60\u00a0&#8211; 96<\/strong><\/td>\n<td style=\"text-align: center;\">38 Ft<\/td>\n<td style=\"text-align: center;\">50 Ft<\/td>\n<td style=\"text-align: center;\">60 Ft<\/td>\n<\/tr>\n<tr class=\"ar-szurke\">\n<td id=\"vonal2\" style=\"padding-left: 10px;\"><strong>97\u00a0&#8211; 180<\/strong><\/td>\n<td style=\"text-align: center;\">34 Ft<\/td>\n<td style=\"text-align: center;\">46 Ft<\/td>\n<td style=\"text-align: center;\">56 Ft<\/td>\n<\/tr>\n<tr>\n<td id=\"vonal2\" style=\"padding-left: 10px;\"><strong>181 &#8211;<\/strong><\/td>\n<td style=\"text-align: center;\">30 Ft<\/td>\n<td style=\"text-align: center;\">42 Ft<\/td>\n<td style=\"text-align: center;\">52 Ft<\/td>\n<\/tr>\n<\/tbody>\n<\/table>\n<\/div>\n<p>*Az \u00e1rak fajt\u00e1nkk\u00e9nt, hagyom\u00e1nyos m\u00e9ret\u0171 (90x50mm), 300 grammos ofszet, vagy 350 grammos m\u0171nyom\u00f3 kartonra val\u00f3 nyomtat\u00e1sra vonatkoznak.<\/p>\n<h5 class=\"ar-kiemelt\" style=\"color: black;\">Extra** karton egy oldalas<\/h5>\n<div class=\"table-responsive\">\n<table class=\"table table-hover\" border=\"0\" cellspacing=\"0\" cellpadding=\"0\" align=\"center\">\n<tbody>\n<tr class=\"ar-kiemelt\">\n<td id=\"vonal2\" style=\"padding-left: 10px;\"><strong>Mennyis\u00e9g<\/strong><\/td>\n<td style=\"text-align: center;\"><strong>fekete<\/strong><\/td>\n<td style=\"text-align: center;\"><strong>sz\u00ednes<\/strong><\/td>\n<td style=\"text-align: center;\"><strong>fot\u00f3\/kifut\u00f3<\/strong><\/td>\n<\/tr>\n<tr>\n<td id=\"vonal2\" style=\"padding-left: 10px;\"><strong>60 &#8211; 96<\/strong><\/td>\n<td style=\"text-align: center;\">58 Ft<\/td>\n<td style=\"text-align: center;\">66 Ft<\/td>\n<td style=\"text-align: center;\">76 Ft<\/td>\n<\/tr>\n<tr class=\"ar-szurke\">\n<td id=\"vonal2\" style=\"padding-left: 10px;\"><strong>97 &#8211; 180<\/strong><\/td>\n<td style=\"text-align: center;\">54 Ft<\/td>\n<td style=\"text-align: center;\">62 Ft<\/td>\n<td style=\"text-align: center;\">72 Ft<\/td>\n<\/tr>\n<tr>\n<td id=\"vonal2\" style=\"padding-left: 10px;\"><strong>181 &#8211;<\/strong><\/td>\n<td style=\"text-align: center;\">50 Ft<\/td>\n<td style=\"text-align: center;\">58 Ft<\/td>\n<td style=\"text-align: center;\">68 Ft<\/td>\n<\/tr>\n<\/tbody>\n<\/table>\n<\/div>\n<p>** Az \u00e1rak fajt\u00e1nkk\u00e9nt, hagyom\u00e1nyos m\u00e9ret\u0171 (90x50mm), 350 grammos gy\u00f6ngyh\u00e1z f\u00e9ny\u0171, vagy dombormint\u00e1s kreat\u00edv kartonra val\u00f3 nyomtat\u00e1sra vonatkoznak.<\/p>\n<h5 class=\"ar-kiemelt\" style=\"color: black;\">Norm\u00e1l* karton\u00a0k\u00e9t oldalas<\/h5>\n<div class=\"table-responsive\">\n<table class=\"table table-hover\" border=\"0\" cellspacing=\"0\" cellpadding=\"0\" align=\"center\">\n<tbody>\n<tr class=\"ar-kiemelt\">\n<td id=\"vonal2\" style=\"padding-left: 10px;\"><strong>Mennyis\u00e9g<\/strong><\/td>\n<td style=\"text-align: center;\"><strong>fekete<\/strong><\/td>\n<td style=\"text-align: center;\"><strong>sz\u00ednes<\/strong><\/td>\n<td style=\"text-align: center;\"><strong>fot\u00f3\/kifut\u00f3<\/strong><\/td>\n<\/tr>\n<tr>\n<td id=\"vonal2\" style=\"padding-left: 10px;\"><strong>60\u00a0&#8211; 96<\/strong><\/td>\n<td style=\"text-align: center;\">50 Ft<\/td>\n<td style=\"text-align: center;\">72 Ft<\/td>\n<td style=\"text-align: center;\">82 Ft<\/td>\n<\/tr>\n<tr class=\"ar-szurke\">\n<td id=\"vonal2\" style=\"padding-left: 10px;\"><strong>97 &#8211; 180<\/strong><\/td>\n<td style=\"text-align: center;\">46 Ft<\/td>\n<td style=\"text-align: center;\">68 Ft<\/td>\n<td style=\"text-align: center;\">78 Ft<\/td>\n<\/tr>\n<tr>\n<td id=\"vonal2\" style=\"padding-left: 10px;\"><strong>181 &#8211;<\/strong><\/td>\n<td style=\"text-align: center;\">42 Ft<\/td>\n<td style=\"text-align: center;\">64 Ft<\/td>\n<td style=\"text-align: center;\">74 Ft<\/td>\n<\/tr>\n<\/tbody>\n<\/table>\n<\/div>\n<p>*Az \u00e1rak fajt\u00e1nkk\u00e9nt, hagyom\u00e1nyos m\u00e9ret\u0171 (90x50mm), 300 grammos ofszet, vagy 350 grammos m\u0171nyom\u00f3 kartonra val\u00f3 nyomtat\u00e1sra vonatkoznak.<\/p>\n<h5 class=\"ar-kiemelt\" style=\"color: black;\">Extra** karton k\u00e9t oldalas<\/h5>\n<div class=\"table-responsive\">\n<table class=\"table table-hover\" border=\"0\" cellspacing=\"0\" cellpadding=\"0\" align=\"center\">\n<tbody>\n<tr class=\"ar-kiemelt\">\n<td id=\"vonal2\" style=\"padding-left: 10px;\"><strong>Mennyis\u00e9g<\/strong><\/td>\n<td style=\"text-align: center;\"><strong>fekete<\/strong><\/td>\n<td style=\"text-align: center;\"><strong>sz\u00ednes<\/strong><\/td>\n<td style=\"text-align: center;\"><strong>fot\u00f3\/kifut\u00f3<\/strong><\/td>\n<\/tr>\n<tr>\n<td id=\"vonal2\" style=\"padding-left: 10px;\"><strong>60 &#8211; 96<\/strong><\/td>\n<td style=\"text-align: center;\">70 Ft<\/td>\n<td style=\"text-align: center;\">88 Ft<\/td>\n<td style=\"text-align: center;\">98 Ft<\/td>\n<\/tr>\n<tr class=\"ar-szurke\">\n<td id=\"vonal2\" style=\"padding-left: 10px;\"><strong>97 &#8211; 180<\/strong><\/td>\n<td style=\"text-align: center;\">66 Ft<\/td>\n<td style=\"text-align: center;\">84 Ft<\/td>\n<td style=\"text-align: center;\">94 Ft<\/td>\n<\/tr>\n<tr>\n<td id=\"vonal2\" style=\"padding-left: 10px;\"><strong>181 &#8211;<\/strong><\/td>\n<td style=\"text-align: center;\">62 Ft<\/td>\n<td style=\"text-align: center;\">80 Ft<\/td>\n<td style=\"text-align: center;\">90 Ft<\/td>\n<\/tr>\n<\/tbody>\n<\/table>\n<\/div>\n<p>** Az \u00e1rak fajt\u00e1nk\u00e9nt, hagyom\u00e1nyos m\u00e9ret\u0171 (90x50mm), 350 grammos gy\u00f6ngyh\u00e1z f\u00e9ny\u0171, vagy dombormint\u00e1s kreat\u00edv kartonra val\u00f3 nyomtat\u00e1sra vonatkoznak.<\/p>\n<p style=\"text-align: center;\">\u00c9rv\u00e9nyes: 2022. szeptember 1-t\u0151l<br \/>\nMinim\u00e1lis rendel\u00e9si mennyis\u00e9g: norm\u00e1l 72 db \/ kifut\u00f3s 60 db<br \/>\nRendel\u00e9si egys\u00e9g: norm\u00e1l n\u00e9vjegy 24 db \/ kifut\u00f3s n\u00e9vjegy 20 db<\/p>\n<h6 style=\"text-align: center;\">\u00c1raink v\u00e9gfelhaszn\u00e1l\u00f3i \u00e1rak, mag\u00e1nszem\u00e9lyek r\u00e9sz\u00e9re nem tartalmaznak \u00c1FA-t,<br \/>\nc\u00e9ges megrendel\u00e9s eset\u00e9n +27% \u00c1FA-t meg kell fizetni!<\/h6>\n","protected":false},"excerpt":{"rendered":"<p>Egyedi n\u00e9vjegyk\u00e1rty\u00e1k k\u00e9sz\u00edt\u00e9se minim\u00e1lis mennyis\u00e9g: 60 illetve 72 db egy \/ k\u00e9t oldalas n\u00e9vjegyk\u00e1rty\u00e1k norm\u00e1l \u00e9s kifut\u00f3s kivitelben fekete \/ sz\u00ednes nyom\u00e1ssal Ingyenes grafikai tervez\u00e9ssel&#8230;<\/p>\n","protected":false},"author":1,"featured_media":717,"parent":61,"menu_order":0,"comment_status":"closed","ping_status":"closed","template":"page_fullwidth.php","meta":{"footnotes":""},"class_list":["post-42","page","type-page","status-publish","has-post-thumbnail","hentry"],"_links":{"self":[{"href":"https:\/\/showcase.westerlike.net\/Timba\/wp-json\/wp\/v2\/pages\/42","targetHints":{"allow":["GET"]}}],"collection":[{"href":"https:\/\/showcase.westerlike.net\/Timba\/wp-json\/wp\/v2\/pages"}],"about":[{"href":"https:\/\/showcase.westerlike.net\/Timba\/wp-json\/wp\/v2\/types\/page"}],"author":[{"embeddable":true,"href":"https:\/\/showcase.westerlike.net\/Timba\/wp-json\/wp\/v2\/users\/1"}],"replies":[{"embeddable":true,"href":"https:\/\/showcase.westerlike.net\/Timba\/wp-json\/wp\/v2\/comments?post=42"}],"version-history":[{"count":0,"href":"https:\/\/showcase.westerlike.net\/Timba\/wp-json\/wp\/v2\/pages\/42\/revisions"}],"up":[{"embeddable":true,"href":"https:\/\/showcase.westerlike.net\/Timba\/wp-json\/wp\/v2\/pages\/61"}],"wp:featuredmedia":[{"embeddable":true,"href":"https:\/\/showcase.westerlike.net\/Timba\/wp-json\/wp\/v2\/media\/717"}],"wp:attachment":[{"href":"https:\/\/showcase.westerlike.net\/Timba\/wp-json\/wp\/v2\/media?parent=42"}],"curies":[{"name":"wp","href":"https:\/\/api.w.org\/{rel}","templated":true}]}}