{"id":50,"date":"2015-12-31T13:45:22","date_gmt":"2015-12-31T13:45:22","guid":{"rendered":"http:\/\/wpstore.timba.hu\/?page_id=50"},"modified":"2022-09-24T10:37:06","modified_gmt":"2022-09-24T10:37:06","slug":"belyegzo-keszites-2","status":"publish","type":"page","link":"https:\/\/showcase.westerlike.net\/Timba\/szolgaltatasok\/belyegzo-keszites-2\/","title":{"rendered":"B\u00e9lyegz\u0151 k\u00e9sz\u00edt\u00e9s"},"content":{"rendered":"<ul>\n<li>Colop m\u00e1rk\u00e1j\u00fa b\u00e9lyegz\u0151k k\u00e9sz\u00edt\u00e9se\n<ul>\n<li>Sz\u00f6vegb\u00e9lyegz\u0151k<\/li>\n<li>Zsebb\u00e9lyegz\u0151k<\/li>\n<li>D\u00e1tum- \u00e9s sz\u00e1mb\u00e9lyegz\u0151k<\/li>\n<\/ul>\n<\/li>\n<li>Cserep\u00e1rn\u00e1k<\/li>\n<li>B\u00e9lyegz\u0151fest\u00e9kek<\/li>\n<li>Kieg\u00e9sz\u00edt\u0151k<\/li>\n<\/ul>\n<p>\u00dczlet\u00fcnkben Colop m\u00e1rk\u00e1j\u00fa b\u00e9lyegz\u0151k k\u00e9sz\u00edt\u00e9s\u00e9t v\u00e1llaljuk egy munkanapos hat\u00e1rid\u0151vel. A nyomatok tervez\u00e9se a helysz\u00ednen megv\u00e1rhat\u00f3. K\u00edn\u00e1latunkban megtal\u00e1lhat\u00f3 a Colop b\u00e9lyegz\u0151k teljes term\u00e9ksk\u00e1l\u00e1ja az egyszer\u0171 sz\u00f6veg-, d\u00e1tum- \u00e9s irodai b\u00e9lyegz\u0151kt\u0151l a kis helyig\u00e9ny\u0171 zsebb\u00e9lyegz\u0151k\u00f6n \u00e1t a k\u0151r, toll, fa, f\u00e9m \u00e9s elektromos b\u00e9lyegz\u0151kig. A kieg\u00e9sz\u00edt\u0151k k\u00f6z\u00f6tt \u00e1llv\u00e1nyokat, tokokat, speci\u00e1lis fest\u00e9keket (pl.: toj\u00e1sfest\u00e9k, h\u00fasfest\u00e9k, olajos, alkoholos \u00e9s vizes b\u00e1zis\u00fa fest\u00e9kek) \u00e9s p\u00e1rn\u00e1kat, c\u00edmer- \u00e9s postaviaszt is \u00e9rt\u00e9kes\u00edt\u00fcnk.<\/p>\n<p>&nbsp;<\/p>\n<h4 class=\"ar-cim\"><a><\/a>\u00c1raink<\/h4>\n<div class=\"table-responsive\">\n<table class=\"table table-hover\" border=\"0\" cellspacing=\"0\" cellpadding=\"0\" align=\"center\">\n<tbody>\n<tr class=\"ar-kiemelt\">\n<td id=\"vonal2\" style=\"padding-left: 10px;\"><strong>Megnevez\u00e9s<\/strong><\/td>\n<td style=\"text-align: center;\"><strong>\u00e1r<\/strong><\/td>\n<\/tr>\n<tr>\n<td id=\"vonal2\" style=\"padding-left: 10px;\">Printer C 10 (27&#215;10 mm)<\/td>\n<td style=\"text-align: center;\"><strong>6.460<\/strong> Ft<\/td>\n<\/tr>\n<tr class=\"ar-szurke\">\n<td id=\"vonal2\" style=\"padding-left: 10px;\">Printer C 20 (38\u00d714 mm)<\/td>\n<td style=\"text-align: center;\"><strong>6.460<\/strong> Ft<\/td>\n<\/tr>\n<tr>\n<td id=\"vonal2\" style=\"padding-left: 10px;\">Printer C 30 (47\u00d718 mm)<\/td>\n<td style=\"text-align: center;\"><strong>6.660<\/strong> Ft<\/td>\n<\/tr>\n<tr class=\"ar-szurke\">\n<td id=\"vonal2\" style=\"padding-left: 10px;\">Printer C 40 (59\u00d723 mm)<\/td>\n<td style=\"text-align: center;\"><strong>6.960<\/strong> Ft<\/td>\n<\/tr>\n<tr>\n<td id=\"vonal2\" style=\"padding-left: 10px;\">Printer C 50 (69\u00d730 mm)<\/td>\n<td style=\"text-align: center;\"><strong>7.960<\/strong> Ft<\/td>\n<\/tr>\n<tr class=\"ar-szurke\">\n<td id=\"vonal2\" style=\"padding-left: 10px;\">Printer R17 (17 mm) k\u00f6rb\u00e9lyegz\u0151<\/td>\n<td style=\"text-align: center;\"><strong>7.160<\/strong> Ft<\/td>\n<\/tr>\n<tr>\n<td id=\"vonal2\" style=\"padding-left: 10px;\">Printer R30 (30 mm) k\u00f6rb\u00e9lyegz\u0151<\/td>\n<td style=\"text-align: center;\"><strong>9.960<\/strong> Ft<\/td>\n<\/tr>\n<tr class=\"ar-szurke\">\n<td id=\"vonal2\" style=\"padding-left: 10px;\">Stamp Mouse 20 (38\u00d714 mm) zsebb\u00e9lyegz\u0151<\/td>\n<td style=\"text-align: center;\"><strong>6.660<\/strong> Ft<\/td>\n<\/tr>\n<tr>\n<td id=\"vonal2\" style=\"padding-left: 10px;\">Csak gumilemez<\/td>\n<td style=\"text-align: center;\"><strong>3.600<\/strong> Ft<\/td>\n<\/tr>\n<tr class=\"ar-szurke\">\n<td id=\"vonal2\" style=\"padding-left: 10px;\">B\u00e9lyegz\u0151fest\u00e9k 25 ml<\/td>\n<td style=\"text-align: center;\"><strong>2.960<\/strong>\u00a0Ft<\/td>\n<\/tr>\n<\/tbody>\n<\/table>\n<\/div>\n<p>&nbsp;<\/p>\n<h6 style=\"text-align: center;\">\u00c1raink v\u00e9gfelhaszn\u00e1l\u00f3i \u00e1rak, mag\u00e1nszem\u00e9lyek r\u00e9sz\u00e9re nem tartalmaznak \u00c1FA-t,<br \/>\nc\u00e9ges megrendel\u00e9s eset\u00e9n +27% \u00c1FA-t meg kell fizetni!<\/h6>\n","protected":false},"excerpt":{"rendered":"<p>Colop m\u00e1rk\u00e1j\u00fa b\u00e9lyegz\u0151k k\u00e9sz\u00edt\u00e9se Sz\u00f6vegb\u00e9lyegz\u0151k Zsebb\u00e9lyegz\u0151k D\u00e1tum- \u00e9s sz\u00e1mb\u00e9lyegz\u0151k Cserep\u00e1rn\u00e1k B\u00e9lyegz\u0151fest\u00e9kek Kieg\u00e9sz\u00edt\u0151k \u00dczlet\u00fcnkben Colop m\u00e1rk\u00e1j\u00fa b\u00e9lyegz\u0151k k\u00e9sz\u00edt\u00e9s\u00e9t v\u00e1llaljuk egy munkanapos hat\u00e1rid\u0151vel. A nyomatok tervez\u00e9se a&#8230;<\/p>\n","protected":false},"author":1,"featured_media":718,"parent":61,"menu_order":0,"comment_status":"closed","ping_status":"closed","template":"page_fullwidth.php","meta":{"footnotes":""},"class_list":["post-50","page","type-page","status-publish","has-post-thumbnail","hentry"],"_links":{"self":[{"href":"https:\/\/showcase.westerlike.net\/Timba\/wp-json\/wp\/v2\/pages\/50","targetHints":{"allow":["GET"]}}],"collection":[{"href":"https:\/\/showcase.westerlike.net\/Timba\/wp-json\/wp\/v2\/pages"}],"about":[{"href":"https:\/\/showcase.westerlike.net\/Timba\/wp-json\/wp\/v2\/types\/page"}],"author":[{"embeddable":true,"href":"https:\/\/showcase.westerlike.net\/Timba\/wp-json\/wp\/v2\/users\/1"}],"replies":[{"embeddable":true,"href":"https:\/\/showcase.westerlike.net\/Timba\/wp-json\/wp\/v2\/comments?post=50"}],"version-history":[{"count":0,"href":"https:\/\/showcase.westerlike.net\/Timba\/wp-json\/wp\/v2\/pages\/50\/revisions"}],"up":[{"embeddable":true,"href":"https:\/\/showcase.westerlike.net\/Timba\/wp-json\/wp\/v2\/pages\/61"}],"wp:featuredmedia":[{"embeddable":true,"href":"https:\/\/showcase.westerlike.net\/Timba\/wp-json\/wp\/v2\/media\/718"}],"wp:attachment":[{"href":"https:\/\/showcase.westerlike.net\/Timba\/wp-json\/wp\/v2\/media?parent=50"}],"curies":[{"name":"wp","href":"https:\/\/api.w.org\/{rel}","templated":true}]}}