{"id":52,"date":"2015-12-31T13:48:15","date_gmt":"2015-12-31T13:48:15","guid":{"rendered":"http:\/\/wpstore.timba.hu\/?page_id=52"},"modified":"2023-01-27T08:53:07","modified_gmt":"2023-01-27T08:53:07","slug":"nyomtatas-fenymasolas","status":"publish","type":"page","link":"https:\/\/showcase.westerlike.net\/Timba\/szolgaltatasok\/nyomtatas-fenymasolas\/","title":{"rendered":"Nyomtat\u00e1s &#8211; F\u00e9nym\u00e1sol\u00e1s"},"content":{"rendered":"<ul>\n<li>Nyomtat\u00e1s &#8211; F\u00e9nym\u00e1sol\u00e1s\n<ul>\n<li>kicsiny\u00edt\u00e9s &#8211; nagy\u00edt\u00e1s<\/li>\n<li>fekete &#8211; sz\u00ednes<\/li>\n<li>egy oldalas &#8211; k\u00e9t oldalas<\/li>\n<\/ul>\n<\/li>\n<li>10&#215;15 cm &#8211; A3+ (329&#215;483 mm)<\/li>\n<li>65\u00a0gr\/m<sup>2<\/sup> &#8211; 360 gr\/m<sup>2<\/sup><\/li>\n<li>2400 dpi felbont\u00e1s<\/li>\n<\/ul>\n<p>\u00dczlet\u00fcnkben \u00fcgyfeleink r\u00e9sz\u00e9re nyomtat\u00e1si \u00e9s f\u00e9nym\u00e1sol\u00e1si szolg\u00e1ltat\u00e1sokat is k\u00edn\u00e1lunk. A legkisebb m\u00e9rett\u0151l ak\u00e1r az A3+ m\u00e9retig. Kimagasl\u00f3 min\u0151s\u00e9g, brili\u00e1ns sz\u00ednek, kit\u0171n\u0151 alapanyagok. G\u00e9pparkunk: Epson \u00e9s Canon m\u00e1rk\u00e1j\u00fa tintasugaras, valamint OKI \u00e9s Xerox m\u00e1rk\u00e1j\u00fa l\u00e9zernyomtat\u00f3k. K\u00fcl\u00f6nb\u00f6z\u0151 alapanyagok: ofszet \u00e9s m\u0171nyom\u00f3 kartonok, kreat\u00edv pap\u00edrok \u00e9s egy\u00e9b sz\u00ednes, mint\u00e1s pap\u00edrok.<\/p>\n<h4 class=\"ar-cim\"><a><\/a>\u00c1raink<\/h4>\n<div class=\"table-responsive\">\n<table class=\"table table-hover\" border=\"0\" cellspacing=\"0\" cellpadding=\"0\" align=\"center\">\n<tbody>\n<tr class=\"ar-kiemelt\">\n<td id=\"vonal2\" style=\"text-align: center;\" colspan=\"3\"><strong>A4<\/strong><\/td>\n<td style=\"text-align: center;\" colspan=\"3\"><strong>A3<\/strong><\/td>\n<\/tr>\n<tr>\n<td id=\"vonal2\" style=\"text-align: center;\"><strong>oldal<\/strong><\/td>\n<td style=\"text-align: center;\"><strong>fekete-feh\u00e9r<\/strong><\/td>\n<td style=\"text-align: center;\"><strong>sz\u00ednes<\/strong><\/td>\n<td id=\"vonal2\" style=\"text-align: center;\"><strong>oldal<\/strong><\/td>\n<td style=\"text-align: center;\"><strong>fekete-feh\u00e9r<\/strong><\/td>\n<td style=\"text-align: center;\"><strong>sz\u00ednes<\/strong><\/td>\n<\/tr>\n<tr class=\"ar-szurke\">\n<td id=\"vonal2\" style=\"text-align: center;\"><strong>1-50<\/strong><\/td>\n<td style=\"text-align: center;\"><strong>50<\/strong> Ft<\/td>\n<td style=\"text-align: center;\"><strong>200<\/strong> Ft<\/td>\n<td id=\"vonal2\" style=\"text-align: center;\"><strong>1-25<\/strong><\/td>\n<td style=\"text-align: center;\"><strong>100<\/strong> Ft<\/td>\n<td style=\"text-align: center;\"><strong>450<\/strong> Ft<\/td>\n<\/tr>\n<tr>\n<td id=\"vonal2\" style=\"text-align: center;\"><strong>51-500<\/strong><\/td>\n<td style=\"text-align: center;\"><strong>50<\/strong> Ft<\/td>\n<td style=\"text-align: center;\"><strong>175<\/strong> Ft<\/td>\n<td id=\"vonal2\" style=\"text-align: center;\"><strong>26-250<\/strong><\/td>\n<td style=\"text-align: center;\"><strong>80<\/strong> Ft<\/td>\n<td style=\"text-align: center;\"><strong>350<\/strong> Ft<\/td>\n<\/tr>\n<tr class=\"ar-szurke\">\n<td id=\"vonal2\" style=\"text-align: center;\"><strong>501-1000<\/strong><\/td>\n<td style=\"text-align: center;\"><strong>40<\/strong>\u00a0Ft<\/td>\n<td style=\"text-align: center;\"><strong>135<\/strong> Ft<\/td>\n<td id=\"vonal2\" style=\"text-align: center;\"><strong>251-1000<\/strong><\/td>\n<td style=\"text-align: center;\"><strong>60<\/strong>\u00a0Ft<\/td>\n<td style=\"text-align: center;\"><strong>250<\/strong> Ft<\/td>\n<\/tr>\n<tr>\n<td id=\"vonal2\" style=\"text-align: center;\"><strong>1001 f\u00f6l\u00f6tt<\/strong><\/td>\n<td style=\"text-align: center;\"><strong>egyedi<\/strong> Ft<\/td>\n<td style=\"text-align: center;\"><strong>egyedi<\/strong> Ft<\/td>\n<td id=\"vonal2\" style=\"text-align: center;\"><strong>1001 f\u00f6l\u00f6tt<\/strong><\/td>\n<td style=\"text-align: center;\"><strong>egyedi<\/strong> Ft<\/td>\n<td style=\"text-align: center;\"><strong>egyedi<\/strong> Ft<\/td>\n<\/tr>\n<\/tbody>\n<\/table>\n<\/div>\n<p class=\"has-text-align-center\" style=\"text-align: center;\">Rendel\u00e9si egys\u00e9g mennyis\u00e9ghat\u00e1r \u00e1tl\u00e9p\u00e9sn\u00e9l:\u00a0 A4 eset\u00e9n 10 db \/ A3 eset\u00e9n 5 db<\/p>\n<h6 style=\"text-align: center;\">\u00c1raink v\u00e9gfelhaszn\u00e1l\u00f3i \u00e1rak, mag\u00e1nszem\u00e9lyek r\u00e9sz\u00e9re nem tartalmaznak \u00c1FA-t,<br \/>\nc\u00e9ges megrendel\u00e9s eset\u00e9n +27% \u00c1FA-t meg kell fizetni!<\/h6>\n","protected":false},"excerpt":{"rendered":"<p>Nyomtat\u00e1s &#8211; F\u00e9nym\u00e1sol\u00e1s kicsiny\u00edt\u00e9s &#8211; nagy\u00edt\u00e1s fekete &#8211; sz\u00ednes egy oldalas &#8211; k\u00e9t oldalas 10&#215;15 cm &#8211; A3+ (329&#215;483 mm) 65\u00a0gr\/m2 &#8211; 360 gr\/m2 2400&#8230;<\/p>\n","protected":false},"author":1,"featured_media":720,"parent":61,"menu_order":0,"comment_status":"closed","ping_status":"closed","template":"page_fullwidth.php","meta":{"footnotes":""},"class_list":["post-52","page","type-page","status-publish","has-post-thumbnail","hentry"],"_links":{"self":[{"href":"https:\/\/showcase.westerlike.net\/Timba\/wp-json\/wp\/v2\/pages\/52","targetHints":{"allow":["GET"]}}],"collection":[{"href":"https:\/\/showcase.westerlike.net\/Timba\/wp-json\/wp\/v2\/pages"}],"about":[{"href":"https:\/\/showcase.westerlike.net\/Timba\/wp-json\/wp\/v2\/types\/page"}],"author":[{"embeddable":true,"href":"https:\/\/showcase.westerlike.net\/Timba\/wp-json\/wp\/v2\/users\/1"}],"replies":[{"embeddable":true,"href":"https:\/\/showcase.westerlike.net\/Timba\/wp-json\/wp\/v2\/comments?post=52"}],"version-history":[{"count":0,"href":"https:\/\/showcase.westerlike.net\/Timba\/wp-json\/wp\/v2\/pages\/52\/revisions"}],"up":[{"embeddable":true,"href":"https:\/\/showcase.westerlike.net\/Timba\/wp-json\/wp\/v2\/pages\/61"}],"wp:featuredmedia":[{"embeddable":true,"href":"https:\/\/showcase.westerlike.net\/Timba\/wp-json\/wp\/v2\/media\/720"}],"wp:attachment":[{"href":"https:\/\/showcase.westerlike.net\/Timba\/wp-json\/wp\/v2\/media?parent=52"}],"curies":[{"name":"wp","href":"https:\/\/api.w.org\/{rel}","templated":true}]}}