{"id":54,"date":"2015-12-31T13:50:21","date_gmt":"2015-12-31T13:50:21","guid":{"rendered":"http:\/\/wpstore.timba.hu\/?page_id=54"},"modified":"2022-09-24T10:10:23","modified_gmt":"2022-09-24T10:10:23","slug":"bogrenyomas","status":"publish","type":"page","link":"https:\/\/showcase.westerlike.net\/Timba\/szolgaltatasok\/bogrenyomas\/","title":{"rendered":"B\u00f6grenyom\u00e1s"},"content":{"rendered":"<ul>\n<li>B\u00f6grenyom\u00e1s, embl\u00e9m\u00e1z\u00e1s<\/li>\n<li>Szublim\u00e1ci\u00f3s elj\u00e1r\u00e1s<\/li>\n<li>Egyedi tervez\u00e9ssel<\/li>\n<\/ul>\n<p>F\u00e9nyk\u00e9ppel \u00e9s felirattal ell\u00e1tott kiv\u00e1l\u00f3 min\u0151s\u00e9g\u0171 egyedi b\u00f6gre k\u00e9sz\u00edt\u00e9se, feliratoz\u00e1sa. A megrendelt\u00a0b\u00f6gr\u00e9ket a lehet\u0151\u00a0legmodernebb\u00a0technol\u00f3gi\u00e1val (szublim\u00e1ci\u00f3s elj\u00e1r\u00e1ssal) k\u00e9sz\u00edtj\u00fck el, ami rendk\u00edv\u00fcl tart\u00f3s, ellen\u00e1ll a mosogat\u00f3g\u00e9pnek \u00e9s a legt\u00f6bb tiszt\u00edt\u00f3szernek.\u00a0K\u00edn\u00e1latunkban t\u00f6bbf\u00e9le b\u00f6gre t\u00edpus k\u00f6z\u00fcl v\u00e1laszthatja ki a megfelel\u0151t, amelyet mi egyedi k\u00edv\u00e1ns\u00e1gok alapj\u00e1n dekor\u00e1lunk.<br \/>\nKiv\u00e1l\u00f3 aj\u00e1nd\u00e9k Valentin napra, kar\u00e1csonyra, sz\u00fclet\u00e9snapra \u00e9s n\u00e9vnapra is.<\/p>\n<h4 class=\"ar-cim\"><a><\/a>\u00c1raink<\/h4>\n<div class=\"table-responsive\">\n<table class=\"table table-hover\" border=\"0\" cellspacing=\"0\" cellpadding=\"0\" align=\"center\">\n<tbody>\n<tr class=\"ar-kiemelt\">\n<td id=\"vonal2\" style=\"padding-left: 10px;\"><strong>Megnevez\u00e9s<\/strong><\/td>\n<td style=\"text-align: center;\"><strong>\u00e1r<\/strong><\/td>\n<\/tr>\n<tr>\n<td id=\"vonal2\" style=\"padding-left: 10px;\">Feh\u00e9r 3 dl porcel\u00e1nb\u00f6gre<\/td>\n<td style=\"text-align: center;\"><strong>3.490<\/strong> Ft<\/td>\n<\/tr>\n<tr class=\"ar-szurke\">\n<td id=\"vonal2\" style=\"padding-left: 10px;\">Fekete 3 dl feh\u00e9r ablakos porcel\u00e1nb\u00f6gre<\/td>\n<td style=\"text-align: center;\"><strong>4.490<\/strong> Ft<\/td>\n<\/tr>\n<tr>\n<td id=\"vonal2\" style=\"padding-left: 10px;\">Sz\u00ednes belsej\u0171 feh\u00e9r 3dl porcel\u00e1nb\u00f6gre<\/td>\n<td style=\"text-align: center;\"><strong>3.990<\/strong> Ft<\/td>\n<\/tr>\n<tr class=\"ar-szurke\">\n<td id=\"vonal2\" style=\"padding-left: 10px;\">Sz\u00ednes sz\u00e9l\u0171 \u00e9s f\u00fcl\u0171 feh\u00e9r 3dl porcel\u00e1nb\u00f6gre<\/td>\n<td style=\"text-align: center;\"><strong>3.990<\/strong> Ft<\/td>\n<\/tr>\n<tr>\n<td id=\"vonal2\" style=\"padding-left: 10px;\">H\u0151re feh\u00e9red\u0151 matt fekete &#8222;m\u00e1gikus&#8221; 3 dl porcel\u00e1nb\u00f6gre<\/td>\n<td style=\"text-align: center;\"><strong>4.990<\/strong> Ft<\/td>\n<\/tr>\n<\/tbody>\n<\/table>\n<\/div>\n<h6 style=\"text-align: center;\">\u00c1raink v\u00e9gfelhaszn\u00e1l\u00f3i \u00e1rak, mag\u00e1nszem\u00e9lyek r\u00e9sz\u00e9re nem tartalmaznak \u00c1FA-t,<br \/>\nc\u00e9ges megrendel\u00e9s eset\u00e9n +27% \u00c1FA-t meg kell fizetni!<\/h6>\n","protected":false},"excerpt":{"rendered":"<p>B\u00f6grenyom\u00e1s, embl\u00e9m\u00e1z\u00e1s Szublim\u00e1ci\u00f3s elj\u00e1r\u00e1s Egyedi tervez\u00e9ssel F\u00e9nyk\u00e9ppel \u00e9s felirattal ell\u00e1tott kiv\u00e1l\u00f3 min\u0151s\u00e9g\u0171 egyedi b\u00f6gre k\u00e9sz\u00edt\u00e9se, feliratoz\u00e1sa. A megrendelt\u00a0b\u00f6gr\u00e9ket a lehet\u0151\u00a0legmodernebb\u00a0technol\u00f3gi\u00e1val (szublim\u00e1ci\u00f3s elj\u00e1r\u00e1ssal) k\u00e9sz\u00edtj\u00fck el, ami&#8230;<\/p>\n","protected":false},"author":1,"featured_media":2548,"parent":61,"menu_order":0,"comment_status":"closed","ping_status":"closed","template":"page_fullwidth.php","meta":{"footnotes":""},"class_list":["post-54","page","type-page","status-publish","has-post-thumbnail","hentry"],"_links":{"self":[{"href":"https:\/\/showcase.westerlike.net\/Timba\/wp-json\/wp\/v2\/pages\/54","targetHints":{"allow":["GET"]}}],"collection":[{"href":"https:\/\/showcase.westerlike.net\/Timba\/wp-json\/wp\/v2\/pages"}],"about":[{"href":"https:\/\/showcase.westerlike.net\/Timba\/wp-json\/wp\/v2\/types\/page"}],"author":[{"embeddable":true,"href":"https:\/\/showcase.westerlike.net\/Timba\/wp-json\/wp\/v2\/users\/1"}],"replies":[{"embeddable":true,"href":"https:\/\/showcase.westerlike.net\/Timba\/wp-json\/wp\/v2\/comments?post=54"}],"version-history":[{"count":0,"href":"https:\/\/showcase.westerlike.net\/Timba\/wp-json\/wp\/v2\/pages\/54\/revisions"}],"up":[{"embeddable":true,"href":"https:\/\/showcase.westerlike.net\/Timba\/wp-json\/wp\/v2\/pages\/61"}],"wp:featuredmedia":[{"embeddable":true,"href":"https:\/\/showcase.westerlike.net\/Timba\/wp-json\/wp\/v2\/media\/2548"}],"wp:attachment":[{"href":"https:\/\/showcase.westerlike.net\/Timba\/wp-json\/wp\/v2\/media?parent=54"}],"curies":[{"name":"wp","href":"https:\/\/api.w.org\/{rel}","templated":true}]}}