{"id":56,"date":"2015-12-31T13:56:46","date_gmt":"2015-12-31T13:56:46","guid":{"rendered":"http:\/\/wpstore.timba.hu\/?page_id=56"},"modified":"2024-03-06T13:34:39","modified_gmt":"2024-03-06T13:34:39","slug":"fotokidolgozas","status":"publish","type":"page","link":"https:\/\/showcase.westerlike.net\/Timba\/szolgaltatasok\/fotokidolgozas\/","title":{"rendered":"Fot\u00f3kidolgoz\u00e1s azonnal"},"content":{"rendered":"<ul>\n<li>Digit\u00e1lis fot\u00f3 kidolgoz\u00e1s (b\u00e1rmely m\u00e9di\u00e1r\u00f3l) szinte <strong>AZONNAL!<\/strong>\n<ul>\n<li>10 x 15 cm<\/li>\n<li>15 x\u00a021 cm<\/li>\n<li>18 x 24 cm<\/li>\n<li>A4 (21\u00a0x 29,7 cm)<\/li>\n<li>A3+ (32,9 x 48,3 cm)<\/li>\n<li>A2 (42 x\u00a059,4 cm)<\/li>\n<li>A1 (59,4 x 84,1 cm)<\/li>\n<li>A0 (84,1 x 118,9 cm)<\/li>\n<li>2A0 (118,9 x 168,2 cm)<\/li>\n<\/ul>\n<\/li>\n<li>Reprodukci\u00f3k k\u00e9sz\u00edt\u00e9se (pap\u00edrk\u00e9pr\u0151l &#8211; pap\u00edrk\u00e9p)<\/li>\n<li>K\u00e9pek digitaliz\u00e1l\u00e1sa CD-re, DVD-re<\/li>\n<\/ul>\n<p>Gy\u00f6ny\u00f6r\u0171 k\u00e9pek &#8211; tart\u00f3s min\u0151s\u00e9g! Pap\u00edrk\u00e9pek &#8211; b\u00e1rmilyen digit\u00e1lis adathordoz\u00f3r\u00f3l, vagy ak\u00e1r mobiltelefonr\u00f3l Bloetooth-on, e-mailben \u00e1tk\u00fcldve. \u00dczlet\u00fcnkben a 10 x 15 cm-es \u00e9s 15 x 23 cm-es nyomatok h\u0151szublim\u00e1ci\u00f3s elj\u00e1r\u00e1ssal, kiv\u00e1l\u00f3 min\u0151s\u00e9g\u0171 alapanyagra, a nagyobb k\u00e9pek pedig digit\u00e1lis nyomtat\u00e1ssal EPSON, illetve CANON m\u00e1rk\u00e1j\u00fa k\u00e9sz\u00fcl\u00e9kkel k\u00e9sz\u00fclnek. A szolg\u00e1ltat\u00e1s a helysz\u00ednen megv\u00e1rhat\u00f3.<\/p>\n<h4 class=\"ar-cim\"><a><\/a>\u00c1raink<\/h4>\n<div class=\"table-responsive\">\n<table class=\"table table-hover\" border=\"0\" cellspacing=\"0\" cellpadding=\"0\" align=\"center\">\n<tbody>\n<tr class=\"ar-kiemelt\">\n<td style=\"text-align: center;\"><strong>10 x 15 cm<\/strong><\/td>\n<td style=\"text-align: center;\"><strong>13 x 18 cm<\/strong><\/td>\n<td style=\"text-align: center;\"><strong>15 x 21 cm<\/strong><\/td>\n<td style=\"text-align: center;\"><strong>18 x 24 cm<\/strong><\/td>\n<td style=\"text-align: center;\"><strong>A4 (29,7 x 21 cm)<\/strong><\/td>\n<td style=\"text-align: center;\"><strong>SRA3 (32 x 45 cm)<\/strong><\/td>\n<\/tr>\n<tr class=\"ar-szurke\">\n<td style=\"text-align: center;\"><strong>110<\/strong> Ft<\/td>\n<td style=\"text-align: center;\"><strong>350<\/strong> Ft<\/td>\n<td style=\"text-align: center;\"><strong>350<\/strong> Ft<\/td>\n<td style=\"text-align: center;\"><strong>450<\/strong> Ft<\/td>\n<td style=\"text-align: center;\"><strong>450<\/strong> Ft<\/td>\n<td style=\"text-align: center;\"><strong>650<\/strong> Ft<\/td>\n<\/tr>\n<\/tbody>\n<\/table>\n<\/div>\n<h6 style=\"text-align: center;\">\u00c9rv\u00e9nyes: 2024. m\u00e1rcius 1-t\u0151l<\/h6>\n<h6 style=\"text-align: center;\">\u00c1raink v\u00e9gfelhaszn\u00e1l\u00f3i \u00e1rak, mag\u00e1nszem\u00e9lyek r\u00e9sz\u00e9re nem tartalmaznak \u00c1FA-t,<br \/>\nc\u00e9ges megrendel\u00e9s eset\u00e9n +27% \u00c1FA-t meg kell fizetni!<\/h6>\n","protected":false},"excerpt":{"rendered":"<p>Digit\u00e1lis fot\u00f3 kidolgoz\u00e1s (b\u00e1rmely m\u00e9di\u00e1r\u00f3l) szinte AZONNAL! 10 x 15 cm 15 x\u00a021 cm 18 x 24 cm A4 (21\u00a0x 29,7 cm) A3+ (32,9 x&#8230;<\/p>\n","protected":false},"author":1,"featured_media":719,"parent":61,"menu_order":0,"comment_status":"closed","ping_status":"closed","template":"page_fullwidth.php","meta":{"footnotes":""},"class_list":["post-56","page","type-page","status-publish","has-post-thumbnail","hentry"],"_links":{"self":[{"href":"https:\/\/showcase.westerlike.net\/Timba\/wp-json\/wp\/v2\/pages\/56","targetHints":{"allow":["GET"]}}],"collection":[{"href":"https:\/\/showcase.westerlike.net\/Timba\/wp-json\/wp\/v2\/pages"}],"about":[{"href":"https:\/\/showcase.westerlike.net\/Timba\/wp-json\/wp\/v2\/types\/page"}],"author":[{"embeddable":true,"href":"https:\/\/showcase.westerlike.net\/Timba\/wp-json\/wp\/v2\/users\/1"}],"replies":[{"embeddable":true,"href":"https:\/\/showcase.westerlike.net\/Timba\/wp-json\/wp\/v2\/comments?post=56"}],"version-history":[{"count":0,"href":"https:\/\/showcase.westerlike.net\/Timba\/wp-json\/wp\/v2\/pages\/56\/revisions"}],"up":[{"embeddable":true,"href":"https:\/\/showcase.westerlike.net\/Timba\/wp-json\/wp\/v2\/pages\/61"}],"wp:featuredmedia":[{"embeddable":true,"href":"https:\/\/showcase.westerlike.net\/Timba\/wp-json\/wp\/v2\/media\/719"}],"wp:attachment":[{"href":"https:\/\/showcase.westerlike.net\/Timba\/wp-json\/wp\/v2\/media?parent=56"}],"curies":[{"name":"wp","href":"https:\/\/api.w.org\/{rel}","templated":true}]}}