{"id":58,"date":"2015-12-31T13:58:19","date_gmt":"2015-12-31T13:58:19","guid":{"rendered":"http:\/\/wpstore.timba.hu\/?page_id=58"},"modified":"2022-09-24T10:11:08","modified_gmt":"2022-09-24T10:11:08","slug":"polonyomas-emblemazas","status":"publish","type":"page","link":"https:\/\/showcase.westerlike.net\/Timba\/szolgaltatasok\/polonyomas-emblemazas\/","title":{"rendered":"P\u00f3l\u00f3nyom\u00e1s, embl\u00e9m\u00e1z\u00e1s"},"content":{"rendered":"<ul>\n<li class=\"style7\">Logok<\/li>\n<li class=\"style7\">F\u00e9nyk\u00e9pek<\/li>\n<li class=\"style7\">M\u00f3k\u00e1s feliratok<\/li>\n<li class=\"style7\">Fruit of the Loom &#8211; 100 % pamut p\u00f3l\u00f3k<\/li>\n<li class=\"style7\">A 98-as\u00a0gyermek m\u00e9rett\u0151l a XXXL m\u00e9retig<\/li>\n<li class=\"style7\">K\u00f6rnyakas, V nyak\u00fa, Gall\u00e9ros, Hossz\u00fa ujj\u00fa p\u00f3l\u00f3k, Spagetti p\u00e1ntos \u00e9s Trik\u00f3 fazon, Pul\u00f3verek kapucnival \u00e9s an\u00e9lk\u00fcl, zipz\u00e1ras \u00e9s kenguruzsebes kivitelben is.<\/li>\n<\/ul>\n<p>P\u00f3l\u00f3nyom\u00e1s\u00a0helyben! Egyedi tervez\u00e9s\u0171 p\u00f3l\u00f3k k\u00e9sz\u00edt\u00e9se kiv\u00e1l\u00f3 min\u0151s\u00e9gben!\u00a0F\u00e9nyk\u00e9pek nyom\u00e1sa p\u00f3l\u00f3ra\u00a0A3 m\u00e9retig, sz\u00f6vegek &#8211; \u00e1br\u00e1k &#8211; embl\u00e9m\u00e1k k\u00e9sz\u00edt\u00e9se f\u00f3liakiv\u00e1g\u00e1ssal &#8211; b\u00e1rmilyen m\u00e9retben. A p\u00f3l\u00f3k 40\u00b0C-on kiford\u00edtva mos\u00f3g\u00e9pben is\u00a0moshat\u00f3ak.<\/p>\n<p>10 db feletti rendel\u00e9s eset\u00e9n kedvezm\u00e9nyes \u00e1rak!<\/p>\n<p>C\u00e9ges embl\u00e9m\u00e1z\u00e1s m\u00e1r 1.190 Ft-t\u00f3l. K\u00e9rjen egyedi \u00e1raj\u00e1nlatot!<\/p>\n<h4 class=\"ar-cim\"><a><\/a>\u00c1raink<\/h4>\n<div class=\"table-responsive\">\n<table class=\"table table-hover\" border=\"0\" cellspacing=\"0\" cellpadding=\"0\" align=\"center\">\n<tbody>\n<tr class=\"ar-kiemelt\">\n<td id=\"vonal2\" style=\"padding-left: 10px;\"><strong>Megnevez\u00e9s<\/strong><\/td>\n<td style=\"text-align: center;\"><strong>\u00e1r<\/strong><\/td>\n<\/tr>\n<tr>\n<td id=\"vonal2\" style=\"padding-left: 10px;\">K\u00f6rnyakas p\u00f3l\u00f3 egyoldali kis (12 cm x 12 cm) nyom\u00e1ssal<\/td>\n<td style=\"text-align: right;\"><strong>2.790<\/strong> Ft<\/td>\n<\/tr>\n<tr class=\"ar-szurke\">\n<td id=\"vonal2\" style=\"padding-left: 10px;\">K\u00f6rnyakas p\u00f3l\u00f3 egyoldali nagy (A4) nyom\u00e1ssal<\/td>\n<td style=\"text-align: right;\"><strong>3.490<\/strong> Ft<\/td>\n<\/tr>\n<tr>\n<td id=\"vonal2\" style=\"padding-left: 10px;\">+ egy kis (12 cm x 12cm) nyom\u00e1s<\/td>\n<td style=\"text-align: right;\"><strong>700<\/strong> Ft<\/td>\n<\/tr>\n<tr class=\"ar-szurke\">\n<td id=\"vonal2\" style=\"padding-left: 10px;\">+ egy nagy (A4) nyom\u00e1s<\/td>\n<td style=\"text-align: right;\"><strong>1.500<\/strong> Ft<\/td>\n<\/tr>\n<tr>\n<td id=\"vonal2\" style=\"padding-left: 10px;\">Egyedi minta megrajzol\u00e1sa<\/td>\n<td style=\"text-align: center;\"><strong>500<\/strong> Ft-t\u00f3l<\/td>\n<\/tr>\n<\/tbody>\n<\/table>\n<\/div>\n<h6 style=\"text-align: center;\">\u00c1raink v\u00e9gfelhaszn\u00e1l\u00f3i \u00e1rak, mag\u00e1nszem\u00e9lyek r\u00e9sz\u00e9re nem tartalmaznak \u00c1FA-t,<br \/>\nc\u00e9ges megrendel\u00e9s eset\u00e9n +27% \u00c1FA-t meg kell fizetni!<\/h6>\n","protected":false},"excerpt":{"rendered":"<p>Logok F\u00e9nyk\u00e9pek M\u00f3k\u00e1s feliratok Fruit of the Loom &#8211; 100 % pamut p\u00f3l\u00f3k A 98-as\u00a0gyermek m\u00e9rett\u0151l a XXXL m\u00e9retig K\u00f6rnyakas, V nyak\u00fa, Gall\u00e9ros, Hossz\u00fa ujj\u00fa&#8230;<\/p>\n","protected":false},"author":1,"featured_media":725,"parent":61,"menu_order":0,"comment_status":"closed","ping_status":"closed","template":"page_fullwidth.php","meta":{"footnotes":""},"class_list":["post-58","page","type-page","status-publish","has-post-thumbnail","hentry"],"_links":{"self":[{"href":"https:\/\/showcase.westerlike.net\/Timba\/wp-json\/wp\/v2\/pages\/58","targetHints":{"allow":["GET"]}}],"collection":[{"href":"https:\/\/showcase.westerlike.net\/Timba\/wp-json\/wp\/v2\/pages"}],"about":[{"href":"https:\/\/showcase.westerlike.net\/Timba\/wp-json\/wp\/v2\/types\/page"}],"author":[{"embeddable":true,"href":"https:\/\/showcase.westerlike.net\/Timba\/wp-json\/wp\/v2\/users\/1"}],"replies":[{"embeddable":true,"href":"https:\/\/showcase.westerlike.net\/Timba\/wp-json\/wp\/v2\/comments?post=58"}],"version-history":[{"count":0,"href":"https:\/\/showcase.westerlike.net\/Timba\/wp-json\/wp\/v2\/pages\/58\/revisions"}],"up":[{"embeddable":true,"href":"https:\/\/showcase.westerlike.net\/Timba\/wp-json\/wp\/v2\/pages\/61"}],"wp:featuredmedia":[{"embeddable":true,"href":"https:\/\/showcase.westerlike.net\/Timba\/wp-json\/wp\/v2\/media\/725"}],"wp:attachment":[{"href":"https:\/\/showcase.westerlike.net\/Timba\/wp-json\/wp\/v2\/media?parent=58"}],"curies":[{"name":"wp","href":"https:\/\/api.w.org\/{rel}","templated":true}]}}