{"id":6916,"date":"2019-12-15T12:42:05","date_gmt":"2019-12-15T12:42:05","guid":{"rendered":"https:\/\/showcase.westerlike.net\/Timba\/?page_id=6916"},"modified":"2022-09-24T10:31:16","modified_gmt":"2022-09-24T10:31:16","slug":"szorolapok-brossurak-gyartasa","status":"publish","type":"page","link":"https:\/\/showcase.westerlike.net\/Timba\/szorolapok-brossurak-gyartasa\/","title":{"rendered":"Sz\u00f3r\u00f3lapok, bross\u00far\u00e1k gy\u00e1rt\u00e1sa"},"content":{"rendered":"<p>Sz\u00f3r\u00f3lapok, bemutatkoz\u00f3 anyagok gy\u00e1rt\u00e1sa v\u00e1llalkoz\u00e1soknak, \u00fczleteknek mag\u00e1nszem\u00e9lyeknek. A sz\u00f3r\u00f3anyagokat nem sablonok alapj\u00e1n k\u00e9sz\u00edtj\u00fck, hanem a megrendel\u0151k ig\u00e9nyeihez igazodva. Sz\u00f3r\u00f3lapok m\u00e9rete lehet: A6, A5, A4, egy, illetve k\u00e9toldalas. Term\u00e9szetesen ett\u0151l elt\u00e9r\u0151 m\u00e9reteket is k\u00e9sz\u00edt\u00fcnk, de a gazdas\u00e1goss\u00e1gi szempontokat mindig szem el\u0151tt tartjuk.<br \/>Hajtogat\u00e1st is v\u00e1llalunk, kett\u0151be, h\u00e1romba, tetsz\u00e9s szerint. Kiv\u00e1l\u00f3 min\u0151s\u00e9g, gyors hat\u00e1rid\u0151, ak\u00e1r nagyobb mennyis\u00e9g eset\u00e9n is a helysz\u00ednen megv\u00e1rhat\u00f3.<\/p><h4 class=\"ar-cim wp-block-heading\"><a><\/a>\u00c1raink<\/h4><h5 class=\"ar-kiemelt wp-block-heading\">Norm\u00e1l* sz\u00f3r\u00f3lap egy oldalas fekete (1+0 sz\u00edn)<\/h5><div class=\"table-responsive\">\r\n<table class=\"table table-hover\" border=\"0\" cellspacing=\"0\" cellpadding=\"0\" align=\"center\">\r\n<tbody>\r\n<tr class=\"ar-kiemelt\">\r\n<td id=\"vonal2\" style=\"padding-left: 10px;\"><strong>M\u00e9ret<\/strong><\/td>\r\n<td style=\"text-align: center;\"><strong>8-200 db<\/strong><\/td>\r\n<td style=\"text-align: center;\"><strong>201-500 db<\/strong><\/td>\r\n<td style=\"text-align: center;\"><strong>501-1000 db<\/strong><\/td>\r\n<td style=\"text-align: center;\"><strong>1000 db felett<\/strong><\/td>\r\n<\/tr>\r\n<tr>\r\n<td id=\"vonal2\" style=\"padding-left: 10px;\"><strong>A6<\/strong><\/td>\r\n<td style=\"text-align: center;\">10 Ft<\/td>\r\n<td style=\"text-align: center;\">9 Ft<\/td>\r\n<td style=\"text-align: center;\">7 Ft<\/td>\r\n<td style=\"text-align: center;\">6 Ft<\/td>\r\n<\/tr>\r\n<tr class=\"ar-szurke\">\r\n<td id=\"vonal2\" style=\"padding-left: 10px;\"><strong>A5<\/strong><\/td>\r\n<td style=\"text-align: center;\">17 Ft<\/td>\r\n<td style=\"text-align: center;\">16 Ft<\/td>\r\n<td style=\"text-align: center;\">14 Ft<\/td>\r\n<td style=\"text-align: center;\">12 Ft<\/td>\r\n<\/tr>\r\n<tr>\r\n<td id=\"vonal2\" style=\"padding-left: 10px;\"><strong>A4<\/strong><\/td>\r\n<td style=\"text-align: center;\">30 Ft<\/td>\r\n<td style=\"text-align: center;\">28 Ft<\/td>\r\n<td style=\"text-align: center;\">27 Ft<\/td>\r\n<td style=\"text-align: center;\">25 Ft<\/td>\r\n<\/tr>\r\n<\/tbody>\r\n<\/table>\r\n<\/div><p>*Az \u00e1rak 80 grammos digit\u00e1lis ofszet pap\u00edrra val\u00f3 nyomtat\u00e1sra vonatkoznak.<\/p><h5 class=\"ar-kiemelt wp-block-heading\">Norm\u00e1l** sz\u00f3r\u00f3lap k\u00e9t oldalas fekete (1+1 sz\u00edn)<\/h5><div class=\"table-responsive\">\r\n<table class=\"table table-hover\" border=\"0\" cellspacing=\"0\" cellpadding=\"0\" align=\"center\">\r\n<tbody>\r\n<tr class=\"ar-kiemelt\">\r\n<td id=\"vonal2\" style=\"padding-left: 10px;\"><strong>M\u00e9ret<\/strong><\/td>\r\n<td style=\"text-align: center;\"><strong>8-200 db<\/strong><\/td>\r\n<td style=\"text-align: center;\"><strong>201-500 db<\/strong><\/td>\r\n<td style=\"text-align: center;\"><strong>501-1000 db<\/strong><\/td>\r\n<td style=\"text-align: center;\"><strong>1000 db felett<\/strong><\/td>\r\n<\/tr>\r\n<tr>\r\n<td id=\"vonal2\" style=\"padding-left: 10px;\"><strong>A6<\/strong><\/td>\r\n<td style=\"text-align: center;\">17 Ft<\/td>\r\n<td style=\"text-align: center;\">16 Ft<\/td>\r\n<td style=\"text-align: center;\">14 Ft<\/td>\r\n<td style=\"text-align: center;\">12 Ft<\/td>\r\n<\/tr>\r\n<tr class=\"ar-szurke\">\r\n<td id=\"vonal2\" style=\"padding-left: 10px;\"><strong>A5<\/strong><\/td>\r\n<td style=\"text-align: center;\">35 Ft<\/td>\r\n<td style=\"text-align: center;\">33 Ft<\/td>\r\n<td style=\"text-align: center;\">31 Ft<\/td>\r\n<td style=\"text-align: center;\">19 Ft<\/td>\r\n<\/tr>\r\n<tr>\r\n<td id=\"vonal2\" style=\"padding-left: 10px;\"><strong>A4<\/strong><\/td>\r\n<td style=\"text-align: center;\">55 Ft<\/td>\r\n<td style=\"text-align: center;\">52 Ft<\/td>\r\n<td style=\"text-align: center;\">48 Ft<\/td>\r\n<td style=\"text-align: center;\">46 Ft<\/td>\r\n<\/tr>\r\n<\/tbody>\r\n<\/table>\r\n<\/div><p>*Az \u00e1rak 80 grammos digit\u00e1lis ofszet pap\u00edrra val\u00f3 nyomtat\u00e1sra vonatkoznak.<\/p><h5 class=\"ar-kiemelt wp-block-heading\">Norm\u00e1l* sz\u00f3r\u00f3lap egy oldalas sz\u00ednes (4+0 sz\u00edn)<\/h5><div class=\"table-responsive\">\r\n<table class=\"table table-hover\" border=\"0\" cellspacing=\"0\" cellpadding=\"0\" align=\"center\">\r\n<tbody>\r\n<tr class=\"ar-kiemelt\">\r\n<td id=\"vonal2\" style=\"padding-left: 10px;\"><strong>M\u00e9ret<\/strong><\/td>\r\n<td style=\"text-align: center;\"><strong>8-200 db<\/strong><\/td>\r\n<td style=\"text-align: center;\"><strong>201-500 db<\/strong><\/td>\r\n<td style=\"text-align: center;\"><strong>501-1000 db<\/strong><\/td>\r\n<td style=\"text-align: center;\"><strong>1000 db felett<\/strong><\/td>\r\n<\/tr>\r\n<tr>\r\n<td id=\"vonal2\" style=\"padding-left: 10px;\"><strong>A6<\/strong><\/td>\r\n<td style=\"text-align: center;\">50 Ft<\/td>\r\n<td style=\"text-align: center;\">40 Ft<\/td>\r\n<td style=\"text-align: center;\">32 Ft<\/td>\r\n<td style=\"text-align: center;\">28 Ft<\/td>\r\n<\/tr>\r\n<tr class=\"ar-szurke\">\r\n<td id=\"vonal2\" style=\"padding-left: 10px;\"><strong>A5<\/strong><\/td>\r\n<td style=\"text-align: center;\">100 Ft<\/td>\r\n<td style=\"text-align: center;\">80 Ft<\/td>\r\n<td style=\"text-align: center;\">64 Ft<\/td>\r\n<td style=\"text-align: center;\">56 Ft<\/td>\r\n<\/tr>\r\n<tr>\r\n<td id=\"vonal2\" style=\"padding-left: 10px;\"><strong>A4<\/strong><\/td>\r\n<td style=\"text-align: center;\">220 Ft<\/td>\r\n<td style=\"text-align: center;\">190 Ft<\/td>\r\n<td style=\"text-align: center;\">140 Ft<\/td>\r\n<td style=\"text-align: center;\">120 Ft<\/td>\r\n<\/tr>\r\n<\/tbody>\r\n<\/table>\r\n<\/div><p>*Az \u00e1rak 130 grammos f\u00e9nyes m\u0171nyom\u00f3 pap\u00edrra val\u00f3 nyomtat\u00e1sra vonatkoznak.<\/p><h5 class=\"ar-kiemelt wp-block-heading\">Norm\u00e1l** sz\u00f3r\u00f3lap k\u00e9t oldalas sz\u00ednes (4+4 sz\u00edn)<\/h5><div class=\"table-responsive\">\r\n<table class=\"table table-hover\" border=\"0\" cellspacing=\"0\" cellpadding=\"0\" align=\"center\">\r\n<tbody>\r\n<tr class=\"ar-kiemelt\">\r\n<td id=\"vonal2\" style=\"padding-left: 10px;\"><strong>M\u00e9ret<\/strong><\/td>\r\n<td style=\"text-align: center;\"><strong>8-200 db<\/strong><\/td>\r\n<td style=\"text-align: center;\"><strong>201-500 db<\/strong><\/td>\r\n<td style=\"text-align: center;\"><strong>501-1000 db<\/strong><\/td>\r\n<td style=\"text-align: center;\"><strong>1000 db felett<\/strong><\/td>\r\n<\/tr>\r\n<tr>\r\n<td id=\"vonal2\" style=\"padding-left: 10px;\"><strong>A6<\/strong><\/td>\r\n<td style=\"text-align: center;\">80 Ft<\/td>\r\n<td style=\"text-align: center;\">70 Ft<\/td>\r\n<td style=\"text-align: center;\">60 Ft<\/td>\r\n<td style=\"text-align: center;\">50 Ft<\/td>\r\n<\/tr>\r\n<tr class=\"ar-szurke\">\r\n<td id=\"vonal2\" style=\"padding-left: 10px;\"><strong>A5<\/strong><\/td>\r\n<td style=\"text-align: center;\">220 Ft<\/td>\r\n<td style=\"text-align: center;\">180 Ft<\/td>\r\n<td style=\"text-align: center;\">150 Ft<\/td>\r\n<td style=\"text-align: center;\">90 Ft<\/td>\r\n<\/tr>\r\n<tr>\r\n<td id=\"vonal2\" style=\"padding-left: 10px;\"><strong>A4<\/strong><\/td>\r\n<td style=\"text-align: center;\">400 Ft<\/td>\r\n<td style=\"text-align: center;\">280 Ft<\/td>\r\n<td style=\"text-align: center;\">220 Ft<\/td>\r\n<td style=\"text-align: center;\">170 Ft<\/td>\r\n<\/tr>\r\n<\/tbody>\r\n<\/table>\r\n<\/div><p>*Az \u00e1rak 130 grammos f\u00e9nyes m\u0171nyom\u00f3 pap\u00edrra val\u00f3 nyomtat\u00e1sra vonatkoznak.<\/p><h5 class=\"ar-kiemelt wp-block-heading\">Hajtogat\u00e1s<\/h5><div class=\"table-responsive\">\r\n<table class=\"table table-hover\" border=\"0\" cellspacing=\"0\" cellpadding=\"0\" align=\"center\">\r\n<tbody>\r\n<tr class=\"ar-kiemelt\">\r\n<td id=\"vonal2\" style=\"padding-left: 10px;\"><strong>M\u00e9ret<\/strong><\/td>\r\n<td style=\"text-align: center;\"><strong>8-200 db<\/strong><\/td>\r\n<td style=\"text-align: center;\"><strong>201-500 db<\/strong><\/td>\r\n<td style=\"text-align: center;\"><strong>501-1000 db<\/strong><\/td>\r\n<td style=\"text-align: center;\"><strong>1000 db felett<\/strong><\/td>\r\n<\/tr>\r\n<tr>\r\n<td id=\"vonal2\" style=\"padding-left: 10px;\"><strong>kett\u0151be<\/strong><\/td>\r\n<td style=\"text-align: center;\">8 Ft<\/td>\r\n<td style=\"text-align: center;\">6 Ft<\/td>\r\n<td style=\"text-align: center;\">5 Ft<\/td>\r\n<td style=\"text-align: center;\">4 Ft<\/td>\r\n<\/tr>\r\n<tr class=\"ar-szurke\">\r\n<td id=\"vonal2\" style=\"padding-left: 10px;\"><strong>h\u00e1romba<\/strong><\/td>\r\n<td style=\"text-align: center;\">10 Ft<\/td>\r\n<td style=\"text-align: center;\">8 Ft<\/td>\r\n<td style=\"text-align: center;\">7 Ft<\/td>\r\n<td style=\"text-align: center;\">5 Ft<\/td>\r\n<\/tr>\r\n<\/tbody>\r\n<\/table>\r\n<\/div><p class=\"has-text-align-center\">\u00c9rv\u00e9nyes: 2022. j\u00falius 1-t\u0151l<br \/>Minim\u00e1lis rendel\u00e9si mennyis\u00e9g: 60 db<br \/>Rendel\u00e9si egys\u00e9g: A6 eset\u00e9n 40 db \/ A5 eset\u00e9n 20 db \/ A4 eset\u00e9n 10 db<\/p><h6 class=\"wp-block-heading\" style=\"text-align: center;\">\u00c1raink v\u00e9gfelhaszn\u00e1l\u00f3i \u00e1rak, mag\u00e1nszem\u00e9lyek r\u00e9sz\u00e9re nem tartalmaznak \u00c1FA-t,<br \/>c\u00e9ges megrendel\u00e9s eset\u00e9n +27% \u00c1FA-t meg kell fizetni!<\/h6>","protected":false},"excerpt":{"rendered":"<p>Sz\u00f3r\u00f3lapok, bemutatkoz\u00f3 anyagok gy\u00e1rt\u00e1sa v\u00e1llalkoz\u00e1soknak, \u00fczleteknek mag\u00e1nszem\u00e9lyeknek. A sz\u00f3r\u00f3anyagokat nem sablonok alapj\u00e1n k\u00e9sz\u00edtj\u00fck, hanem a megrendel\u0151k ig\u00e9nyeihez igazodva. Sz\u00f3r\u00f3lapok m\u00e9rete lehet: A6, A5, A4, egy,&#8230;<\/p>\n","protected":false},"author":1,"featured_media":6919,"parent":0,"menu_order":0,"comment_status":"closed","ping_status":"closed","template":"page_fullwidth.php","meta":{"footnotes":""},"class_list":["post-6916","page","type-page","status-publish","has-post-thumbnail","hentry"],"_links":{"self":[{"href":"https:\/\/showcase.westerlike.net\/Timba\/wp-json\/wp\/v2\/pages\/6916","targetHints":{"allow":["GET"]}}],"collection":[{"href":"https:\/\/showcase.westerlike.net\/Timba\/wp-json\/wp\/v2\/pages"}],"about":[{"href":"https:\/\/showcase.westerlike.net\/Timba\/wp-json\/wp\/v2\/types\/page"}],"author":[{"embeddable":true,"href":"https:\/\/showcase.westerlike.net\/Timba\/wp-json\/wp\/v2\/users\/1"}],"replies":[{"embeddable":true,"href":"https:\/\/showcase.westerlike.net\/Timba\/wp-json\/wp\/v2\/comments?post=6916"}],"version-history":[{"count":0,"href":"https:\/\/showcase.westerlike.net\/Timba\/wp-json\/wp\/v2\/pages\/6916\/revisions"}],"wp:featuredmedia":[{"embeddable":true,"href":"https:\/\/showcase.westerlike.net\/Timba\/wp-json\/wp\/v2\/media\/6919"}],"wp:attachment":[{"href":"https:\/\/showcase.westerlike.net\/Timba\/wp-json\/wp\/v2\/media?parent=6916"}],"curies":[{"name":"wp","href":"https:\/\/api.w.org\/{rel}","templated":true}]}}