{"id":73,"date":"2015-12-31T14:15:08","date_gmt":"2015-12-31T14:15:08","guid":{"rendered":"http:\/\/wpstore.timba.hu\/?page_id=73"},"modified":"2022-09-24T10:36:01","modified_gmt":"2022-09-24T10:36:01","slug":"spiralozas-koteszet","status":"publish","type":"page","link":"https:\/\/showcase.westerlike.net\/Timba\/szolgaltatasok\/spiralozas-koteszet\/","title":{"rendered":"Spir\u00e1loz\u00e1s, k\u00f6t\u00e9szet"},"content":{"rendered":"<ul>\n<li>Spir\u00e1loz\u00e1s<\/li>\n<li>Gerincs\u00edn<\/li>\n<li>H\u0151k\u00f6t\u00e9s<\/li>\n<\/ul>\n<p>A spir\u00e1loz\u00e1s az egyik legkedveltebb k\u00f6t\u00e9szeti elj\u00e1r\u00e1s az \u00fczleti \u00e9letben (bros\u00far\u00e1k, term\u00e9kismertet\u0151k, prezent\u00e1ci\u00f3k) \u00e9s a di\u00e1kok (online k\u00f6nyvek \u00e9s tananyagok, el\u0151ad\u00e1sok) k\u00f6r\u00e9ben egyar\u00e1nt. A m\u0171anyag spir\u00e1l olcs\u00f3bb \u00e9s rugalmasabb. A f\u00e9m spir\u00e1l sokkal tart\u00f3sabb \u00e9s eszt\u00e9tikusabb.<\/p>\n<h4 class=\"ar-cim\"><a><\/a>\u00c1raink:<\/h4>\n<h4 class=\"ar-kiemelt\" style=\"text-align: center;\"><a><\/a>K\u00f6t\u00e9szeti szolg\u00e1ltat\u00e1sok<\/h4>\n<div class=\"table-responsive\">\n<table class=\"table table-hover\" border=\"0\" cellspacing=\"0\" cellpadding=\"0\" align=\"center\">\n<tbody>\n<tr>\n<td style=\"text-align: center; width: 20%; border-right: 1px solid #fff;\">T\u0171z\u00e9s<\/td>\n<td style=\"text-align: center; width: 80%;\"><strong>10<\/strong> Ft<\/td>\n<\/tr>\n<tr class=\"ar-szurke\">\n<td style=\"text-align: center; width: 20%; border-right: 1px solid #fff;\">Hajt\u00e1s<\/td>\n<td style=\"text-align: center; width: 80%;\"><strong>10<\/strong> Ft<\/td>\n<\/tr>\n<tr>\n<td style=\"text-align: center; width: 20%; border-right: 1px solid #fff;\">Lyukaszt\u00e1s<\/td>\n<td style=\"text-align: center; width: 80%;\"><strong>3<\/strong> Ft<\/td>\n<\/tr>\n<tr class=\"ar-szurke\">\n<td style=\"text-align: center; width: 20%; border-right: 1px solid #fff;\">V\u00e1g\u00e1s<\/td>\n<td style=\"text-align: center; width: 80%;\"><strong>750<\/strong> Ft<\/td>\n<\/tr>\n<tr>\n<td style=\"text-align: center; width: 20%; border-right: 1px solid #fff;\">Biegel\u00e9s<\/td>\n<td style=\"text-align: center; width: 80%;\"><strong>25<\/strong> Ft\/hajt\u00e1s (min. 2000 Ft)<\/td>\n<\/tr>\n<tr class=\"ar-szurke\">\n<td style=\"text-align: center; width: 20%; border-right: 1px solid #fff;\">F\u00f3li\u00e1z\u00e1s<\/td>\n<td style=\"text-align: center; width: 80%;\"><strong>85<\/strong> Ft\/oldal (min. 2000 Ft)<\/td>\n<\/tr>\n<\/tbody>\n<\/table>\n<h4 class=\"ar-cim\"><a><\/a>Spir\u00e1loz\u00e1s \u2013 v\u00edztiszta el\u0151lap + karton h\u00e1tlap + spir\u00e1l<\/h4>\n<table class=\"table table-hover\" cellspacing=\"0\" cellpadding=\"0\" align=\"center\">\n<tbody>\n<tr class=\"ar-kiemelt\" style=\"height: 30px;\">\n<td style=\"text-align: left; padding-left: 10px;\">M\u0171anyag spir\u00e1l<\/td>\n<td style=\"text-align: center;\">A4<\/td>\n<td style=\"text-align: center;\">A3 r\u00f6vid oldalon<\/td>\n<\/tr>\n<tr>\n<td style=\"text-align: center;\">6-8<\/td>\n<td style=\"text-align: center;\"><strong>200<\/strong> Ft<\/td>\n<td style=\"text-align: center;\"><strong>400<\/strong> Ft<\/td>\n<\/tr>\n<tr class=\"ar-szurke\">\n<td style=\"text-align: center;\">10-14<\/td>\n<td style=\"text-align: center;\"><strong>250<\/strong> Ft<\/td>\n<td style=\"text-align: center;\"><strong>500<\/strong> Ft<\/td>\n<\/tr>\n<tr>\n<td style=\"text-align: center;\">16-18<\/td>\n<td style=\"text-align: center;\"><strong>300<\/strong> Ft<\/td>\n<td style=\"text-align: center;\"><strong>600<\/strong> Ft<\/td>\n<\/tr>\n<tr class=\"ar-szurke\">\n<td style=\"text-align: center;\">22-38<\/td>\n<td style=\"text-align: center;\"><strong>350<\/strong> Ft<\/td>\n<td style=\"text-align: center;\"><strong>700<\/strong> Ft<\/td>\n<\/tr>\n<tr class=\"ar-kiemelt\" style=\"height: 30px;\">\n<td style=\"text-align: left; padding-left: 10px;\">F\u00e9m iker spir\u00e1l<\/td>\n<td style=\"text-align: center;\"><\/td>\n<td style=\"text-align: center;\"><\/td>\n<\/tr>\n<tr>\n<td style=\"text-align: center;\">1-20 lapig<\/td>\n<td style=\"text-align: center;\"><strong>950<\/strong> Ft<\/td>\n<td style=\"text-align: center;\"><strong>1000<\/strong> Ft<\/td>\n<\/tr>\n<tr class=\"ar-szurke\">\n<td style=\"text-align: center;\">21-60 lapig<\/td>\n<td style=\"text-align: center;\"><strong>950<\/strong> Ft<\/td>\n<td style=\"text-align: center;\"><strong>1000<\/strong> Ft<\/td>\n<\/tr>\n<tr>\n<td style=\"text-align: center;\">11-80 lapig<\/td>\n<td style=\"text-align: center;\"><strong>950<\/strong> Ft<\/td>\n<td style=\"text-align: center;\"><strong>1000<\/strong> Ft<\/td>\n<\/tr>\n<tr class=\"ar-szurke\">\n<td style=\"text-align: center;\">81-120 lapig<\/td>\n<td style=\"text-align: center;\"><strong>1150<\/strong> Ft<\/td>\n<td style=\"text-align: center;\"><strong>1250<\/strong> Ft<\/td>\n<\/tr>\n<tr class=\"ar-kiemelt\" style=\"height: 30px;\">\n<td style=\"text-align: left; padding-left: 10px;\">Napt\u00e1r spir\u00e1l<\/td>\n<td style=\"text-align: center;\"><\/td>\n<td style=\"text-align: center;\"><\/td>\n<\/tr>\n<tr>\n<td style=\"text-align: center;\">1-120 lapig<\/td>\n<td style=\"text-align: center;\"><strong>1150<\/strong> Ft<\/td>\n<td style=\"text-align: center;\"><strong>1700<\/strong> Ft<\/td>\n<\/tr>\n<\/tbody>\n<\/table>\n<\/div>\n<p>&nbsp;<\/p>\n<h6 style=\"text-align: center;\">\u00c1raink v\u00e9gfelhaszn\u00e1l\u00f3i \u00e1rak, mag\u00e1nszem\u00e9lyek r\u00e9sz\u00e9re nem tartalmaznak \u00c1FA-t,<br \/>\nc\u00e9ges megrendel\u00e9s eset\u00e9n +27% \u00c1FA-t meg kell fizetni!<\/h6>\n","protected":false},"excerpt":{"rendered":"<p>Spir\u00e1loz\u00e1s Gerincs\u00edn H\u0151k\u00f6t\u00e9s A spir\u00e1loz\u00e1s az egyik legkedveltebb k\u00f6t\u00e9szeti elj\u00e1r\u00e1s az \u00fczleti \u00e9letben (bros\u00far\u00e1k, term\u00e9kismertet\u0151k, prezent\u00e1ci\u00f3k) \u00e9s a di\u00e1kok (online k\u00f6nyvek \u00e9s tananyagok, el\u0151ad\u00e1sok) k\u00f6r\u00e9ben&#8230;<\/p>\n","protected":false},"author":1,"featured_media":739,"parent":61,"menu_order":0,"comment_status":"closed","ping_status":"closed","template":"page_fullwidth.php","meta":{"footnotes":""},"class_list":["post-73","page","type-page","status-publish","has-post-thumbnail","hentry"],"_links":{"self":[{"href":"https:\/\/showcase.westerlike.net\/Timba\/wp-json\/wp\/v2\/pages\/73","targetHints":{"allow":["GET"]}}],"collection":[{"href":"https:\/\/showcase.westerlike.net\/Timba\/wp-json\/wp\/v2\/pages"}],"about":[{"href":"https:\/\/showcase.westerlike.net\/Timba\/wp-json\/wp\/v2\/types\/page"}],"author":[{"embeddable":true,"href":"https:\/\/showcase.westerlike.net\/Timba\/wp-json\/wp\/v2\/users\/1"}],"replies":[{"embeddable":true,"href":"https:\/\/showcase.westerlike.net\/Timba\/wp-json\/wp\/v2\/comments?post=73"}],"version-history":[{"count":0,"href":"https:\/\/showcase.westerlike.net\/Timba\/wp-json\/wp\/v2\/pages\/73\/revisions"}],"up":[{"embeddable":true,"href":"https:\/\/showcase.westerlike.net\/Timba\/wp-json\/wp\/v2\/pages\/61"}],"wp:featuredmedia":[{"embeddable":true,"href":"https:\/\/showcase.westerlike.net\/Timba\/wp-json\/wp\/v2\/media\/739"}],"wp:attachment":[{"href":"https:\/\/showcase.westerlike.net\/Timba\/wp-json\/wp\/v2\/media?parent=73"}],"curies":[{"name":"wp","href":"https:\/\/api.w.org\/{rel}","templated":true}]}}