{"id":79,"date":"2015-12-31T14:18:02","date_gmt":"2015-12-31T14:18:02","guid":{"rendered":"http:\/\/wpstore.timba.hu\/?page_id=79"},"modified":"2022-09-24T10:46:13","modified_gmt":"2022-09-24T10:46:13","slug":"szamitastechnika","status":"publish","type":"page","link":"https:\/\/showcase.westerlike.net\/Timba\/szolgaltatasok\/szamitastechnika\/","title":{"rendered":"Sz\u00e1m\u00edt\u00f3g\u00e9p jav\u00edt\u00e1s"},"content":{"rendered":"<ul>\n<li>Sz\u00e1m\u00edt\u00f3g\u00e9p jav\u00edt\u00e1s &#8211; Ak\u00e1r az \u00d6n otthon\u00e1ban is<\/li>\n<li>Velence\u00a0\/ G\u00e1rdony\u00a0\/ Ag\u00e1rd &#8211; kisz\u00e1ll\u00e1si d\u00edj n\u00e9lk\u00fcl!<\/li>\n<li>\u00daj sz\u00e1m\u00edt\u00f3g\u00e9p konfigur\u00e1ci\u00f3k \u00f6ssze\u00e1ll\u00edt\u00e1sa<\/li>\n<\/ul>\n<p>V\u00e1llaljuk \u00faj sz\u00e1m\u00edt\u00f3g\u00e9p-konfigur\u00e1ci\u00f3 \u00f6ssze\u00e1ll\u00edt\u00e1s\u00e1t\u00a0az \u00d6n egyedi ig\u00e9nyeinek figyelembev\u00e9tel\u00e9vel. Asztali g\u00e9pek &#8211; Laptopok kedvez\u0151 \u00e1ron!<\/p>\n<p>Oper\u00e1ci\u00f3s rendszerek, seg\u00e9dprogramok, v\u00edrus\u00edrt\u00f3k \u00e9s\u00a0egy\u00e9b szoftverek telep\u00edt\u00e9se.<\/p>\n<p>Internet- \u00e9s levelez\u0151program be\u00e1ll\u00edt\u00e1sok.<\/p>\n<p>Weblap k\u00e9sz\u00edt\u00e9s, domain n\u00e9v regisztr\u00e1ci\u00f3val \u00e9s t\u00e1rhely-szolg\u00e1ltat\u00e1sokkal.<\/p>\n<h3><\/h3>\n<p>&nbsp;<\/p>\n<h4 class=\"ar-cim\"><a><\/a>\u00c1raink<\/h4>\n<div class=\"table-responsive\">\n<table class=\"table table-hover\" border=\"0\" cellspacing=\"0\" cellpadding=\"0\" align=\"center\">\n<tbody>\n<tr class=\"ar-kiemelt\">\n<td id=\"vonal2\" style=\"padding-left: 10px;\"><strong>Kisz\u00e1ll\u00e1s<\/strong><\/td>\n<td style=\"text-align: center;\"><strong>\u00e1r<\/strong><\/td>\n<\/tr>\n<tr>\n<td id=\"vonal2\" style=\"padding-left: 10px;\">G\u00e1rdony<\/td>\n<td style=\"text-align: center;\"><strong>1.000<\/strong> Ft<\/td>\n<\/tr>\n<tr class=\"ar-szurke\">\n<td id=\"vonal2\" style=\"padding-left: 10px;\">Ag\u00e1rd<\/td>\n<td style=\"text-align: center;\"><strong>1.000<\/strong> Ft<\/td>\n<\/tr>\n<tr>\n<td id=\"vonal2\" style=\"padding-left: 10px;\">Velence<\/td>\n<td style=\"text-align: center;\"><strong>1.000<\/strong> Ft<\/td>\n<\/tr>\n<tr class=\"ar-szurke\">\n<td id=\"vonal2\" style=\"padding-left: 10px;\">Dinny\u00e9s<\/td>\n<td style=\"text-align: center;\"><strong>3.000<\/strong> Ft<\/td>\n<\/tr>\n<tr>\n<td id=\"vonal2\" style=\"padding-left: 10px;\">Zichy\u00fajfalu<\/td>\n<td style=\"text-align: center;\"><strong>4.500<\/strong> Ft<\/td>\n<\/tr>\n<tr class=\"ar-szurke\">\n<td id=\"vonal2\" style=\"padding-left: 10px;\">K\u00e1poln\u00e1sny\u00e9k<\/td>\n<td style=\"text-align: center;\"><strong>3.500<\/strong> Ft<\/td>\n<\/tr>\n<tr>\n<td id=\"vonal2\" style=\"padding-left: 10px;\">P\u00e1kozd<\/td>\n<td style=\"text-align: center;\"><strong>4.500<\/strong> Ft<\/td>\n<\/tr>\n<tr class=\"ar-szurke\">\n<td id=\"vonal2\" style=\"padding-left: 10px;\">P\u00e1zm\u00e1nd<\/td>\n<td style=\"text-align: center;\"><strong>4.500<\/strong> Ft<\/td>\n<\/tr>\n<tr>\n<td id=\"vonal2\" style=\"padding-left: 10px;\">Sukor\u00f3<\/td>\n<td style=\"text-align: center;\"><strong>3.500<\/strong> Ft<\/td>\n<\/tr>\n<\/tbody>\n<\/table>\n<\/div>\n<h3 style=\"text-align: center;\">\u00a0\u00a0Rezsi \u00f3rad\u00edj: 5.000 Ft<\/h3>\n<h6 style=\"text-align: center;\">\u00c1raink v\u00e9gfelhaszn\u00e1l\u00f3i \u00e1rak, mag\u00e1nszem\u00e9lyek r\u00e9sz\u00e9re nem tartalmaznak \u00c1FA-t,<br \/>\nc\u00e9ges megrendel\u00e9s eset\u00e9n +27% \u00c1FA-t meg kell fizetni!<\/h6>\n","protected":false},"excerpt":{"rendered":"<p>Sz\u00e1m\u00edt\u00f3g\u00e9p jav\u00edt\u00e1s &#8211; Ak\u00e1r az \u00d6n otthon\u00e1ban is Velence\u00a0\/ G\u00e1rdony\u00a0\/ Ag\u00e1rd &#8211; kisz\u00e1ll\u00e1si d\u00edj n\u00e9lk\u00fcl! \u00daj sz\u00e1m\u00edt\u00f3g\u00e9p konfigur\u00e1ci\u00f3k \u00f6ssze\u00e1ll\u00edt\u00e1sa V\u00e1llaljuk \u00faj sz\u00e1m\u00edt\u00f3g\u00e9p-konfigur\u00e1ci\u00f3 \u00f6ssze\u00e1ll\u00edt\u00e1s\u00e1t\u00a0az \u00d6n egyedi&#8230;<\/p>\n","protected":false},"author":1,"featured_media":727,"parent":61,"menu_order":0,"comment_status":"closed","ping_status":"closed","template":"page_fullwidth.php","meta":{"footnotes":""},"class_list":["post-79","page","type-page","status-publish","has-post-thumbnail","hentry"],"_links":{"self":[{"href":"https:\/\/showcase.westerlike.net\/Timba\/wp-json\/wp\/v2\/pages\/79","targetHints":{"allow":["GET"]}}],"collection":[{"href":"https:\/\/showcase.westerlike.net\/Timba\/wp-json\/wp\/v2\/pages"}],"about":[{"href":"https:\/\/showcase.westerlike.net\/Timba\/wp-json\/wp\/v2\/types\/page"}],"author":[{"embeddable":true,"href":"https:\/\/showcase.westerlike.net\/Timba\/wp-json\/wp\/v2\/users\/1"}],"replies":[{"embeddable":true,"href":"https:\/\/showcase.westerlike.net\/Timba\/wp-json\/wp\/v2\/comments?post=79"}],"version-history":[{"count":0,"href":"https:\/\/showcase.westerlike.net\/Timba\/wp-json\/wp\/v2\/pages\/79\/revisions"}],"up":[{"embeddable":true,"href":"https:\/\/showcase.westerlike.net\/Timba\/wp-json\/wp\/v2\/pages\/61"}],"wp:featuredmedia":[{"embeddable":true,"href":"https:\/\/showcase.westerlike.net\/Timba\/wp-json\/wp\/v2\/media\/727"}],"wp:attachment":[{"href":"https:\/\/showcase.westerlike.net\/Timba\/wp-json\/wp\/v2\/media?parent=79"}],"curies":[{"name":"wp","href":"https:\/\/api.w.org\/{rel}","templated":true}]}}