{"id":8660,"date":"2020-04-17T07:23:44","date_gmt":"2020-04-17T07:23:44","guid":{"rendered":"https:\/\/showcase.westerlike.net\/Timba\/?page_id=8660"},"modified":"2020-04-17T07:23:44","modified_gmt":"2020-04-17T07:23:44","slug":"suti-cookie-hasznalat","status":"publish","type":"page","link":"https:\/\/showcase.westerlike.net\/Timba\/suti-cookie-hasznalat\/","title":{"rendered":"S\u00fcti (&#8222;cookie&#8221;) haszn\u00e1lat"},"content":{"rendered":"<p>A s\u00fctik (&#8222;cookie-k&#8221;) olyan r\u00f6vid sz\u00f6veges f\u00e1jlok, amelyeket a megtekintett weboldalak helyeznek el a sz\u00e1m\u00edt\u00f3g\u00e9p b\u00f6ng\u00e9sz\u0151j\u00e9ben. A s\u00fctik nem csatlakoznak az \u00d6n rendszer\u00e9hez, \u00e9s nem k\u00e1ros\u00edtj\u00e1k az \u00d6n f\u00e1jljait.<\/p>\n<p>A s\u00fctik lehetnek &#8222;\u00e1lland\u00f3&#8221; vagy &#8222;ideiglenes&#8221; s\u00fctik. Az \u00e1lland\u00f3 s\u00fctiket a b\u00f6ng\u00e9sz\u0151 egy meghat\u00e1rozott id\u0151pontig t\u00e1rolja, felt\u00e9ve, hogy azokat a felhaszn\u00e1l\u00f3 kor\u00e1bban nem t\u00f6rli. Az ideiglenes s\u00fctiket azonban a b\u00f6ng\u00e9sz\u0151 nem t\u00e1rolja, azok a b\u00f6ng\u00e9sz\u0151 bez\u00e1r\u00e1s\u00e1val automatikusan t\u00f6rl\u0151dnek.<\/p>\n<p>Annak \u00e9rdek\u00e9ben, hogy weboldalunk a lehet\u0151 leghat\u00e9konyabban m\u0171k\u00f6dj\u00f6n, mi is s\u00fctiket haszn\u00e1lunk. A s\u00fctik \u00e1ltal honlapunk felismeri a visszat\u00e9r\u0151 felhaszn\u00e1l\u00f3kat, valamint lehet\u0151v\u00e9 teszik sz\u00e1munkra, hogy adatokat gy\u0171jts\u00fcnk felhaszn\u00e1l\u00f3ink viselked\u00e9s\u00e9r\u0151l, p\u00e9ld\u00e1ul arr\u00f3l, hogy \u00d6n melyik orsz\u00e1gban csatlakozott weboldalunkhoz, milyen b\u00f6ng\u00e9sz\u0151 szoftvert \u00e9s oper\u00e1ci\u00f3s rendszert haszn\u00e1l, mi az IP-c\u00edme, milyen oldalakat tekintett meg honlapunkon, mely funkci\u00f3kat haszn\u00e1lta, stb. Szem\u00e9lyes azonos\u00edt\u00e1sra alkalmas adatokat azonban nem gy\u0171jt\u00fcnk, kiv\u00e9ve, ha azokat \u00d6n \u00f6nk\u00e9nt adja meg. Az adatokat honlapunk tov\u00e1bbfejleszt\u00e9s\u00e9hez, l\u00e1togatotts\u00e1gunk elemz\u00e9s\u00e9hez, rekl\u00e1mstrat\u00e9gi\u00e1nkhoz haszn\u00e1ljuk fel.<\/p>\n<p>Amennyiben a s\u00fctik elhelyez\u00e9s\u00e9hez \u00d6n nem j\u00e1rul hozz\u00e1, azt a saj\u00e1t b\u00f6ng\u00e9sz\u0151j\u00e9ben elv\u00e9gzett be\u00e1ll\u00edt\u00e1sok (tilt\u00e1s, visszavon\u00e1s) \u00fatj\u00e1n teheti meg. Ebben az esetben ez weboldalunk bizonyos szolg\u00e1ltat\u00e1sainak ig\u00e9nybev\u00e9tel\u00e9t korl\u00e1tozhatja vagy megakad\u00e1lyozhatja.<\/p>\n","protected":false},"excerpt":{"rendered":"<p>A s\u00fctik (&#8222;cookie-k&#8221;) olyan r\u00f6vid sz\u00f6veges f\u00e1jlok, amelyeket a megtekintett weboldalak helyeznek el a sz\u00e1m\u00edt\u00f3g\u00e9p b\u00f6ng\u00e9sz\u0151j\u00e9ben. A s\u00fctik nem csatlakoznak az \u00d6n rendszer\u00e9hez, \u00e9s nem&#8230;<\/p>\n","protected":false},"author":1,"featured_media":0,"parent":0,"menu_order":0,"comment_status":"closed","ping_status":"closed","template":"page_fullwidth.php","meta":{"footnotes":""},"class_list":["post-8660","page","type-page","status-publish","hentry"],"_links":{"self":[{"href":"https:\/\/showcase.westerlike.net\/Timba\/wp-json\/wp\/v2\/pages\/8660","targetHints":{"allow":["GET"]}}],"collection":[{"href":"https:\/\/showcase.westerlike.net\/Timba\/wp-json\/wp\/v2\/pages"}],"about":[{"href":"https:\/\/showcase.westerlike.net\/Timba\/wp-json\/wp\/v2\/types\/page"}],"author":[{"embeddable":true,"href":"https:\/\/showcase.westerlike.net\/Timba\/wp-json\/wp\/v2\/users\/1"}],"replies":[{"embeddable":true,"href":"https:\/\/showcase.westerlike.net\/Timba\/wp-json\/wp\/v2\/comments?post=8660"}],"version-history":[{"count":0,"href":"https:\/\/showcase.westerlike.net\/Timba\/wp-json\/wp\/v2\/pages\/8660\/revisions"}],"wp:attachment":[{"href":"https:\/\/showcase.westerlike.net\/Timba\/wp-json\/wp\/v2\/media?parent=8660"}],"curies":[{"name":"wp","href":"https:\/\/api.w.org\/{rel}","templated":true}]}}