{"id":9390,"date":"2022-02-08T14:01:44","date_gmt":"2022-02-08T14:01:44","guid":{"rendered":"https:\/\/xstore.8theme.com\/elementor\/demos\/water-delivery\/cart\/"},"modified":"2022-02-08T14:01:44","modified_gmt":"2022-02-08T14:01:44","slug":"cart","status":"publish","type":"page","link":"https:\/\/showcase.westerlike.net\/Timba\/cart\/","title":{"rendered":"Cart"},"content":{"rendered":"<div class=\"woocommerce\">\r\n<div class=\"woocommerce-notices-wrapper\"><\/div><div class=\"wc-empty-cart-message\">\n\t<div class=\"cart-empty woocommerce-info\">\n\t\tJelenleg \u00fcres a bev\u00e1s\u00e1rl\u00f3kos\u00e1r.\t<\/div>\n<\/div>\r\n<div class=\"cart-empty empty-cart-block wc-empty-cart-message\">\r\n\t\t\t<h1 style=\"text-align: center;\">YOUR SHOPPING CART IS EMPTY<\/h1><p style=\"text-align: center;\">We invite you to get acquainted with an assortment of our shop. Surely you can find something for yourself!<\/p> \t\t\t\t<p><a class=\"btn black\" href=\"https:\/\/showcase.westerlike.net\/Timba\/shop\/\"><span>Return To Shop<\/span><\/a><\/p>\r\n\t<\/div><\/div>","protected":false},"excerpt":{"rendered":"","protected":false},"author":35,"featured_media":0,"parent":0,"menu_order":0,"comment_status":"closed","ping_status":"closed","template":"","meta":{"footnotes":""},"class_list":["post-9390","page","type-page","status-publish","hentry"],"_links":{"self":[{"href":"https:\/\/showcase.westerlike.net\/Timba\/wp-json\/wp\/v2\/pages\/9390","targetHints":{"allow":["GET"]}}],"collection":[{"href":"https:\/\/showcase.westerlike.net\/Timba\/wp-json\/wp\/v2\/pages"}],"about":[{"href":"https:\/\/showcase.westerlike.net\/Timba\/wp-json\/wp\/v2\/types\/page"}],"author":[{"embeddable":true,"href":"https:\/\/showcase.westerlike.net\/Timba\/wp-json\/wp\/v2\/users\/35"}],"replies":[{"embeddable":true,"href":"https:\/\/showcase.westerlike.net\/Timba\/wp-json\/wp\/v2\/comments?post=9390"}],"version-history":[{"count":0,"href":"https:\/\/showcase.westerlike.net\/Timba\/wp-json\/wp\/v2\/pages\/9390\/revisions"}],"wp:attachment":[{"href":"https:\/\/showcase.westerlike.net\/Timba\/wp-json\/wp\/v2\/media?parent=9390"}],"curies":[{"name":"wp","href":"https:\/\/api.w.org\/{rel}","templated":true}]}}