{"id":8605,"date":"2020-04-08T12:19:10","date_gmt":"2020-04-08T12:19:10","guid":{"rendered":"https:\/\/showcase.westerlike.net\/Timba\/?post_type=product&#038;p=8605"},"modified":"2020-05-29T10:00:35","modified_gmt":"2020-05-29T10:00:35","slug":"mol-hygi-flow-rapid-alkoholos-felulet-tisztito-folyadek-fertotlenito-2000-ml","status":"publish","type":"product","link":"https:\/\/showcase.westerlike.net\/Timba\/termek\/mol-hygi-flow-rapid-alkoholos-felulet-tisztito-folyadek-fertotlenito-2000-ml\/","title":{"rendered":"MOL Hygi Flow Rapid alkoholos fel\u00fclet tiszt\u00edt\u00f3 folyad\u00e9k (fert\u0151tlen\u00edt\u0151, 2000 ml)"},"content":{"rendered":"<p>A MOL Hygi Flow Rapid haszn\u00e1latra k\u00e9sz, gyorshat\u00e1s\u00fa fel\u00fcletfert\u0151tlen\u00edt\u0151 folyad\u00e9k.<br \/>\nAlkohol\u00e1ll\u00f3 fel\u00fcletek fert\u0151tlen\u00edt\u00e9s\u00e9re alkalmas.<br \/>\nAlkalmaz\u00e1sa egyszer\u0171 \u00e9s biztons\u00e1gos, \u00edgy haszn\u00e1lata javasolt otthoni k\u00f6r\u00fclm\u00e9nyek k\u00f6z\u00f6tt, valamint Iskol\u00e1kban, int\u00e9zm\u00e9nyekben.<br \/>\nHat\u00e1sspektrum:<br \/>\n-baktericid (MRSA is bele\u00e9rtve)<br \/>\n-fungicid, virucid (burkos \u00e9s burok n\u00e9lk\u00fcli v\u00edrusok)<br \/>\n-tuberkolocid,levurocid (yeasticid)<br \/>\n-mykobaktericid.<\/p>\n<p>Felhaszn\u00e1l\u00e1s:<br \/>\n\u00d6ntse az oldatot egy egyszer haszn\u00e1latos kend\u0151re, vagy a kezelend\u0151 fel\u00fcletre, majd oszlassa el egyenletesen.<br \/>\n\u00dcgyeljen arra, hogy a teljes fel\u00fclet nedves\u00edtve legyen. A megfelel\u0151 hat\u00e1s \u00e9rdek\u00e9ben a behat\u00e1si id\u0151 eltelt\u00e9ig kell alkalmazni, mialatt a fel\u00fclet maradjon folyamatosan nedves\u00edtett. Behat\u00e1si id\u0151: 1 perc.<br \/>\nFert\u0151tlen\u00edt\u00e9s ut\u00e1n \u00f6bl\u00edt\u00e9s nem sz\u00fcks\u00e9ges.<\/p>\n<p>Alkalmaz\u00e1si ter\u00fclet:<br \/>\n-Alkohol\u00e1ll\u00f3 fel\u00fcletek fert\u0151tlen\u00edt\u00e9se.<br \/>\n-V\u00edrusok, bakt\u00e9riumok \u00e9s gomb\u00e1k ellen.<\/p>\n<p>Term\u00e9k saj\u00e1toss\u00e1gai:<br \/>\n-Kiv\u00e1l\u00f3 fert\u0151tlen\u00edt\u0151 hat\u00e1s.<br \/>\n-Egyszer\u0171en haszn\u00e1lhat\u00f3.<\/p>\n<p>Mi\u00e9rt \u00e9rdemes a term\u00e9ket v\u00e1lasztani:<br \/>\n-Gyorsan \u00e9s hat\u00e9konyan fert\u0151tlen\u00edt.<br \/>\n-Cs\u00f6kkenti a fert\u0151z\u00e9ses megbeteged\u00e9sek kialakul\u00e1s\u00e1nak kock\u00e1zat\u00e1t.<br \/>\n-K\u00f6zvetlen\u00fcl haszn\u00e1lhat\u00f3 a fel\u00fcleteken.<br \/>\n-Nem ig\u00e9nyel \u00f6bl\u00edt\u00e9st.<br \/>\n-V\u00edz n\u00e9lk\u00fcl fert\u0151tlen\u00edt.<br \/>\n-Ide\u00e1lisan haszn\u00e1lhat\u00f3 otthoni k\u00f6r\u00fclm\u00e9nyek k\u00f6z\u00f6tt, iskol\u00e1kban, int\u00e9zm\u00e9nyekben.<\/p>\n<p>Specifik\u00e1ci\u00f3k \u00e9s j\u00f3v\u00e1hagy\u00e1sok:<br \/>\nNemzeti N\u00e9peg\u00e9szs\u00e9g\u00fcgyi K\u00f6zpont HU-2020-IDEIGLENES-2-00006 enged\u00e9ly<\/p>\n<p>Min\u0151s\u00e9gi jellemz\u0151k:<br \/>\n-K\u00fcls\u0151: f\u00e9nyes, tiszta folyad\u00e9k<br \/>\n-S\u0171r\u0171s\u00e9g 15\u00b0C-on [g\/cm3]: 0,881<br \/>\n-pH: 6,3<\/p>\n<p>T\u00e1rol\u00e1si \u00e9s kezel\u00e9si el\u0151\u00edr\u00e1sok:<br \/>\n-V\u00edzt\u0151l \u00e9s t\u0171z\u0151 napt\u00f3l v\u00e9dett helyen, az eredeti kiszerel\u00e9sben, l\u00e9gmentesen lez\u00e1rva, \u00e9lelmiszerekt\u0151l elk\u00fcl\u00f6n\u00edtve, gyermekekt\u0151l, elz\u00e1rt helyen t\u00e1roland\u00f3.<br \/>\n-Az aj\u00e1nlott t\u00e1rol\u00e1si k\u00f6r\u00fclm\u00e9nyek betart\u00e1sa mellett, bontatlan g\u00f6ngy\u00f6legben a szavatoss\u00e1gi id\u0151: 36 h\u00f3nap<br \/>\n-Aj\u00e1nlott t\u00e1rol\u00e1si h\u0151m\u00e9rs\u00e9klet: -60\u00b0C &#8211; +35\u00b0C<\/p>\n","protected":false},"excerpt":{"rendered":"<p>A MOL Hygi Flow Rapid haszn\u00e1latra k\u00e9sz, gyorshat\u00e1s\u00fa fel\u00fcletfert\u0151tlen\u00edt\u0151 folyad\u00e9k.<br \/>\nAlkohol\u00e1ll\u00f3 fel\u00fcletek fert\u0151tlen\u00edt\u00e9s\u00e9re alkalmas.<br \/>\nAlkalmaz\u00e1sa egyszer\u0171 \u00e9s biztons\u00e1gos, \u00edgy haszn\u00e1lata javasolt otthoni k\u00f6r\u00fclm\u00e9nyek k\u00f6z\u00f6tt, valamint Iskol\u00e1kban, int\u00e9zm\u00e9nyekben.<br \/>\nHat\u00e1sspektrum:<br \/>\n-baktericid (MRSA is bele\u00e9rtve)<br \/>\n-fungicid, virucid (burkos \u00e9s burok n\u00e9lk\u00fcli v\u00edrusok)<br \/>\n-tuberkolocid,levurocid (yeasticid)<br \/>\n-mykobaktericid.<\/p>\n","protected":false},"featured_media":8606,"template":"","meta":[],"etheme_brands":[],"product_brand":[],"product_cat":[51,64],"product_tag":[76,70,69],"class_list":{"0":"post-8605","1":"product","2":"type-product","3":"status-publish","4":"has-post-thumbnail","6":"product_cat-fertotlenitoszerek","7":"product_cat-higieniai-termekek","8":"product_tag-feertotlenito","9":"product_tag-hygi","10":"product_tag-mol","12":"first","13":"instock","14":"sale","15":"taxable","16":"shipping-taxable","17":"purchasable","18":"product-type-simple"},"_links":{"self":[{"href":"https:\/\/showcase.westerlike.net\/Timba\/wp-json\/wp\/v2\/product\/8605","targetHints":{"allow":["GET"]}}],"collection":[{"href":"https:\/\/showcase.westerlike.net\/Timba\/wp-json\/wp\/v2\/product"}],"about":[{"href":"https:\/\/showcase.westerlike.net\/Timba\/wp-json\/wp\/v2\/types\/product"}],"version-history":[{"count":0,"href":"https:\/\/showcase.westerlike.net\/Timba\/wp-json\/wp\/v2\/product\/8605\/revisions"}],"wp:featuredmedia":[{"embeddable":true,"href":"https:\/\/showcase.westerlike.net\/Timba\/wp-json\/wp\/v2\/media\/8606"}],"wp:attachment":[{"href":"https:\/\/showcase.westerlike.net\/Timba\/wp-json\/wp\/v2\/media?parent=8605"}],"wp:term":[{"taxonomy":"brand","embeddable":true,"href":"https:\/\/showcase.westerlike.net\/Timba\/wp-json\/wp\/v2\/etheme_brands?post=8605"},{"taxonomy":"product_brand","embeddable":true,"href":"https:\/\/showcase.westerlike.net\/Timba\/wp-json\/wp\/v2\/product_brand?post=8605"},{"taxonomy":"product_cat","embeddable":true,"href":"https:\/\/showcase.westerlike.net\/Timba\/wp-json\/wp\/v2\/product_cat?post=8605"},{"taxonomy":"product_tag","embeddable":true,"href":"https:\/\/showcase.westerlike.net\/Timba\/wp-json\/wp\/v2\/product_tag?post=8605"}],"curies":[{"name":"wp","href":"https:\/\/api.w.org\/{rel}","templated":true}]}}