{"id":8652,"date":"2020-04-16T12:47:32","date_gmt":"2020-04-16T12:47:32","guid":{"rendered":"https:\/\/showcase.westerlike.net\/Timba\/?post_type=product&#038;p=8652"},"modified":"2020-09-02T08:45:22","modified_gmt":"2020-09-02T08:45:22","slug":"orvosi-szajmaszk-3-retegu","status":"publish","type":"product","link":"https:\/\/showcase.westerlike.net\/Timba\/termek\/orvosi-szajmaszk-3-retegu\/","title":{"rendered":"Orvosi sz\u00e1jmaszk 3 r\u00e9teg\u0171 (arcmaszk) gumis"},"content":{"rendered":"<h5><span style=\"font-family: Arial;\"><b>3 r\u00e9teg\u0171 sz\u00e1jmaszk<\/b><\/span><\/h5>\n<p><span style=\"font-family: Arial;\">\u2022 V\u00e9dd magad \u00e9s k\u00f6rnyezeted eg\u00e9szs\u00e9g\u00e9t ezzel a h\u00e1rom r\u00e9teg\u0171 sz\u00e1jmaszkkal!<\/span><\/p>\n<p><span style=\"font-family: Arial;\">\u2022 R\u00e9teges kialak\u00edt\u00e1sa biztons\u00e1gosabb\u00e1 teszi a h\u00e9tk\u00f6znapi \u00e9letet, hiszen a r\u00e9tegek hat\u00e9konyabb sz\u0171r\u00e9st biztos\u00edtanak<\/span><\/p>\n<p><span style=\"font-family: Arial;\">\u2022 Ergonomikus kialak\u00edt\u00e1s\u00e1nak k\u00f6sz\u00f6nhet\u0151en visel\u00e9se k\u00f6nny\u0171, alig \u00e9rezhet\u0151 \u00e9s kiv\u00e1l\u00f3an illeszkedik arcodhoz<\/span><\/p>\n<p><span style=\"font-family: Arial;\">\u2022 A gumis r\u00f6gz\u00edt\u00e9snek k\u00f6sz\u00f6nhet\u0151en b\u00e1rmilyen fejform\u00e1n kiv\u00e1l\u00f3 v\u00e9delmet biztos\u00edt<\/span><\/p>\n<h5><span style=\"font-family: Arial;\"><b>F\u0151bb tulajdons\u00e1gok:<\/b><\/span><\/h5>\n<p><span style=\"font-family: Arial;\">\u2022 H\u00e1rom r\u00e9teg\u0171 kialak\u00edt\u00e1s<\/span><\/p>\n<p><span style=\"font-family: Arial;\">\u2022 Nagy sz\u0171r\u00e9si kapacit\u00e1s<\/span><\/p>\n<p><span style=\"font-family: Arial;\">\u2022 Ergonomikus forma gumis r\u00f6gz\u00edt\u00e9ssel<\/span><\/p>\n<p><span style=\"font-family: Arial;\">\u2022 Hipoallerg\u00e9n<\/span><\/p>\n<p><span style=\"font-family: Arial;\">\u2022 Eldobhat\u00f3<\/span><\/p>\n","protected":false},"excerpt":{"rendered":"<h5><span style=\"font-family: Arial;\"><b>3 r\u00e9teg\u0171 sz\u00e1jmaszk<\/b><\/span><\/h5>\n<p><span style=\"font-family: Arial;\">\u2022 V\u00e9dd magad \u00e9s k\u00f6rnyezeted eg\u00e9szs\u00e9g\u00e9t ezzel a h\u00e1rom r\u00e9teg\u0171 sz\u00e1jmaszkkal!<\/span><\/p>\n<p><span style=\"font-family: Arial;\">\u2022 R\u00e9teges kialak\u00edt\u00e1sa biztons\u00e1gosabb\u00e1 teszi a h\u00e9tk\u00f6znapi \u00e9letet, hiszen a r\u00e9tegek hat\u00e9konyabb sz\u0171r\u00e9st biztos\u00edtanak<\/span><\/p>\n<p><span style=\"font-family: Arial;\">\u2022 Ergonomikus kialak\u00edt\u00e1s\u00e1nak k\u00f6sz\u00f6nhet\u0151en visel\u00e9se k\u00f6nny\u0171, alig \u00e9rezhet\u0151 \u00e9s kiv\u00e1l\u00f3an illeszkedik arcodhoz<\/span><\/p>\n<p><span style=\"font-family: Arial;\">\u2022A gumis r\u00f6gz\u00edt\u00e9snek k\u00f6sz\u00f6nhet\u0151en b\u00e1rmilyen fejform\u00e1n kiv\u00e1l\u00f3 v\u00e9delmet biztos\u00edt<\/span><\/p>\n<h5><span style=\"font-family: Arial;\"><b>F\u0151bb tulajdons\u00e1gok:<\/b><\/span><\/h5>\n<p><span style=\"font-family: Arial;\">\u2022 H\u00e1rom r\u00e9teg\u0171 kialak\u00edt\u00e1s<\/span><\/p>\n<p><span style=\"font-family: Arial;\">\u2022 Nagy sz\u0171r\u00e9si kapacit\u00e1s<\/span><\/p>\n<p><span style=\"font-family: Arial;\">\u2022 Ergonomikus forma gumis r\u00f6gz\u00edt\u00e9ssel<\/span><\/p>\n<p><span style=\"font-family: Arial;\">\u2022 Hipoallerg\u00e9n<\/span><\/p>\n<p><span style=\"font-family: Arial;\">\u2022 Eldobhat\u00f3<\/span><\/p>\n","protected":false},"featured_media":8653,"template":"","meta":[],"etheme_brands":[],"product_brand":[],"product_cat":[64,65],"product_tag":[],"class_list":{"0":"post-8652","1":"product","2":"type-product","3":"status-publish","4":"has-post-thumbnail","6":"product_cat-higieniai-termekek","7":"product_cat-vedomaszkok","9":"first","10":"instock","11":"taxable","12":"shipping-taxable","13":"purchasable","14":"product-type-simple"},"_links":{"self":[{"href":"https:\/\/showcase.westerlike.net\/Timba\/wp-json\/wp\/v2\/product\/8652","targetHints":{"allow":["GET"]}}],"collection":[{"href":"https:\/\/showcase.westerlike.net\/Timba\/wp-json\/wp\/v2\/product"}],"about":[{"href":"https:\/\/showcase.westerlike.net\/Timba\/wp-json\/wp\/v2\/types\/product"}],"version-history":[{"count":0,"href":"https:\/\/showcase.westerlike.net\/Timba\/wp-json\/wp\/v2\/product\/8652\/revisions"}],"wp:featuredmedia":[{"embeddable":true,"href":"https:\/\/showcase.westerlike.net\/Timba\/wp-json\/wp\/v2\/media\/8653"}],"wp:attachment":[{"href":"https:\/\/showcase.westerlike.net\/Timba\/wp-json\/wp\/v2\/media?parent=8652"}],"wp:term":[{"taxonomy":"brand","embeddable":true,"href":"https:\/\/showcase.westerlike.net\/Timba\/wp-json\/wp\/v2\/etheme_brands?post=8652"},{"taxonomy":"product_brand","embeddable":true,"href":"https:\/\/showcase.westerlike.net\/Timba\/wp-json\/wp\/v2\/product_brand?post=8652"},{"taxonomy":"product_cat","embeddable":true,"href":"https:\/\/showcase.westerlike.net\/Timba\/wp-json\/wp\/v2\/product_cat?post=8652"},{"taxonomy":"product_tag","embeddable":true,"href":"https:\/\/showcase.westerlike.net\/Timba\/wp-json\/wp\/v2\/product_tag?post=8652"}],"curies":[{"name":"wp","href":"https:\/\/api.w.org\/{rel}","templated":true}]}}