{"id":8814,"date":"2020-05-08T11:26:43","date_gmt":"2020-05-08T11:26:43","guid":{"rendered":"https:\/\/showcase.westerlike.net\/Timba\/?post_type=product&#038;p=8814"},"modified":"2021-04-08T09:16:51","modified_gmt":"2021-04-08T09:16:51","slug":"max2fo","status":"publish","type":"product","link":"https:\/\/showcase.westerlike.net\/Timba\/termek\/max2fo\/","title":{"rendered":"Max. 2 f\u0151 matrica \/ t\u00e1bla"},"content":{"rendered":"","protected":false},"excerpt":{"rendered":"<p>Figyelemfelh\u00edv\u00f3 m\u0171anyag (vinyl) alap\u00fa matrica, vagy t\u00e1bla nyomtatva.<\/p>\n","protected":false},"featured_media":9008,"template":"","meta":[],"etheme_brands":[],"product_brand":[],"product_cat":[66,67,68],"product_tag":[],"class_list":{"0":"post-8814","1":"product","2":"type-product","3":"status-publish","4":"has-post-thumbnail","6":"product_cat-covid-19-kiirasok","7":"product_cat-matricak","8":"product_cat-tablak","10":"first","11":"instock","12":"taxable","13":"shipping-taxable","14":"purchasable","15":"product-type-variable","16":"has-default-attributes"},"_links":{"self":[{"href":"https:\/\/showcase.westerlike.net\/Timba\/wp-json\/wp\/v2\/product\/8814","targetHints":{"allow":["GET"]}}],"collection":[{"href":"https:\/\/showcase.westerlike.net\/Timba\/wp-json\/wp\/v2\/product"}],"about":[{"href":"https:\/\/showcase.westerlike.net\/Timba\/wp-json\/wp\/v2\/types\/product"}],"version-history":[{"count":0,"href":"https:\/\/showcase.westerlike.net\/Timba\/wp-json\/wp\/v2\/product\/8814\/revisions"}],"wp:featuredmedia":[{"embeddable":true,"href":"https:\/\/showcase.westerlike.net\/Timba\/wp-json\/wp\/v2\/media\/9008"}],"wp:attachment":[{"href":"https:\/\/showcase.westerlike.net\/Timba\/wp-json\/wp\/v2\/media?parent=8814"}],"wp:term":[{"taxonomy":"brand","embeddable":true,"href":"https:\/\/showcase.westerlike.net\/Timba\/wp-json\/wp\/v2\/etheme_brands?post=8814"},{"taxonomy":"product_brand","embeddable":true,"href":"https:\/\/showcase.westerlike.net\/Timba\/wp-json\/wp\/v2\/product_brand?post=8814"},{"taxonomy":"product_cat","embeddable":true,"href":"https:\/\/showcase.westerlike.net\/Timba\/wp-json\/wp\/v2\/product_cat?post=8814"},{"taxonomy":"product_tag","embeddable":true,"href":"https:\/\/showcase.westerlike.net\/Timba\/wp-json\/wp\/v2\/product_tag?post=8814"}],"curies":[{"name":"wp","href":"https:\/\/api.w.org\/{rel}","templated":true}]}}