{"id":8825,"date":"2020-05-08T11:58:43","date_gmt":"2020-05-08T11:58:43","guid":{"rendered":"https:\/\/showcase.westerlike.net\/Timba\/?post_type=product&#038;p=8825"},"modified":"2020-09-17T15:03:25","modified_gmt":"2020-09-17T15:03:25","slug":"tartson-2-meter-tavolsagot-matrica","status":"publish","type":"product","link":"https:\/\/showcase.westerlike.net\/Timba\/termek\/tartson-2-meter-tavolsagot-matrica\/","title":{"rendered":"Tartson 2 m\u00e9ter t\u00e1vols\u00e1got matrica"},"content":{"rendered":"","protected":false},"excerpt":{"rendered":"<p>Figyelemfelh\u00edv\u00f3 m\u0171anyag (vinyl) alap\u00fa matrica norm\u00e1l fel\u00fcletre, vagy padl\u00f3ra<\/p>\n","protected":false},"featured_media":8834,"template":"","meta":[],"etheme_brands":[],"product_brand":[],"product_cat":[66,67,68],"product_tag":[82,83],"class_list":{"0":"post-8825","1":"product","2":"type-product","3":"status-publish","4":"has-post-thumbnail","6":"product_cat-covid-19-kiirasok","7":"product_cat-matricak","8":"product_cat-tablak","9":"product_tag-matrica","10":"product_tag-padlomatrica","12":"first","13":"instock","14":"taxable","15":"shipping-taxable","16":"purchasable","17":"product-type-variable"},"_links":{"self":[{"href":"https:\/\/showcase.westerlike.net\/Timba\/wp-json\/wp\/v2\/product\/8825","targetHints":{"allow":["GET"]}}],"collection":[{"href":"https:\/\/showcase.westerlike.net\/Timba\/wp-json\/wp\/v2\/product"}],"about":[{"href":"https:\/\/showcase.westerlike.net\/Timba\/wp-json\/wp\/v2\/types\/product"}],"version-history":[{"count":0,"href":"https:\/\/showcase.westerlike.net\/Timba\/wp-json\/wp\/v2\/product\/8825\/revisions"}],"wp:featuredmedia":[{"embeddable":true,"href":"https:\/\/showcase.westerlike.net\/Timba\/wp-json\/wp\/v2\/media\/8834"}],"wp:attachment":[{"href":"https:\/\/showcase.westerlike.net\/Timba\/wp-json\/wp\/v2\/media?parent=8825"}],"wp:term":[{"taxonomy":"brand","embeddable":true,"href":"https:\/\/showcase.westerlike.net\/Timba\/wp-json\/wp\/v2\/etheme_brands?post=8825"},{"taxonomy":"product_brand","embeddable":true,"href":"https:\/\/showcase.westerlike.net\/Timba\/wp-json\/wp\/v2\/product_brand?post=8825"},{"taxonomy":"product_cat","embeddable":true,"href":"https:\/\/showcase.westerlike.net\/Timba\/wp-json\/wp\/v2\/product_cat?post=8825"},{"taxonomy":"product_tag","embeddable":true,"href":"https:\/\/showcase.westerlike.net\/Timba\/wp-json\/wp\/v2\/product_tag?post=8825"}],"curies":[{"name":"wp","href":"https:\/\/api.w.org\/{rel}","templated":true}]}}