{"id":9027,"date":"2021-04-08T09:41:35","date_gmt":"2021-04-08T09:41:35","guid":{"rendered":"https:\/\/showcase.westerlike.net\/Timba\/?post_type=product&#038;p=9027"},"modified":"2021-04-08T09:45:00","modified_gmt":"2021-04-08T09:45:00","slug":"kezfertotlenito-hasznalata-kotelezo-matrica-tabla-masolat","status":"publish","type":"product","link":"https:\/\/showcase.westerlike.net\/Timba\/termek\/kezfertotlenito-hasznalata-kotelezo-matrica-tabla-masolat\/","title":{"rendered":"K\u00e9zfert\u0151tlen\u00edt\u0151 haszn\u00e1lata k\u00f6telez\u0151 matrica \/ t\u00e1bla"},"content":{"rendered":"","protected":false},"excerpt":{"rendered":"","protected":false},"featured_media":9032,"template":"","meta":[],"etheme_brands":[],"product_brand":[],"product_cat":[66,67,68],"product_tag":[],"class_list":{"0":"post-9027","1":"product","2":"type-product","3":"status-publish","4":"has-post-thumbnail","6":"product_cat-covid-19-kiirasok","7":"product_cat-matricak","8":"product_cat-tablak","10":"first","11":"instock","12":"taxable","13":"shipping-taxable","14":"purchasable","15":"product-type-variable"},"_links":{"self":[{"href":"https:\/\/showcase.westerlike.net\/Timba\/wp-json\/wp\/v2\/product\/9027","targetHints":{"allow":["GET"]}}],"collection":[{"href":"https:\/\/showcase.westerlike.net\/Timba\/wp-json\/wp\/v2\/product"}],"about":[{"href":"https:\/\/showcase.westerlike.net\/Timba\/wp-json\/wp\/v2\/types\/product"}],"version-history":[{"count":0,"href":"https:\/\/showcase.westerlike.net\/Timba\/wp-json\/wp\/v2\/product\/9027\/revisions"}],"wp:featuredmedia":[{"embeddable":true,"href":"https:\/\/showcase.westerlike.net\/Timba\/wp-json\/wp\/v2\/media\/9032"}],"wp:attachment":[{"href":"https:\/\/showcase.westerlike.net\/Timba\/wp-json\/wp\/v2\/media?parent=9027"}],"wp:term":[{"taxonomy":"brand","embeddable":true,"href":"https:\/\/showcase.westerlike.net\/Timba\/wp-json\/wp\/v2\/etheme_brands?post=9027"},{"taxonomy":"product_brand","embeddable":true,"href":"https:\/\/showcase.westerlike.net\/Timba\/wp-json\/wp\/v2\/product_brand?post=9027"},{"taxonomy":"product_cat","embeddable":true,"href":"https:\/\/showcase.westerlike.net\/Timba\/wp-json\/wp\/v2\/product_cat?post=9027"},{"taxonomy":"product_tag","embeddable":true,"href":"https:\/\/showcase.westerlike.net\/Timba\/wp-json\/wp\/v2\/product_tag?post=9027"}],"curies":[{"name":"wp","href":"https:\/\/api.w.org\/{rel}","templated":true}]}}