{"id":9040,"date":"2021-04-08T10:18:40","date_gmt":"2021-04-08T10:18:40","guid":{"rendered":"https:\/\/showcase.westerlike.net\/Timba\/?post_type=product&#038;p=9040"},"modified":"2021-04-08T10:26:54","modified_gmt":"2021-04-08T10:26:54","slug":"ffp2-kn95-szajmaszk","status":"publish","type":"product","link":"https:\/\/showcase.westerlike.net\/Timba\/termek\/ffp2-kn95-szajmaszk\/","title":{"rendered":"FFP2 (KN95) (arcmaszk) gumis (10db\/csomag)"},"content":{"rendered":"<p>Minden arcmaszk f\u00e9m bet\u00e9ttel ell\u00e1tott, \u00edgy t\u00f6k\u00e9letesen az arc \u00e9s orr form\u00e1j\u00e1hoz igaz\u00edthat\u00f3, amivel cs\u00f6kken az oldalr\u00f3l be\u00e1raml\u00f3 leveg\u0151, \u00edgy n\u00f6vekszik a hat\u00e9konys\u00e1g.<\/p>\n<p>Csomagol\u00e1s: 10db\/csomag<\/p>\n<p><strong>Jellemz\u0151k:<\/strong><\/p>\n<ul>\n<li>Professzion\u00e1lis v\u00e9d\u0151maszk<\/li>\n<li>FFP2 (KN95) certifik\u00e1ci\u00f3<\/li>\n<li>&gt;95% sz\u0171r\u00e9si hat\u00e9konys\u00e1g<\/li>\n<li>\u00c1ll\u00edthat\u00f3 orr r\u00e9sz<\/li>\n<li>\u00d6sszehajthat\u00f3 t\u00edpus<\/li>\n<li>Nagy sz\u0171r\u00e9si kapacit\u00e1s<\/li>\n<li>Ergonomikus forma gumis r\u00f6gz\u00edt\u00e9ssel<\/li>\n<li>Hipoallerg\u00e9n<\/li>\n<li>Eldobhat\u00f3<\/li>\n<\/ul>\n","protected":false},"excerpt":{"rendered":"<p>Minden arcmaszk f\u00e9m bet\u00e9ttel ell\u00e1tott, \u00edgy t\u00f6k\u00e9letesen az arc \u00e9s orr form\u00e1j\u00e1hoz igaz\u00edthat\u00f3, amivel cs\u00f6kken az oldalr\u00f3l be\u00e1raml\u00f3 leveg\u0151, \u00edgy n\u00f6vekszik a hat\u00e9konys\u00e1g. Csomagol\u00e1s: 10db\/csomag&#8230;<\/p>\n","protected":false},"featured_media":9041,"template":"","meta":[],"etheme_brands":[],"product_brand":[],"product_cat":[64,65],"product_tag":[],"class_list":{"0":"post-9040","1":"product","2":"type-product","3":"status-publish","4":"has-post-thumbnail","6":"product_cat-higieniai-termekek","7":"product_cat-vedomaszkok","9":"first","10":"instock","11":"sale","12":"taxable","13":"shipping-taxable","14":"purchasable","15":"product-type-simple"},"_links":{"self":[{"href":"https:\/\/showcase.westerlike.net\/Timba\/wp-json\/wp\/v2\/product\/9040","targetHints":{"allow":["GET"]}}],"collection":[{"href":"https:\/\/showcase.westerlike.net\/Timba\/wp-json\/wp\/v2\/product"}],"about":[{"href":"https:\/\/showcase.westerlike.net\/Timba\/wp-json\/wp\/v2\/types\/product"}],"version-history":[{"count":0,"href":"https:\/\/showcase.westerlike.net\/Timba\/wp-json\/wp\/v2\/product\/9040\/revisions"}],"wp:featuredmedia":[{"embeddable":true,"href":"https:\/\/showcase.westerlike.net\/Timba\/wp-json\/wp\/v2\/media\/9041"}],"wp:attachment":[{"href":"https:\/\/showcase.westerlike.net\/Timba\/wp-json\/wp\/v2\/media?parent=9040"}],"wp:term":[{"taxonomy":"brand","embeddable":true,"href":"https:\/\/showcase.westerlike.net\/Timba\/wp-json\/wp\/v2\/etheme_brands?post=9040"},{"taxonomy":"product_brand","embeddable":true,"href":"https:\/\/showcase.westerlike.net\/Timba\/wp-json\/wp\/v2\/product_brand?post=9040"},{"taxonomy":"product_cat","embeddable":true,"href":"https:\/\/showcase.westerlike.net\/Timba\/wp-json\/wp\/v2\/product_cat?post=9040"},{"taxonomy":"product_tag","embeddable":true,"href":"https:\/\/showcase.westerlike.net\/Timba\/wp-json\/wp\/v2\/product_tag?post=9040"}],"curies":[{"name":"wp","href":"https:\/\/api.w.org\/{rel}","templated":true}]}}