{"id":9048,"date":"2021-04-08T11:24:20","date_gmt":"2021-04-08T11:24:20","guid":{"rendered":"https:\/\/showcase.westerlike.net\/Timba\/?post_type=product&#038;p=9048"},"modified":"2021-04-08T11:26:38","modified_gmt":"2021-04-08T11:26:38","slug":"dohanyzasra-kijelolt-hely-matrica-tabla","status":"publish","type":"product","link":"https:\/\/showcase.westerlike.net\/Timba\/termek\/dohanyzasra-kijelolt-hely-matrica-tabla\/","title":{"rendered":"Doh\u00e1nyz\u00e1sra kijel\u00f6lt hely matrica \/ t\u00e1bla (m\u00e1solat)"},"content":{"rendered":"","protected":false},"excerpt":{"rendered":"","protected":false},"featured_media":9053,"template":"","meta":[],"etheme_brands":[],"product_brand":[],"product_cat":[84],"product_tag":[],"class_list":{"0":"post-9048","1":"product","2":"type-product","3":"status-publish","4":"has-post-thumbnail","6":"product_cat-figyelmezteto-kiirasok","8":"first","9":"instock","10":"taxable","11":"shipping-taxable","12":"purchasable","13":"product-type-variable"},"_links":{"self":[{"href":"https:\/\/showcase.westerlike.net\/Timba\/wp-json\/wp\/v2\/product\/9048","targetHints":{"allow":["GET"]}}],"collection":[{"href":"https:\/\/showcase.westerlike.net\/Timba\/wp-json\/wp\/v2\/product"}],"about":[{"href":"https:\/\/showcase.westerlike.net\/Timba\/wp-json\/wp\/v2\/types\/product"}],"version-history":[{"count":0,"href":"https:\/\/showcase.westerlike.net\/Timba\/wp-json\/wp\/v2\/product\/9048\/revisions"}],"wp:featuredmedia":[{"embeddable":true,"href":"https:\/\/showcase.westerlike.net\/Timba\/wp-json\/wp\/v2\/media\/9053"}],"wp:attachment":[{"href":"https:\/\/showcase.westerlike.net\/Timba\/wp-json\/wp\/v2\/media?parent=9048"}],"wp:term":[{"taxonomy":"brand","embeddable":true,"href":"https:\/\/showcase.westerlike.net\/Timba\/wp-json\/wp\/v2\/etheme_brands?post=9048"},{"taxonomy":"product_brand","embeddable":true,"href":"https:\/\/showcase.westerlike.net\/Timba\/wp-json\/wp\/v2\/product_brand?post=9048"},{"taxonomy":"product_cat","embeddable":true,"href":"https:\/\/showcase.westerlike.net\/Timba\/wp-json\/wp\/v2\/product_cat?post=9048"},{"taxonomy":"product_tag","embeddable":true,"href":"https:\/\/showcase.westerlike.net\/Timba\/wp-json\/wp\/v2\/product_tag?post=9048"}],"curies":[{"name":"wp","href":"https:\/\/api.w.org\/{rel}","templated":true}]}}